{"id":35942,"date":"2026-02-27T00:32:17","date_gmt":"2026-02-27T00:32:17","guid":{"rendered":"https:\/\/nordicmart.andreevmaster.com\/product\/masterkidz-koulutuslevy-tekstuurien-ja-tuntoaistin-tunnistamiseen\/"},"modified":"2026-02-27T09:50:31","modified_gmt":"2026-02-27T09:50:31","slug":"masterkidz-koulutuslevy-tekstuurien-ja-tuntoaistin-tunnistamiseen","status":"publish","type":"product","link":"https:\/\/nordicmart.andreevmaster.com\/fi\/tuote\/masterkidz-koulutuslevy-tekstuurien-ja-tuntoaistin-tunnistamiseen\/","title":{"rendered":"MASTERKIDZ Koulutuslevy tekstuurien ja tuntoaistin tunnistamiseen"},"content":{"rendered":"<p>Tuntoaistin harjoittamiseen tarkoitettu aistitaulu on loistava opetuslelu, joka tukee lapsen aistien kehityst\u00e4, mutta my\u00f6s korvaamaton opetusv\u00e4line, jota voidaan menestyksekk\u00e4\u00e4sti k\u00e4ytt\u00e4\u00e4 p\u00e4iv\u00e4kodeissa, kouluissa ja my\u00f6s autismin, Aspergerin oireyhtym\u00e4n ja SI-h\u00e4iri\u00f6iden hoitoon erikoistuneissa klinikoissa.<\/p>\n<p>Leikkivien lasten teht\u00e4v\u00e4n\u00e4 on l\u00f6yt\u00e4\u00e4 silm\u00e4t sidottuina toisiaan vastaavat laattaparit. Heid\u00e4n tulee k\u00e4ytt\u00e4\u00e4 apuna vain tuntoaistiaan. Opettaja tai vanhempi voi tehd\u00e4 pelist\u00e4 mielenkiintoisemman pyyt\u00e4m\u00e4ll\u00e4 lasta kuvaamaan koskettamiaan pintoja ja yritt\u00e4m\u00e4\u00e4n nimet\u00e4 ne. T\u00e4m\u00e4 valmistaa lasta paremmin tutkimaan maailmaa ja opettaa h\u00e4nelle materiaalien, kuten puun tai kankaan, ominaisuuksia. Se on my\u00f6s eritt\u00e4in t\u00e4rke\u00e4 elementti sokeiden lasten kehityksess\u00e4.<\/p>\n<p>Taulu voidaan asentaa kolmella tavalla:<\/p>\n<p>&#8211; sein\u00e4lle,<\/p>\n<p>&#8211; erityiseen Masterkidz Flex -j\u00e4rjestelm\u00e4\u00e4n,<\/p>\n<p>&#8211; Masterkidz-vapaasti seisovaan telineeseen.<\/p>\n<p>Taulun runko on valmistettu kokonaan puusta, mik\u00e4 tekee lelusta ymp\u00e4rist\u00f6yst\u00e4v\u00e4llisen.<\/p>\n<p>Tarjoukseen sis\u00e4ltyy yksi aistitaulu: Rakenteiden tunnistaminen<\/p>\n","protected":false},"excerpt":{"rendered":"<p>Tuntoaistin harjoittamiseen tarkoitettu aistitaulu on loistava opetuslelu, joka tukee lapsen aistien kehityst\u00e4, mutta my\u00f6s korvaamaton opetusv\u00e4line, jota voidaan menestyksekk\u00e4\u00e4sti k\u00e4ytt\u00e4\u00e4 p\u00e4iv\u00e4kodeissa, kouluissa ja my\u00f6s autismin, Aspergerin oireyhtym\u00e4n ja SI-h\u00e4iri\u00f6iden hoitoon erikoistuneissa klinikoissa. Leikkivien lasten teht\u00e4v\u00e4n\u00e4 on l\u00f6yt\u00e4\u00e4 silm\u00e4t sidottuina toisiaan vastaavat laattaparit. Heid\u00e4n tulee k\u00e4ytt\u00e4\u00e4 apuna vain tuntoaistiaan. Opettaja tai vanhempi voi tehd\u00e4 pelist\u00e4 mielenkiintoisemman [&hellip;]<\/p>\n","protected":false},"featured_media":0,"comment_status":"open","ping_status":"closed","template":"","meta":[],"product_brand":[],"product_cat":[32],"product_tag":[],"class_list":{"0":"post-35942","1":"product","2":"type-product","3":"status-publish","5":"product_cat-uncategorized-fi","7":"first","8":"instock","9":"shipping-taxable","10":"purchasable","11":"product-type-simple"},"_links":{"self":[{"href":"https:\/\/nordicmart.andreevmaster.com\/fi\/wp-json\/wp\/v2\/product\/35942","targetHints":{"allow":["GET"]}}],"collection":[{"href":"https:\/\/nordicmart.andreevmaster.com\/fi\/wp-json\/wp\/v2\/product"}],"about":[{"href":"https:\/\/nordicmart.andreevmaster.com\/fi\/wp-json\/wp\/v2\/types\/product"}],"replies":[{"embeddable":true,"href":"https:\/\/nordicmart.andreevmaster.com\/fi\/wp-json\/wp\/v2\/comments?post=35942"}],"wp:attachment":[{"href":"https:\/\/nordicmart.andreevmaster.com\/fi\/wp-json\/wp\/v2\/media?parent=35942"}],"wp:term":[{"taxonomy":"product_brand","embeddable":true,"href":"https:\/\/nordicmart.andreevmaster.com\/fi\/wp-json\/wp\/v2\/product_brand?post=35942"},{"taxonomy":"product_cat","embeddable":true,"href":"https:\/\/nordicmart.andreevmaster.com\/fi\/wp-json\/wp\/v2\/product_cat?post=35942"},{"taxonomy":"product_tag","embeddable":true,"href":"https:\/\/nordicmart.andreevmaster.com\/fi\/wp-json\/wp\/v2\/product_tag?post=35942"}],"curies":[{"name":"wp","href":"https:\/\/api.w.org\/{rel}","templated":true}]}}