{"id":35941,"date":"2026-02-27T00:32:16","date_gmt":"2026-02-27T00:32:16","guid":{"rendered":"https:\/\/nordicmart.andreevmaster.com\/product\/masterkidz-kiinnitysjarjestelma-5-masterkidz-flex-taululle-juna\/"},"modified":"2026-02-27T09:50:31","modified_gmt":"2026-02-27T09:50:31","slug":"masterkidz-kiinnitysjarjestelma-5-masterkidz-flex-taululle-juna","status":"publish","type":"product","link":"https:\/\/nordicmart.andreevmaster.com\/fi\/tuote\/masterkidz-kiinnitysjarjestelma-5-masterkidz-flex-taululle-juna\/","title":{"rendered":"MASTERKIDZ Kiinnitysj\u00e4rjestelm\u00e4 5 Masterkidz Flex -taululle &#8211; Juna"},"content":{"rendered":"<p>Oletko kyll\u00e4stynyt samoihin lasten sein\u00e4tauluihin, jotka ovat roikkuneet sein\u00e4ll\u00e4 jo vuosia? Etk\u00f6 tied\u00e4, mit\u00e4 tehd\u00e4, kun yksi tauluista vaurioituu ja sein\u00e4 sen alla pilaantuu poraamisen vuoksi? T\u00e4ss\u00e4 on ratkaisu: Masterkidz Flex -sein\u00e4taulujen kiinnitysj\u00e4rjestelm\u00e4. Taulun vaihtamiseen ei tarvita ty\u00f6kaluja, ja yksitt\u00e4isten lelujen asentaminen ja poistaminen on uskomattoman helppoa ja nopeaa. J\u00e4rjestelm\u00e4ss\u00e4 on 5 kehyst\u00e4 tauluille. Yhden poistaminen ja toisen asettaminen paikalleen vie alle minuutin. Opettajat voivat vaihtaa apuv\u00e4lineit\u00e4 vapaasti oppituntien v\u00e4lill\u00e4 valitsemalla esimerkiksi tietyn kategorian lelut: aistien, k\u00e4tevyyden, matematiikan jne. <\/p>\n<p>Junamainen muotoilu on vieh\u00e4tt\u00e4v\u00e4 ja toimii my\u00f6s hyvin yksinkertaisena koristeena. <\/p>\n<p>Lelu on valmistettu puusta. Valitsemalla Masterkidz-puulelut huolehdit ymp\u00e4rist\u00f6st\u00e4 ja v\u00e4henn\u00e4t muovij\u00e4tett\u00e4.<\/p>\n","protected":false},"excerpt":{"rendered":"<p>Oletko kyll\u00e4stynyt samoihin lasten sein\u00e4tauluihin, jotka ovat roikkuneet sein\u00e4ll\u00e4 jo vuosia? Etk\u00f6 tied\u00e4, mit\u00e4 tehd\u00e4, kun yksi tauluista vaurioituu ja sein\u00e4 sen alla pilaantuu poraamisen vuoksi? T\u00e4ss\u00e4 on ratkaisu: Masterkidz Flex -sein\u00e4taulujen kiinnitysj\u00e4rjestelm\u00e4. Taulun vaihtamiseen ei tarvita ty\u00f6kaluja, ja yksitt\u00e4isten lelujen asentaminen ja poistaminen on uskomattoman helppoa ja nopeaa. J\u00e4rjestelm\u00e4ss\u00e4 on 5 kehyst\u00e4 tauluille. Yhden [&hellip;]<\/p>\n","protected":false},"featured_media":0,"comment_status":"open","ping_status":"closed","template":"","meta":[],"product_brand":[],"product_cat":[32],"product_tag":[],"class_list":{"0":"post-35941","1":"product","2":"type-product","3":"status-publish","5":"product_cat-uncategorized-fi","7":"first","8":"instock","9":"shipping-taxable","10":"purchasable","11":"product-type-simple"},"_links":{"self":[{"href":"https:\/\/nordicmart.andreevmaster.com\/fi\/wp-json\/wp\/v2\/product\/35941","targetHints":{"allow":["GET"]}}],"collection":[{"href":"https:\/\/nordicmart.andreevmaster.com\/fi\/wp-json\/wp\/v2\/product"}],"about":[{"href":"https:\/\/nordicmart.andreevmaster.com\/fi\/wp-json\/wp\/v2\/types\/product"}],"replies":[{"embeddable":true,"href":"https:\/\/nordicmart.andreevmaster.com\/fi\/wp-json\/wp\/v2\/comments?post=35941"}],"wp:attachment":[{"href":"https:\/\/nordicmart.andreevmaster.com\/fi\/wp-json\/wp\/v2\/media?parent=35941"}],"wp:term":[{"taxonomy":"product_brand","embeddable":true,"href":"https:\/\/nordicmart.andreevmaster.com\/fi\/wp-json\/wp\/v2\/product_brand?post=35941"},{"taxonomy":"product_cat","embeddable":true,"href":"https:\/\/nordicmart.andreevmaster.com\/fi\/wp-json\/wp\/v2\/product_cat?post=35941"},{"taxonomy":"product_tag","embeddable":true,"href":"https:\/\/nordicmart.andreevmaster.com\/fi\/wp-json\/wp\/v2\/product_tag?post=35941"}],"curies":[{"name":"wp","href":"https:\/\/api.w.org\/{rel}","templated":true}]}}