{"id":35940,"date":"2026-02-27T00:32:16","date_gmt":"2026-02-27T00:32:16","guid":{"rendered":"https:\/\/nordicmart.andreevmaster.com\/product\/masterkidz-flex-5-wall-educational-board-mounting-system-caterpillar-2\/"},"modified":"2026-02-27T09:50:31","modified_gmt":"2026-02-27T09:50:31","slug":"masterkidz-flex-5-wall-educational-board-mounting-system-caterpillar-2","status":"publish","type":"product","link":"https:\/\/nordicmart.andreevmaster.com\/fi\/tuote\/masterkidz-flex-5-wall-educational-board-mounting-system-caterpillar-2\/","title":{"rendered":"MASTERKIDZ Flex 5-Wall Educational Board Mounting System &#8211; Caterpillar"},"content":{"rendered":"<p>Oletko kyll\u00e4stynyt samoihin lasten sein\u00e4tauluihin, jotka ovat roikkuneet sein\u00e4ll\u00e4 jo vuosia? Etk\u00f6 tied\u00e4, mit\u00e4 tehd\u00e4, kun yksi tauluista vaurioituu ja sen alla oleva sein\u00e4 on vahingoittunut? Meill\u00e4 on t\u00e4ydellinen ratkaisu: Masterkidz Flex -sein\u00e4taulujen kiinnitysj\u00e4rjestelm\u00e4, joka on muotoiltu kauniiksi ja v\u00e4rikk\u00e4\u00e4ksi Caterpillariksi. Taulun vaihtamiseen ei tarvita ty\u00f6kaluja, ja yksitt\u00e4isten lelujen asennus ja irrottaminen on uskomattoman helppoa ja nopeaa. Yhden lelun irrottaminen ja toisen asettaminen paikalleen vie alle minuutin. Opettajat voivat vapaasti vaihtaa apuv\u00e4lineit\u00e4 luokkien v\u00e4lill\u00e4 valitsemalla tauluja tietyst\u00e4 kategoriasta: aistit, k\u00e4tevyys, matematiikka jne. J\u00e4rjestelm\u00e4ss\u00e4 on 5 kehyst\u00e4 Masterkidz Flex -opetustauluille ja v\u00e4rikk\u00e4it\u00e4 puupaloja, jotka ovat Caterpillar-toukkien vartalon muotoisia. Se on ihanteellinen k\u00e4ytett\u00e4v\u00e4ksi p\u00e4iv\u00e4kodeissa, mutta my\u00f6s leikkihuoneissa, klinikoilla ja toimintaterapiakeskuksissa autismin, Aspergerin oireyhtym\u00e4n ja SI-h\u00e4iri\u00f6iden kanssa el\u00e4vien lasten kanssa. <\/p>\n<p>Muista! Sinun tarvitsee ostaa kiinnitysj\u00e4rjestelm\u00e4 vain kerran, ja sovellusten m\u00e4\u00e4r\u00e4 on rajaton, koska levyt voidaan vaihtaa jatkuvasti uusiin. Toukkamainen muotoilu on vieh\u00e4tt\u00e4v\u00e4 ja toimii hyvin my\u00f6s yksinkertaisena sein\u00e4koristeena.Lelu on valmistettu puusta. Valitsemalla Masterkidz-puulelut huolehdit ymp\u00e4rist\u00f6st\u00e4 ja v\u00e4henn\u00e4t muovij\u00e4tett\u00e4.<\/p>\n","protected":false},"excerpt":{"rendered":"<p>Oletko kyll\u00e4stynyt samoihin lasten sein\u00e4tauluihin, jotka ovat roikkuneet sein\u00e4ll\u00e4 jo vuosia? Etk\u00f6 tied\u00e4, mit\u00e4 tehd\u00e4, kun yksi tauluista vaurioituu ja sen alla oleva sein\u00e4 on vahingoittunut? Meill\u00e4 on t\u00e4ydellinen ratkaisu: Masterkidz Flex -sein\u00e4taulujen kiinnitysj\u00e4rjestelm\u00e4, joka on muotoiltu kauniiksi ja v\u00e4rikk\u00e4\u00e4ksi Caterpillariksi. Taulun vaihtamiseen ei tarvita ty\u00f6kaluja, ja yksitt\u00e4isten lelujen asennus ja irrottaminen on uskomattoman helppoa [&hellip;]<\/p>\n","protected":false},"featured_media":0,"comment_status":"open","ping_status":"closed","template":"","meta":[],"product_brand":[],"product_cat":[32],"product_tag":[],"class_list":{"0":"post-35940","1":"product","2":"type-product","3":"status-publish","5":"product_cat-uncategorized-fi","7":"first","8":"instock","9":"shipping-taxable","10":"purchasable","11":"product-type-simple"},"_links":{"self":[{"href":"https:\/\/nordicmart.andreevmaster.com\/fi\/wp-json\/wp\/v2\/product\/35940","targetHints":{"allow":["GET"]}}],"collection":[{"href":"https:\/\/nordicmart.andreevmaster.com\/fi\/wp-json\/wp\/v2\/product"}],"about":[{"href":"https:\/\/nordicmart.andreevmaster.com\/fi\/wp-json\/wp\/v2\/types\/product"}],"replies":[{"embeddable":true,"href":"https:\/\/nordicmart.andreevmaster.com\/fi\/wp-json\/wp\/v2\/comments?post=35940"}],"wp:attachment":[{"href":"https:\/\/nordicmart.andreevmaster.com\/fi\/wp-json\/wp\/v2\/media?parent=35940"}],"wp:term":[{"taxonomy":"product_brand","embeddable":true,"href":"https:\/\/nordicmart.andreevmaster.com\/fi\/wp-json\/wp\/v2\/product_brand?post=35940"},{"taxonomy":"product_cat","embeddable":true,"href":"https:\/\/nordicmart.andreevmaster.com\/fi\/wp-json\/wp\/v2\/product_cat?post=35940"},{"taxonomy":"product_tag","embeddable":true,"href":"https:\/\/nordicmart.andreevmaster.com\/fi\/wp-json\/wp\/v2\/product_tag?post=35940"}],"curies":[{"name":"wp","href":"https:\/\/api.w.org\/{rel}","templated":true}]}}