{"id":35939,"date":"2026-02-27T00:32:16","date_gmt":"2026-02-27T00:32:16","guid":{"rendered":"https:\/\/nordicmart.andreevmaster.com\/product\/masterkidz-ikkunamaalauskaksoispuinen-maalausteline\/"},"modified":"2026-02-27T09:50:30","modified_gmt":"2026-02-27T09:50:30","slug":"masterkidz-ikkunamaalauskaksoispuinen-maalausteline","status":"publish","type":"product","link":"https:\/\/nordicmart.andreevmaster.com\/fi\/tuote\/masterkidz-ikkunamaalauskaksoispuinen-maalausteline\/","title":{"rendered":"MASTERKIDZ Ikkunamaalauskaksoispuinen maalausteline"},"content":{"rendered":"<p>Kaksipuolinen maalausmaalausp\u00f6yt\u00e4 on erinomainen valinta, joka tarjoaa tuntikausia hauskaa ja auttaa kehitt\u00e4m\u00e4\u00e4n mielikuvitusta, luovuutta ja k\u00e4dentaitoja! Maalausp\u00f6yt\u00e4mme erottuu edukseen l\u00e4pin\u00e4kyv\u00e4n akryylipintansa ansiosta, jonka ansiosta lapset voivat maalata paitsi mielikuvituksensa sanelemana my\u00f6s ymp\u00e4rist\u00f6ns\u00e4 innoittamana, maalaten esineit\u00e4 ja ihmisi\u00e4 toiselle puolelle. Se on t\u00e4ydellinen ratkaisu yksin, pareittain tai jopa pieness\u00e4 ryhm\u00e4ss\u00e4 leikkimiseen!<\/p>\n<p>ME32287-KUPISETTI ON YHTEENSOPIVA TAULUN KANSSA.<\/p>\n<p>Ominaisuudet:<\/p>\n<p>&#8211; Sis\u00e4lt\u00e4\u00e4 suuren l\u00e4pin\u00e4kyv\u00e4n akryylipinnan maalaamista varten. &#8211; Ulottuu lattiaan asti, joten kaiken ik\u00e4iset lapset voivat ty\u00f6skennell\u00e4 mukavasti &#8211; Maalausp\u00f6yt\u00e4 on helppo siirt\u00e4\u00e4 ja se voidaan asettaa mihin tahansa &#8211; Pyyhi pinta vain kostealla liinalla ja olet valmis aloittamaan uudelleen!<\/p>\n<p>Lelu kehitt\u00e4\u00e4:<\/p>\n<p>&#8211; Luovuutta ja mielikuvitusta &#8211; V\u00e4rien ja maalaustekniikoiden kokeilua &#8211; Visuaalista havainnointia ja motorista koordinaatiota &#8211; Yhteisty\u00f6t\u00e4 ja yhdess\u00e4 leikkimist\u00e4<\/p>\n","protected":false},"excerpt":{"rendered":"<p>Kaksipuolinen maalausmaalausp\u00f6yt\u00e4 on erinomainen valinta, joka tarjoaa tuntikausia hauskaa ja auttaa kehitt\u00e4m\u00e4\u00e4n mielikuvitusta, luovuutta ja k\u00e4dentaitoja! Maalausp\u00f6yt\u00e4mme erottuu edukseen l\u00e4pin\u00e4kyv\u00e4n akryylipintansa ansiosta, jonka ansiosta lapset voivat maalata paitsi mielikuvituksensa sanelemana my\u00f6s ymp\u00e4rist\u00f6ns\u00e4 innoittamana, maalaten esineit\u00e4 ja ihmisi\u00e4 toiselle puolelle. Se on t\u00e4ydellinen ratkaisu yksin, pareittain tai jopa pieness\u00e4 ryhm\u00e4ss\u00e4 leikkimiseen! ME32287-KUPISETTI ON YHTEENSOPIVA TAULUN KANSSA. [&hellip;]<\/p>\n","protected":false},"featured_media":0,"comment_status":"open","ping_status":"closed","template":"","meta":[],"product_brand":[],"product_cat":[32],"product_tag":[],"class_list":{"0":"post-35939","1":"product","2":"type-product","3":"status-publish","5":"product_cat-uncategorized-fi","7":"first","8":"instock","9":"shipping-taxable","10":"purchasable","11":"product-type-simple"},"_links":{"self":[{"href":"https:\/\/nordicmart.andreevmaster.com\/fi\/wp-json\/wp\/v2\/product\/35939","targetHints":{"allow":["GET"]}}],"collection":[{"href":"https:\/\/nordicmart.andreevmaster.com\/fi\/wp-json\/wp\/v2\/product"}],"about":[{"href":"https:\/\/nordicmart.andreevmaster.com\/fi\/wp-json\/wp\/v2\/types\/product"}],"replies":[{"embeddable":true,"href":"https:\/\/nordicmart.andreevmaster.com\/fi\/wp-json\/wp\/v2\/comments?post=35939"}],"wp:attachment":[{"href":"https:\/\/nordicmart.andreevmaster.com\/fi\/wp-json\/wp\/v2\/media?parent=35939"}],"wp:term":[{"taxonomy":"product_brand","embeddable":true,"href":"https:\/\/nordicmart.andreevmaster.com\/fi\/wp-json\/wp\/v2\/product_brand?post=35939"},{"taxonomy":"product_cat","embeddable":true,"href":"https:\/\/nordicmart.andreevmaster.com\/fi\/wp-json\/wp\/v2\/product_cat?post=35939"},{"taxonomy":"product_tag","embeddable":true,"href":"https:\/\/nordicmart.andreevmaster.com\/fi\/wp-json\/wp\/v2\/product_tag?post=35939"}],"curies":[{"name":"wp","href":"https:\/\/api.w.org\/{rel}","templated":true}]}}