{"id":35938,"date":"2026-02-27T00:32:16","date_gmt":"2026-02-27T00:32:16","guid":{"rendered":"https:\/\/nordicmart.andreevmaster.com\/product\/masterkidz-kosketa-ja-arvaa-muodon-tunnistussetti-12-kappaletta\/"},"modified":"2026-02-27T09:50:30","modified_gmt":"2026-02-27T09:50:30","slug":"masterkidz-kosketa-ja-arvaa-muodon-tunnistussetti-12-kappaletta","status":"publish","type":"product","link":"https:\/\/nordicmart.andreevmaster.com\/fi\/tuote\/masterkidz-kosketa-ja-arvaa-muodon-tunnistussetti-12-kappaletta\/","title":{"rendered":"MASTERKIDZ Kosketa ja arvaa -muodon tunnistussetti, 12 kappaletta"},"content":{"rendered":"<p>Masterkidz Wooden Sensory Set on opettavainen lelu, joka auttaa lapsia kehitt\u00e4m\u00e4\u00e4n tuntoaistiaan ja vahvistamaan tiet\u00e4myst\u00e4\u00e4n geometrisista muodoista. Sarja koostuu 12 erilaisesta puupalasta. Lapsen teht\u00e4v\u00e4n\u00e4 on arvata, mink\u00e4 muotoinen palanen h\u00e4nell\u00e4 on k\u00e4dess\u00e4\u00e4n, k\u00e4ytt\u00e4m\u00e4ll\u00e4 vain tuntoaistiaan, katsomatta sit\u00e4. Se on loistava tapa harjoitella muotojen tunnistamista ja oppia leikin kautta. Lelu on pakattu k\u00e4tev\u00e4\u00e4n puulaatikkoon, joka helpottaa s\u00e4ilytt\u00e4mist\u00e4. Sarja toimii parhaiten yhdess\u00e4 Guess by Touch -pelilaatikon (ME04055) kanssa. <\/p>\n<p>\u2705 Ominaisuudet: <\/p>\n<p>\u2714\ufe0f Sarja sis\u00e4lt\u00e4\u00e4 12 puista geometrista muotoa <\/p>\n<p>\u2714\ufe0f Valmistettu korkealaatuisesta puusta <\/p>\n<p>\u2714\ufe0f Mukana k\u00e4tev\u00e4 puinen s\u00e4ilytyslaatikko <\/p>\n<p>\u2705 Lelu kehitt\u00e4\u00e4:<\/p>\n<p>\u2714\ufe0f K\u00e4sien motorisia taitoja ja motorista koordinaatiota<\/p>\n<p>\u2714\ufe0f Geometristen muotojen tuntemusta<\/p>\n<p>\u2714\ufe0f Loogista ajattelua ja keskittymiskyky\u00e4<\/p>\n<p>[img-47173-left-thickbox_default]<\/p>\n","protected":false},"excerpt":{"rendered":"<p>Masterkidz Wooden Sensory Set on opettavainen lelu, joka auttaa lapsia kehitt\u00e4m\u00e4\u00e4n tuntoaistiaan ja vahvistamaan tiet\u00e4myst\u00e4\u00e4n geometrisista muodoista. Sarja koostuu 12 erilaisesta puupalasta. Lapsen teht\u00e4v\u00e4n\u00e4 on arvata, mink\u00e4 muotoinen palanen h\u00e4nell\u00e4 on k\u00e4dess\u00e4\u00e4n, k\u00e4ytt\u00e4m\u00e4ll\u00e4 vain tuntoaistiaan, katsomatta sit\u00e4. Se on loistava tapa harjoitella muotojen tunnistamista ja oppia leikin kautta. Lelu on pakattu k\u00e4tev\u00e4\u00e4n puulaatikkoon, joka helpottaa [&hellip;]<\/p>\n","protected":false},"featured_media":0,"comment_status":"open","ping_status":"closed","template":"","meta":[],"product_brand":[],"product_cat":[32],"product_tag":[],"class_list":{"0":"post-35938","1":"product","2":"type-product","3":"status-publish","5":"product_cat-uncategorized-fi","7":"first","8":"instock","9":"shipping-taxable","10":"purchasable","11":"product-type-simple"},"_links":{"self":[{"href":"https:\/\/nordicmart.andreevmaster.com\/fi\/wp-json\/wp\/v2\/product\/35938","targetHints":{"allow":["GET"]}}],"collection":[{"href":"https:\/\/nordicmart.andreevmaster.com\/fi\/wp-json\/wp\/v2\/product"}],"about":[{"href":"https:\/\/nordicmart.andreevmaster.com\/fi\/wp-json\/wp\/v2\/types\/product"}],"replies":[{"embeddable":true,"href":"https:\/\/nordicmart.andreevmaster.com\/fi\/wp-json\/wp\/v2\/comments?post=35938"}],"wp:attachment":[{"href":"https:\/\/nordicmart.andreevmaster.com\/fi\/wp-json\/wp\/v2\/media?parent=35938"}],"wp:term":[{"taxonomy":"product_brand","embeddable":true,"href":"https:\/\/nordicmart.andreevmaster.com\/fi\/wp-json\/wp\/v2\/product_brand?post=35938"},{"taxonomy":"product_cat","embeddable":true,"href":"https:\/\/nordicmart.andreevmaster.com\/fi\/wp-json\/wp\/v2\/product_cat?post=35938"},{"taxonomy":"product_tag","embeddable":true,"href":"https:\/\/nordicmart.andreevmaster.com\/fi\/wp-json\/wp\/v2\/product_tag?post=35938"}],"curies":[{"name":"wp","href":"https:\/\/api.w.org\/{rel}","templated":true}]}}