{"id":35937,"date":"2026-02-27T00:32:15","date_gmt":"2026-02-27T00:32:15","guid":{"rendered":"https:\/\/nordicmart.andreevmaster.com\/product\/masterkidz-tiimalasisetti-ajan-oppiminen\/"},"modified":"2026-02-27T09:50:30","modified_gmt":"2026-02-27T09:50:30","slug":"masterkidz-tiimalasisetti-ajan-oppiminen","status":"publish","type":"product","link":"https:\/\/nordicmart.andreevmaster.com\/fi\/tuote\/masterkidz-tiimalasisetti-ajan-oppiminen\/","title":{"rendered":"MASTERKIDZ Tiimalasisetti \u2013 Ajan oppiminen"},"content":{"rendered":"<p>Ajan oppiminen on kiehtovaa! Tiimalasit her\u00e4tt\u00e4v\u00e4t my\u00f6s uskomattomia tunteita lapsissa, joten oppimisen ja leikin yhdist\u00e4minen on paras ratkaisu.<\/p>\n<p>Sarja koostuu nelj\u00e4st\u00e4 hiekkakellosta. Jokaisessa on eri v\u00e4rist\u00e4 hiekkaa ja ne laskevat eri ajan. <\/p>\n<p>Hiekkakelloja voidaan k\u00e4ytt\u00e4\u00e4 opettamaan lapsille ajan kulumista ja ajan yksik\u00f6it\u00e4 sek\u00e4 suorittamaan aikaan perustuvia aktiviteetteja. Ne tekev\u00e4t oppimisesta paljon hauskempaa.<\/p>\n","protected":false},"excerpt":{"rendered":"<p>Ajan oppiminen on kiehtovaa! Tiimalasit her\u00e4tt\u00e4v\u00e4t my\u00f6s uskomattomia tunteita lapsissa, joten oppimisen ja leikin yhdist\u00e4minen on paras ratkaisu. Sarja koostuu nelj\u00e4st\u00e4 hiekkakellosta. Jokaisessa on eri v\u00e4rist\u00e4 hiekkaa ja ne laskevat eri ajan. Hiekkakelloja voidaan k\u00e4ytt\u00e4\u00e4 opettamaan lapsille ajan kulumista ja ajan yksik\u00f6it\u00e4 sek\u00e4 suorittamaan aikaan perustuvia aktiviteetteja. Ne tekev\u00e4t oppimisesta paljon hauskempaa.<\/p>\n","protected":false},"featured_media":0,"comment_status":"open","ping_status":"closed","template":"","meta":[],"product_brand":[],"product_cat":[32],"product_tag":[],"class_list":{"0":"post-35937","1":"product","2":"type-product","3":"status-publish","5":"product_cat-uncategorized-fi","7":"first","8":"instock","9":"shipping-taxable","10":"purchasable","11":"product-type-simple"},"_links":{"self":[{"href":"https:\/\/nordicmart.andreevmaster.com\/fi\/wp-json\/wp\/v2\/product\/35937","targetHints":{"allow":["GET"]}}],"collection":[{"href":"https:\/\/nordicmart.andreevmaster.com\/fi\/wp-json\/wp\/v2\/product"}],"about":[{"href":"https:\/\/nordicmart.andreevmaster.com\/fi\/wp-json\/wp\/v2\/types\/product"}],"replies":[{"embeddable":true,"href":"https:\/\/nordicmart.andreevmaster.com\/fi\/wp-json\/wp\/v2\/comments?post=35937"}],"wp:attachment":[{"href":"https:\/\/nordicmart.andreevmaster.com\/fi\/wp-json\/wp\/v2\/media?parent=35937"}],"wp:term":[{"taxonomy":"product_brand","embeddable":true,"href":"https:\/\/nordicmart.andreevmaster.com\/fi\/wp-json\/wp\/v2\/product_brand?post=35937"},{"taxonomy":"product_cat","embeddable":true,"href":"https:\/\/nordicmart.andreevmaster.com\/fi\/wp-json\/wp\/v2\/product_cat?post=35937"},{"taxonomy":"product_tag","embeddable":true,"href":"https:\/\/nordicmart.andreevmaster.com\/fi\/wp-json\/wp\/v2\/product_tag?post=35937"}],"curies":[{"name":"wp","href":"https:\/\/api.w.org\/{rel}","templated":true}]}}