{"id":35936,"date":"2026-02-27T00:32:15","date_gmt":"2026-02-27T00:32:15","guid":{"rendered":"https:\/\/nordicmart.andreevmaster.com\/product\/masterkidz-suuri-puinen-ikkunamaalauspoyta\/"},"modified":"2026-02-27T09:50:30","modified_gmt":"2026-02-27T09:50:30","slug":"masterkidz-suuri-puinen-ikkunamaalauspoyta","status":"publish","type":"product","link":"https:\/\/nordicmart.andreevmaster.com\/fi\/tuote\/masterkidz-suuri-puinen-ikkunamaalauspoyta\/","title":{"rendered":"MASTERKIDZ Suuri puinen ikkunamaalausp\u00f6yt\u00e4"},"content":{"rendered":"<p>Masterkidz-maalausikkuna on upea luova lelu, jonka avulla lapsesi voi kehitt\u00e4\u00e4 taiteellisia taitojaan. Maalausp\u00f6yd\u00e4ss\u00e4 on tilaa suosikkiv\u00e4reille, tussille ja siveltimille, jotta ne ovat aina k\u00e4den ulottuvilla. Ikkunaa voi maalata molemmilta puolilta, joten kaksi lasta voi leikki\u00e4 samalla kertaa. Akryylilasi on eritt\u00e4in helppo puhdistaa, joten lapset voivat aloittaa alusta ja maalata erilaisia kuvioita milloin tahansa.Ikkunaan voidaan asentaa paperirulla, joten lapsesi voi leikki\u00e4 maalaamalla paperille tai lasille, kuten haluaa. Ikkuna on riitt\u00e4v\u00e4n suuri, jotta jopa 4 lasta voi leikki\u00e4 samanaikaisesti. Lelu on valmistettu puusta. Valitsemalla Masterkidz-puulelut huolehdit ymp\u00e4rist\u00f6st\u00e4 ja v\u00e4henn\u00e4t muovij\u00e4tett\u00e4.<\/p>\n<p>Masterkidz-lelut ovat korkealaatuisia, kest\u00e4vi\u00e4 ja turvallisia puisia oppimisleluja. Ne on suunniteltu ja mukautettu lapsen kehityksen eri vaiheisiin. Luova, seikkailullinen ja opettavainen leikki ovat t\u00e4m\u00e4n tuotemerkin lelujen t\u00e4rkeimm\u00e4t edut. Korvaamaton tuki Montessori-menetelm\u00e4lle. Paras valinta kotiin, p\u00e4iv\u00e4kotiin, hotelliin tai ravintolaan. Luo t\u00e4ydellinen leikkinurkkaus tai suurikokoinen opettavainen sein\u00e4. Tarjontaan kuuluu sein\u00e4lle kiinnitett\u00e4vi\u00e4 ja siirrett\u00e4vi\u00e4 tauluja, valaistuja p\u00f6yti\u00e4 ja paneeleja maaleilla leikkimiseen. Teemoitettuja opetusmoduuleja ja paljon muuta. Uskomaton m\u00e4\u00e4r\u00e4 lis\u00e4varusteita ja loputtomat mahdollisuudet luovaan leikkiin.<\/p>\n","protected":false},"excerpt":{"rendered":"<p>Masterkidz-maalausikkuna on upea luova lelu, jonka avulla lapsesi voi kehitt\u00e4\u00e4 taiteellisia taitojaan. Maalausp\u00f6yd\u00e4ss\u00e4 on tilaa suosikkiv\u00e4reille, tussille ja siveltimille, jotta ne ovat aina k\u00e4den ulottuvilla. Ikkunaa voi maalata molemmilta puolilta, joten kaksi lasta voi leikki\u00e4 samalla kertaa. Akryylilasi on eritt\u00e4in helppo puhdistaa, joten lapset voivat aloittaa alusta ja maalata erilaisia kuvioita milloin tahansa.Ikkunaan voidaan asentaa [&hellip;]<\/p>\n","protected":false},"featured_media":0,"comment_status":"open","ping_status":"closed","template":"","meta":[],"product_brand":[],"product_cat":[32],"product_tag":[],"class_list":{"0":"post-35936","1":"product","2":"type-product","3":"status-publish","5":"product_cat-uncategorized-fi","7":"first","8":"instock","9":"shipping-taxable","10":"purchasable","11":"product-type-simple"},"_links":{"self":[{"href":"https:\/\/nordicmart.andreevmaster.com\/fi\/wp-json\/wp\/v2\/product\/35936","targetHints":{"allow":["GET"]}}],"collection":[{"href":"https:\/\/nordicmart.andreevmaster.com\/fi\/wp-json\/wp\/v2\/product"}],"about":[{"href":"https:\/\/nordicmart.andreevmaster.com\/fi\/wp-json\/wp\/v2\/types\/product"}],"replies":[{"embeddable":true,"href":"https:\/\/nordicmart.andreevmaster.com\/fi\/wp-json\/wp\/v2\/comments?post=35936"}],"wp:attachment":[{"href":"https:\/\/nordicmart.andreevmaster.com\/fi\/wp-json\/wp\/v2\/media?parent=35936"}],"wp:term":[{"taxonomy":"product_brand","embeddable":true,"href":"https:\/\/nordicmart.andreevmaster.com\/fi\/wp-json\/wp\/v2\/product_brand?post=35936"},{"taxonomy":"product_cat","embeddable":true,"href":"https:\/\/nordicmart.andreevmaster.com\/fi\/wp-json\/wp\/v2\/product_cat?post=35936"},{"taxonomy":"product_tag","embeddable":true,"href":"https:\/\/nordicmart.andreevmaster.com\/fi\/wp-json\/wp\/v2\/product_tag?post=35936"}],"curies":[{"name":"wp","href":"https:\/\/api.w.org\/{rel}","templated":true}]}}