{"id":35935,"date":"2026-02-27T00:32:15","date_gmt":"2026-02-27T00:32:15","guid":{"rendered":"https:\/\/nordicmart.andreevmaster.com\/product\/masterkidz-2-in-1-poytamaalausikkuna-kolmijalka-levyille\/"},"modified":"2026-02-27T09:50:30","modified_gmt":"2026-02-27T09:50:30","slug":"masterkidz-2-in-1-poytamaalausikkuna-kolmijalka-levyille","status":"publish","type":"product","link":"https:\/\/nordicmart.andreevmaster.com\/fi\/tuote\/masterkidz-2-in-1-poytamaalausikkuna-kolmijalka-levyille\/","title":{"rendered":"MASTERKIDZ 2-in-1-p\u00f6yt\u00e4maalausikkuna kolmijalka levyille"},"content":{"rendered":"<p>Masterkidz-ikkunamaalausjalusta on ainutlaatuinen lelu, joka her\u00e4tt\u00e4\u00e4 pienten luovuuden. Ikkunan kaksipuolinen lasipinta mahdollistaa kahden lapsen maalaamisen samanaikaisesti. Akryylilasi on pest\u00e4v\u00e4, joten hauskaa voi jatkaa tuntikausia ja lapset voivat luoda uusia kuvia loputtomasti. Maalaaminen on t\u00e4rke\u00e4 vaihe jokaisen lapsen kehityksess\u00e4, erityisesti autismin, Aspergerin oireyhtym\u00e4n ja SI-h\u00e4iri\u00f6iden kanssa el\u00e4vien lasten kehityksess\u00e4. Se auttaa heit\u00e4 kommunikoimaan helpommin ymp\u00e4rist\u00f6ns\u00e4 kanssa. <\/p>\n<p>Maalausjalusta on kiinnitetty lyhyeen kolmijalkaan, joka voidaan kiinnitt\u00e4\u00e4 p\u00f6yt\u00e4\u00e4n. T\u00e4m\u00e4 on k\u00e4tev\u00e4 ratkaisu, jonka ansiosta lapsi voi pit\u00e4\u00e4 kaikki maalausv\u00e4lineens\u00e4 k\u00e4den ulottuvilla. Jalustassa on my\u00f6s erityinen paikka maaleille ja siveltimille, joten kaikella on paikkansa ja tavarat on helpompi pit\u00e4\u00e4 j\u00e4rjestyksess\u00e4. <\/p>\n<p>Ikkunamaalausp\u00f6yd\u00e4n toinen teht\u00e4v\u00e4 on toimia jalustana Masterkidz-sein\u00e4tauluille. T\u00e4m\u00e4 on loistava ratkaisu, joka tekee tauluista liikkuvampia eik\u00e4 niit\u00e4 tarvitse kiinnitt\u00e4\u00e4 sein\u00e4lle. T\u00e4m\u00e4n ratkaisun ansiosta lapset voivat vied\u00e4 suosikkitaulunsa ulos leikkim\u00e4\u00e4n raittiiseen ilmaan.<\/p>\n<p>Lelu on valmistettu puusta. Valitsemalla Masterkidz-puulelut lapsille huolehdit ymp\u00e4rist\u00f6st\u00e4 ja v\u00e4henn\u00e4t muovij\u00e4tett\u00e4.<\/p>\n<p>Tarjous sis\u00e4lt\u00e4\u00e4 ikkunamaalausp\u00f6yd\u00e4n ja Masterkidz Flex 2-in-1 -p\u00f6yt\u00e4taulutelineen.<\/p>\n<p>Masterkidz-lelut ovat korkealaatuisia, kest\u00e4vi\u00e4 ja turvallisia puuleluja. Ne on suunniteltu ja mukautettu lapsen kehityksen eri vaiheisiin. Luova, seikkailullinen ja opettavainen leikki ovat t\u00e4m\u00e4n tuotemerkin lelujen t\u00e4rkeimm\u00e4t edut. Korvaamaton tuki Montessori-menetelm\u00e4lle. Paras valinta kotiisi, p\u00e4iv\u00e4kotiin, hotelliin tai ravintolaan. Luo t\u00e4ydellinen leikkinurkkaus tai suurikokoinen opettavainen sein\u00e4. Tarjous sis\u00e4lt\u00e4\u00e4 sein\u00e4lle kiinnitett\u00e4v\u00e4t ja siirrett\u00e4v\u00e4t taulut, valaistut p\u00f6yd\u00e4t ja paneelit maaleilla leikkimist\u00e4 varten. Teemalliset opettavaiset moduulit ja paljon muuta. Uskomaton m\u00e4\u00e4r\u00e4 lis\u00e4varusteita ja loputtomat mahdollisuudet luovaan leikkiin.<\/p>\n","protected":false},"excerpt":{"rendered":"<p>Masterkidz-ikkunamaalausjalusta on ainutlaatuinen lelu, joka her\u00e4tt\u00e4\u00e4 pienten luovuuden. Ikkunan kaksipuolinen lasipinta mahdollistaa kahden lapsen maalaamisen samanaikaisesti. Akryylilasi on pest\u00e4v\u00e4, joten hauskaa voi jatkaa tuntikausia ja lapset voivat luoda uusia kuvia loputtomasti. Maalaaminen on t\u00e4rke\u00e4 vaihe jokaisen lapsen kehityksess\u00e4, erityisesti autismin, Aspergerin oireyhtym\u00e4n ja SI-h\u00e4iri\u00f6iden kanssa el\u00e4vien lasten kehityksess\u00e4. Se auttaa heit\u00e4 kommunikoimaan helpommin ymp\u00e4rist\u00f6ns\u00e4 kanssa. [&hellip;]<\/p>\n","protected":false},"featured_media":0,"comment_status":"open","ping_status":"closed","template":"","meta":[],"product_brand":[],"product_cat":[32],"product_tag":[],"class_list":{"0":"post-35935","1":"product","2":"type-product","3":"status-publish","5":"product_cat-uncategorized-fi","7":"first","8":"instock","9":"shipping-taxable","10":"purchasable","11":"product-type-simple"},"_links":{"self":[{"href":"https:\/\/nordicmart.andreevmaster.com\/fi\/wp-json\/wp\/v2\/product\/35935","targetHints":{"allow":["GET"]}}],"collection":[{"href":"https:\/\/nordicmart.andreevmaster.com\/fi\/wp-json\/wp\/v2\/product"}],"about":[{"href":"https:\/\/nordicmart.andreevmaster.com\/fi\/wp-json\/wp\/v2\/types\/product"}],"replies":[{"embeddable":true,"href":"https:\/\/nordicmart.andreevmaster.com\/fi\/wp-json\/wp\/v2\/comments?post=35935"}],"wp:attachment":[{"href":"https:\/\/nordicmart.andreevmaster.com\/fi\/wp-json\/wp\/v2\/media?parent=35935"}],"wp:term":[{"taxonomy":"product_brand","embeddable":true,"href":"https:\/\/nordicmart.andreevmaster.com\/fi\/wp-json\/wp\/v2\/product_brand?post=35935"},{"taxonomy":"product_cat","embeddable":true,"href":"https:\/\/nordicmart.andreevmaster.com\/fi\/wp-json\/wp\/v2\/product_cat?post=35935"},{"taxonomy":"product_tag","embeddable":true,"href":"https:\/\/nordicmart.andreevmaster.com\/fi\/wp-json\/wp\/v2\/product_tag?post=35935"}],"curies":[{"name":"wp","href":"https:\/\/api.w.org\/{rel}","templated":true}]}}