{"id":35934,"date":"2026-02-27T00:32:14","date_gmt":"2026-02-27T00:32:14","guid":{"rendered":"https:\/\/nordicmart.andreevmaster.com\/product\/masterkidz-aistien-led-paneelilaatikko\/"},"modified":"2026-02-27T09:50:29","modified_gmt":"2026-02-27T09:50:29","slug":"masterkidz-aistien-led-paneelilaatikko","status":"publish","type":"product","link":"https:\/\/nordicmart.andreevmaster.com\/fi\/tuote\/masterkidz-aistien-led-paneelilaatikko\/","title":{"rendered":"MASTERKIDZ Aistien LED-paneelilaatikko"},"content":{"rendered":"<p>MASTERKIDZ LED-aistien laatikkopaneeli. Tunnettujen Masterkidz-yrityksen valmistama tukeva puinen LED-laatikko, jossa on valkoinen valo. Se mahdollistaa erilaisia luovuuden kehityst\u00e4 tukevia aktiviteetteja, kuten v\u00e4rien sekoittamista ja muita STEM-oppimismenetelmi\u00e4. Kauniita efektej\u00e4 voidaan saavuttaa, kun valo loistaa erilaisten materiaalien, kuten lehtien, paperin, hiekkalaatikon jne. l\u00e4pi. Toimii t\u00e4ydellisesti Masterkidz-neli\u00f6nmuotoisen hiekkalaatikon tai Masterkidz-l\u00e4pin\u00e4kyv\u00e4n vesialtaan kanssa.<\/p>\n<p>Valolaatikko EI ole vedenpit\u00e4v\u00e4. Valmistettu eurooppalaisesta py\u00f6kkipuusta ja ven\u00e4l\u00e4isest\u00e4 koivuvanerista. Kaapelin pituus on 1,5 m.<\/p>\n<p>Masterkidz-lelut ovat korkealaatuisia, kest\u00e4vi\u00e4 ja turvallisia puisia oppimisleluja. Suunniteltu ja sovitettu lapsen kehityksen eri vaiheisiin. Luova, seikkailullinen ja opettavainen leikki ovat t\u00e4m\u00e4n tuotemerkin lelujen t\u00e4rkeimm\u00e4t edut. Korvaamaton apu Montessori-menetelm\u00e4lle. Paras valinta kotiin, p\u00e4iv\u00e4kotiin, hotelliin tai ravintolaan. Luo t\u00e4ydellinen leikkinurkkaus tai suurikokoinen opettavainen sein\u00e4. Tarjolla on sein\u00e4lle kiinnitett\u00e4vi\u00e4 ja siirrett\u00e4vi\u00e4 tauluja, valaistuja p\u00f6yti\u00e4 ja paneeleja maaleilla leikkimiseen. Teemoitettuja opettavaisia moduuleja ja paljon muuta. Uskomaton m\u00e4\u00e4r\u00e4 lis\u00e4varusteita ja loputtomat mahdollisuudet luovaan leikkiin.<\/p>\n","protected":false},"excerpt":{"rendered":"<p>MASTERKIDZ LED-aistien laatikkopaneeli. Tunnettujen Masterkidz-yrityksen valmistama tukeva puinen LED-laatikko, jossa on valkoinen valo. Se mahdollistaa erilaisia luovuuden kehityst\u00e4 tukevia aktiviteetteja, kuten v\u00e4rien sekoittamista ja muita STEM-oppimismenetelmi\u00e4. Kauniita efektej\u00e4 voidaan saavuttaa, kun valo loistaa erilaisten materiaalien, kuten lehtien, paperin, hiekkalaatikon jne. l\u00e4pi. Toimii t\u00e4ydellisesti Masterkidz-neli\u00f6nmuotoisen hiekkalaatikon tai Masterkidz-l\u00e4pin\u00e4kyv\u00e4n vesialtaan kanssa. Valolaatikko EI ole vedenpit\u00e4v\u00e4. Valmistettu eurooppalaisesta [&hellip;]<\/p>\n","protected":false},"featured_media":0,"comment_status":"open","ping_status":"closed","template":"","meta":[],"product_brand":[],"product_cat":[32],"product_tag":[],"class_list":{"0":"post-35934","1":"product","2":"type-product","3":"status-publish","5":"product_cat-uncategorized-fi","7":"first","8":"instock","9":"shipping-taxable","10":"purchasable","11":"product-type-simple"},"_links":{"self":[{"href":"https:\/\/nordicmart.andreevmaster.com\/fi\/wp-json\/wp\/v2\/product\/35934","targetHints":{"allow":["GET"]}}],"collection":[{"href":"https:\/\/nordicmart.andreevmaster.com\/fi\/wp-json\/wp\/v2\/product"}],"about":[{"href":"https:\/\/nordicmart.andreevmaster.com\/fi\/wp-json\/wp\/v2\/types\/product"}],"replies":[{"embeddable":true,"href":"https:\/\/nordicmart.andreevmaster.com\/fi\/wp-json\/wp\/v2\/comments?post=35934"}],"wp:attachment":[{"href":"https:\/\/nordicmart.andreevmaster.com\/fi\/wp-json\/wp\/v2\/media?parent=35934"}],"wp:term":[{"taxonomy":"product_brand","embeddable":true,"href":"https:\/\/nordicmart.andreevmaster.com\/fi\/wp-json\/wp\/v2\/product_brand?post=35934"},{"taxonomy":"product_cat","embeddable":true,"href":"https:\/\/nordicmart.andreevmaster.com\/fi\/wp-json\/wp\/v2\/product_cat?post=35934"},{"taxonomy":"product_tag","embeddable":true,"href":"https:\/\/nordicmart.andreevmaster.com\/fi\/wp-json\/wp\/v2\/product_tag?post=35934"}],"curies":[{"name":"wp","href":"https:\/\/api.w.org\/{rel}","templated":true}]}}