{"id":35933,"date":"2026-02-27T00:32:14","date_gmt":"2026-02-27T00:32:14","guid":{"rendered":"https:\/\/nordicmart.andreevmaster.com\/product\/masterkidz-aistileikki-tunnista-kirjaimet-numerot-ja-muodot-kosketuksella-montessori\/"},"modified":"2026-02-27T09:50:29","modified_gmt":"2026-02-27T09:50:29","slug":"masterkidz-aistileikki-tunnista-kirjaimet-numerot-ja-muodot-kosketuksella-montessori","status":"publish","type":"product","link":"https:\/\/nordicmart.andreevmaster.com\/fi\/tuote\/masterkidz-aistileikki-tunnista-kirjaimet-numerot-ja-muodot-kosketuksella-montessori\/","title":{"rendered":"MASTERKIDZ Aistileikki Tunnista kirjaimet, numerot ja muodot kosketuksella Montessori"},"content":{"rendered":"<p>Masterkidz-puinen aistisetti on opettavainen lelu, joka auttaa lapsia kehitt\u00e4m\u00e4\u00e4n tuntoaistiaan ja vahvistamaan tiet\u00e4myst\u00e4\u00e4n kirjaimista, numeroista ja muodoista. Setti koostuu 40 puulevyst\u00e4, joihin on kaiverrettu symboleja. Lapsen teht\u00e4v\u00e4n\u00e4 on arvata, mit\u00e4 levyll\u00e4 on, k\u00e4ytt\u00e4m\u00e4ll\u00e4 vain tuntoaistiaan, katsomatta sit\u00e4. Se on loistava tapa harjoitella muotojen tunnistamista ja oppia leikin kautta. Lelu on pakattu k\u00e4tev\u00e4\u00e4n puulaatikkoon, joka helpottaa s\u00e4ilytt\u00e4mist\u00e4. Sarja toimii parhaiten yhdess\u00e4 Guess by Touch -pelilaatikon (ME04055) kanssa. Ominaisuudet:<\/p>\n<p>\u2714\ufe0f Sarja sis\u00e4lt\u00e4\u00e4 40 puista laattaa, joihin on kaiverrettu kirjaimia, numeroita ja symboleja<br \/>\n\u2714\ufe0f Valmistettu korkealaatuisesta puusta<br \/>\n\u2714\ufe0f Valmistettu korkealaatuisesta puusta<\/p>\n<p>\u2714\ufe0f Mukana k\u00e4yt\u00e4nn\u00f6llinen puinen s\u00e4ilytyslaatikko<\/p>\n<p>\u2705 Lelu kehitt\u00e4\u00e4:<\/p>\n<p>\u2714\ufe0f K\u00e4sien motorisia taitoja ja motorista koordinaatiota<\/p>\n<p>\u2714\ufe0f Kirjainten, numeroiden ja perusgeometristen muotojen tuntemusta<\/p>\n<p>\u2714\ufe0f Loogista ajattelua ja keskittymiskyky\u00e4<\/p>\n","protected":false},"excerpt":{"rendered":"<p>Masterkidz-puinen aistisetti on opettavainen lelu, joka auttaa lapsia kehitt\u00e4m\u00e4\u00e4n tuntoaistiaan ja vahvistamaan tiet\u00e4myst\u00e4\u00e4n kirjaimista, numeroista ja muodoista. Setti koostuu 40 puulevyst\u00e4, joihin on kaiverrettu symboleja. Lapsen teht\u00e4v\u00e4n\u00e4 on arvata, mit\u00e4 levyll\u00e4 on, k\u00e4ytt\u00e4m\u00e4ll\u00e4 vain tuntoaistiaan, katsomatta sit\u00e4. Se on loistava tapa harjoitella muotojen tunnistamista ja oppia leikin kautta. Lelu on pakattu k\u00e4tev\u00e4\u00e4n puulaatikkoon, joka helpottaa [&hellip;]<\/p>\n","protected":false},"featured_media":0,"comment_status":"open","ping_status":"closed","template":"","meta":[],"product_brand":[],"product_cat":[32],"product_tag":[],"class_list":{"0":"post-35933","1":"product","2":"type-product","3":"status-publish","5":"product_cat-uncategorized-fi","7":"first","8":"instock","9":"shipping-taxable","10":"purchasable","11":"product-type-simple"},"_links":{"self":[{"href":"https:\/\/nordicmart.andreevmaster.com\/fi\/wp-json\/wp\/v2\/product\/35933","targetHints":{"allow":["GET"]}}],"collection":[{"href":"https:\/\/nordicmart.andreevmaster.com\/fi\/wp-json\/wp\/v2\/product"}],"about":[{"href":"https:\/\/nordicmart.andreevmaster.com\/fi\/wp-json\/wp\/v2\/types\/product"}],"replies":[{"embeddable":true,"href":"https:\/\/nordicmart.andreevmaster.com\/fi\/wp-json\/wp\/v2\/comments?post=35933"}],"wp:attachment":[{"href":"https:\/\/nordicmart.andreevmaster.com\/fi\/wp-json\/wp\/v2\/media?parent=35933"}],"wp:term":[{"taxonomy":"product_brand","embeddable":true,"href":"https:\/\/nordicmart.andreevmaster.com\/fi\/wp-json\/wp\/v2\/product_brand?post=35933"},{"taxonomy":"product_cat","embeddable":true,"href":"https:\/\/nordicmart.andreevmaster.com\/fi\/wp-json\/wp\/v2\/product_cat?post=35933"},{"taxonomy":"product_tag","embeddable":true,"href":"https:\/\/nordicmart.andreevmaster.com\/fi\/wp-json\/wp\/v2\/product_tag?post=35933"}],"curies":[{"name":"wp","href":"https:\/\/api.w.org\/{rel}","templated":true}]}}