{"id":35932,"date":"2026-02-27T00:32:14","date_gmt":"2026-02-27T00:32:14","guid":{"rendered":"https:\/\/nordicmart.andreevmaster.com\/product\/masterkidz-kaappi-opetuslautojen-ja-pelien-sailyttamiseen-10-kappaletta-pyorat\/"},"modified":"2026-02-27T09:50:29","modified_gmt":"2026-02-27T09:50:29","slug":"masterkidz-kaappi-opetuslautojen-ja-pelien-sailyttamiseen-10-kappaletta-pyorat","status":"publish","type":"product","link":"https:\/\/nordicmart.andreevmaster.com\/fi\/tuote\/masterkidz-kaappi-opetuslautojen-ja-pelien-sailyttamiseen-10-kappaletta-pyorat\/","title":{"rendered":"MASTERKIDZ Kaappi opetuslautojen ja pelien s\u00e4ilytt\u00e4miseen 10 kappaletta Py\u00f6r\u00e4t"},"content":{"rendered":"<p>Masterkidz-lasten opetuslautojen ja pelien s\u00e4ilytt\u00e4minen voi olla ongelmallista. Onneksi t\u00e4t\u00e4 tarkoitusta varten suunnitellut kaapit helpottavat tavaroiden pit\u00e4mist\u00e4 siistein\u00e4 ja j\u00e4rjestyksess\u00e4. <\/p>\n<p>Erityiseen kaappiin mahtuu jopa 10 kappaletta 38 x 28 cm:n kokoisia tauluja, jotka ovat aina k\u00e4den ulottuvilla. Sarjaan kuuluu my\u00f6s py\u00f6rill\u00e4 varustettu teline, jonka avulla kaikkia tauluja on helppo siirt\u00e4\u00e4. Huomionarvoista on my\u00f6s, ett\u00e4 kaapin yl\u00e4osa on erityinen paikka, johon yksi tauluista voidaan sijoittaa. T\u00e4m\u00e4 tekee k\u00e4yt\u00f6st\u00e4 k\u00e4tev\u00e4\u00e4.<\/p>\n<p>Kaapin kokoaminen on eritt\u00e4in helppoa \u2013 ohjeet ovat mukana pakkauksessa.<\/p>\n<p>Valmistettu ven\u00e4l\u00e4isest\u00e4 koivusta.<\/p>\n<p>Masterkidz-lelut ovat korkealaatuisia, kest\u00e4vi\u00e4 ja turvallisia puisia oppimisleluja. Ne on suunniteltu ja mukautettu lapsen kehityksen eri vaiheisiin. Luova, seikkailullinen ja opettavainen leikki \u2013 n\u00e4m\u00e4 ovat t\u00e4m\u00e4n tuotemerkin lelujen t\u00e4rkeimm\u00e4t edut. Korvaamaton tuki Montessori-menetelm\u00e4lle. Paras valinta kotiin, p\u00e4iv\u00e4kotiin, hotelliin tai ravintolaan. Luo t\u00e4ydellinen leikkinurkkaus tai suurikokoinen opettavainen sein\u00e4. Tarjolla on sein\u00e4lle kiinnitett\u00e4vi\u00e4 ja siirrett\u00e4vi\u00e4 tauluja, valaistuja p\u00f6yti\u00e4 ja paneeleja maaleilla leikkimiseen. Teemoitettuja opettavaisia moduuleja ja paljon muuta. Uskomaton m\u00e4\u00e4r\u00e4 lis\u00e4varusteita ja loputtomat mahdollisuudet luovaan leikkiin.<\/p>\n","protected":false},"excerpt":{"rendered":"<p>Masterkidz-lasten opetuslautojen ja pelien s\u00e4ilytt\u00e4minen voi olla ongelmallista. Onneksi t\u00e4t\u00e4 tarkoitusta varten suunnitellut kaapit helpottavat tavaroiden pit\u00e4mist\u00e4 siistein\u00e4 ja j\u00e4rjestyksess\u00e4. Erityiseen kaappiin mahtuu jopa 10 kappaletta 38 x 28 cm:n kokoisia tauluja, jotka ovat aina k\u00e4den ulottuvilla. Sarjaan kuuluu my\u00f6s py\u00f6rill\u00e4 varustettu teline, jonka avulla kaikkia tauluja on helppo siirt\u00e4\u00e4. Huomionarvoista on my\u00f6s, ett\u00e4 kaapin [&hellip;]<\/p>\n","protected":false},"featured_media":0,"comment_status":"open","ping_status":"closed","template":"","meta":[],"product_brand":[],"product_cat":[32],"product_tag":[],"class_list":{"0":"post-35932","1":"product","2":"type-product","3":"status-publish","5":"product_cat-uncategorized-fi","7":"first","8":"instock","9":"shipping-taxable","10":"purchasable","11":"product-type-simple"},"_links":{"self":[{"href":"https:\/\/nordicmart.andreevmaster.com\/fi\/wp-json\/wp\/v2\/product\/35932","targetHints":{"allow":["GET"]}}],"collection":[{"href":"https:\/\/nordicmart.andreevmaster.com\/fi\/wp-json\/wp\/v2\/product"}],"about":[{"href":"https:\/\/nordicmart.andreevmaster.com\/fi\/wp-json\/wp\/v2\/types\/product"}],"replies":[{"embeddable":true,"href":"https:\/\/nordicmart.andreevmaster.com\/fi\/wp-json\/wp\/v2\/comments?post=35932"}],"wp:attachment":[{"href":"https:\/\/nordicmart.andreevmaster.com\/fi\/wp-json\/wp\/v2\/media?parent=35932"}],"wp:term":[{"taxonomy":"product_brand","embeddable":true,"href":"https:\/\/nordicmart.andreevmaster.com\/fi\/wp-json\/wp\/v2\/product_brand?post=35932"},{"taxonomy":"product_cat","embeddable":true,"href":"https:\/\/nordicmart.andreevmaster.com\/fi\/wp-json\/wp\/v2\/product_cat?post=35932"},{"taxonomy":"product_tag","embeddable":true,"href":"https:\/\/nordicmart.andreevmaster.com\/fi\/wp-json\/wp\/v2\/product_tag?post=35932"}],"curies":[{"name":"wp","href":"https:\/\/api.w.org\/{rel}","templated":true}]}}