{"id":35931,"date":"2026-02-27T00:32:14","date_gmt":"2026-02-27T00:32:14","guid":{"rendered":"https:\/\/nordicmart.andreevmaster.com\/product\/masterkidz-koulutuslauta-muotojen-ja-varien-lajittelija\/"},"modified":"2026-02-27T09:50:29","modified_gmt":"2026-02-27T09:50:29","slug":"masterkidz-koulutuslauta-muotojen-ja-varien-lajittelija","status":"publish","type":"product","link":"https:\/\/nordicmart.andreevmaster.com\/fi\/tuote\/masterkidz-koulutuslauta-muotojen-ja-varien-lajittelija\/","title":{"rendered":"MASTERKIDZ Koulutuslauta Muotojen ja v\u00e4rien lajittelija"},"content":{"rendered":"<p>Masterkidz-merkin muoto- ja v\u00e4ri-lajittelija-oppimistaulu on loistava lelu, joka auttaa kehitt\u00e4m\u00e4\u00e4n lasten varhaista loogista ajattelua. Sarja sis\u00e4lt\u00e4\u00e4 puisen taulun ja 6 paria eri v\u00e4rej\u00e4 ja muotoja olevia palikoita, mik\u00e4 tekee taulusta erityisen hy\u00f6dyllisen muotojen ja v\u00e4rien tunnistamisen oppimiseen. Lelu on valmistettu puusta.Ominaisuudet:<\/p>\n<p>* &#8211; lelu 2-vuotiaille ja sit\u00e4 vanhemmille lapsille<br \/>\n* &#8211; 6 paria eri v\u00e4rej\u00e4 ja muotoja olevia palikoita<br \/>\n* &#8211; pohja, jossa on palikoille sopivat syvennykset<br \/>\n* &#8211; puusta valmistettu lauta<\/p>\n<p>Lelu kehitt\u00e4\u00e4:<\/p>\n<p>* &#8211; loogista ajattelua<br \/>\n* &#8211; motorisia taitoja<br \/>\n* &#8211; muotojen ja v\u00e4rien tunnistamista<\/p>\n","protected":false},"excerpt":{"rendered":"<p>Masterkidz-merkin muoto- ja v\u00e4ri-lajittelija-oppimistaulu on loistava lelu, joka auttaa kehitt\u00e4m\u00e4\u00e4n lasten varhaista loogista ajattelua. Sarja sis\u00e4lt\u00e4\u00e4 puisen taulun ja 6 paria eri v\u00e4rej\u00e4 ja muotoja olevia palikoita, mik\u00e4 tekee taulusta erityisen hy\u00f6dyllisen muotojen ja v\u00e4rien tunnistamisen oppimiseen. Lelu on valmistettu puusta.Ominaisuudet: * &#8211; lelu 2-vuotiaille ja sit\u00e4 vanhemmille lapsille * &#8211; 6 paria eri v\u00e4rej\u00e4 [&hellip;]<\/p>\n","protected":false},"featured_media":0,"comment_status":"open","ping_status":"closed","template":"","meta":[],"product_brand":[],"product_cat":[32],"product_tag":[],"class_list":{"0":"post-35931","1":"product","2":"type-product","3":"status-publish","5":"product_cat-uncategorized-fi","7":"first","8":"instock","9":"shipping-taxable","10":"purchasable","11":"product-type-simple"},"_links":{"self":[{"href":"https:\/\/nordicmart.andreevmaster.com\/fi\/wp-json\/wp\/v2\/product\/35931","targetHints":{"allow":["GET"]}}],"collection":[{"href":"https:\/\/nordicmart.andreevmaster.com\/fi\/wp-json\/wp\/v2\/product"}],"about":[{"href":"https:\/\/nordicmart.andreevmaster.com\/fi\/wp-json\/wp\/v2\/types\/product"}],"replies":[{"embeddable":true,"href":"https:\/\/nordicmart.andreevmaster.com\/fi\/wp-json\/wp\/v2\/comments?post=35931"}],"wp:attachment":[{"href":"https:\/\/nordicmart.andreevmaster.com\/fi\/wp-json\/wp\/v2\/media?parent=35931"}],"wp:term":[{"taxonomy":"product_brand","embeddable":true,"href":"https:\/\/nordicmart.andreevmaster.com\/fi\/wp-json\/wp\/v2\/product_brand?post=35931"},{"taxonomy":"product_cat","embeddable":true,"href":"https:\/\/nordicmart.andreevmaster.com\/fi\/wp-json\/wp\/v2\/product_cat?post=35931"},{"taxonomy":"product_tag","embeddable":true,"href":"https:\/\/nordicmart.andreevmaster.com\/fi\/wp-json\/wp\/v2\/product_tag?post=35931"}],"curies":[{"name":"wp","href":"https:\/\/api.w.org\/{rel}","templated":true}]}}