{"id":35929,"date":"2026-02-27T00:32:13","date_gmt":"2026-02-27T00:32:13","guid":{"rendered":"https:\/\/nordicmart.andreevmaster.com\/product\/masterkidz-montessori-small-motor-skills-sliding-board-2\/"},"modified":"2026-02-27T09:50:28","modified_gmt":"2026-02-27T09:50:28","slug":"masterkidz-montessori-small-motor-skills-sliding-board-2","status":"publish","type":"product","link":"https:\/\/nordicmart.andreevmaster.com\/fi\/tuote\/masterkidz-montessori-small-motor-skills-sliding-board-2\/","title":{"rendered":"MASTERKIDZ Montessori Small Motor Skills Sliding Board"},"content":{"rendered":"<p>Masterkidz-koulutuslevyt auttavat lapsia kehitt\u00e4m\u00e4\u00e4n monia taitoja samanaikaisesti. Jokainen levy opettaa lapsille erilaisia mielenkiintoisia aiheita, kuten miten toimia yhteiskunnassa, ja auttaa heit\u00e4 oppimaan ymp\u00e4r\u00f6iv\u00e4st\u00e4 maailmasta. Voimme hankkia useita levyj\u00e4 ja vaihtaa niit\u00e4 helposti, ja erityiset kehykset pit\u00e4v\u00e4t levyn t\u00e4ydellisesti sein\u00e4\u00e4 vasten.Ominaisuudet:<\/p>\n<p>* &#8211; Voit hankkia useita lautoja ja vaihtaa niit\u00e4 helposti, ja erityiset kehykset pit\u00e4v\u00e4t laudan t\u00e4ydellisesti sein\u00e4\u00e4 vasten.<br \/>\n* &#8211; Lautaa voidaan k\u00e4ytt\u00e4\u00e4 my\u00f6s ilman kehyksi\u00e4, esimerkiksi p\u00f6yd\u00e4ll\u00e4 tai lattialla<br \/>\n* &#8211; Erilaisissa muodoissa oleva liukuk\u00e4velyparvi parantaa varhaisia kirjoitustaitoja.* &#8211; V\u00e4rikk\u00e4iden kahvojen ansiosta lapset voivat oppia my\u00f6s v\u00e4rej\u00e4. Lelu kehitt\u00e4\u00e4: * &#8211; motorisia taitoja * &#8211; aistitaitoja * &#8211; k\u00e4si-silm\u00e4-koordinaatiota * &#8211; mielikuvitusta * &#8211; keskittymiskyky\u00e4 * &#8211; uteliaisuutta<\/p>\n","protected":false},"excerpt":{"rendered":"<p>Masterkidz-koulutuslevyt auttavat lapsia kehitt\u00e4m\u00e4\u00e4n monia taitoja samanaikaisesti. Jokainen levy opettaa lapsille erilaisia mielenkiintoisia aiheita, kuten miten toimia yhteiskunnassa, ja auttaa heit\u00e4 oppimaan ymp\u00e4r\u00f6iv\u00e4st\u00e4 maailmasta. Voimme hankkia useita levyj\u00e4 ja vaihtaa niit\u00e4 helposti, ja erityiset kehykset pit\u00e4v\u00e4t levyn t\u00e4ydellisesti sein\u00e4\u00e4 vasten.Ominaisuudet: * &#8211; Voit hankkia useita lautoja ja vaihtaa niit\u00e4 helposti, ja erityiset kehykset pit\u00e4v\u00e4t laudan [&hellip;]<\/p>\n","protected":false},"featured_media":0,"comment_status":"open","ping_status":"closed","template":"","meta":[],"product_brand":[],"product_cat":[32],"product_tag":[],"class_list":{"0":"post-35929","1":"product","2":"type-product","3":"status-publish","5":"product_cat-uncategorized-fi","7":"first","8":"instock","9":"shipping-taxable","10":"purchasable","11":"product-type-simple"},"_links":{"self":[{"href":"https:\/\/nordicmart.andreevmaster.com\/fi\/wp-json\/wp\/v2\/product\/35929","targetHints":{"allow":["GET"]}}],"collection":[{"href":"https:\/\/nordicmart.andreevmaster.com\/fi\/wp-json\/wp\/v2\/product"}],"about":[{"href":"https:\/\/nordicmart.andreevmaster.com\/fi\/wp-json\/wp\/v2\/types\/product"}],"replies":[{"embeddable":true,"href":"https:\/\/nordicmart.andreevmaster.com\/fi\/wp-json\/wp\/v2\/comments?post=35929"}],"wp:attachment":[{"href":"https:\/\/nordicmart.andreevmaster.com\/fi\/wp-json\/wp\/v2\/media?parent=35929"}],"wp:term":[{"taxonomy":"product_brand","embeddable":true,"href":"https:\/\/nordicmart.andreevmaster.com\/fi\/wp-json\/wp\/v2\/product_brand?post=35929"},{"taxonomy":"product_cat","embeddable":true,"href":"https:\/\/nordicmart.andreevmaster.com\/fi\/wp-json\/wp\/v2\/product_cat?post=35929"},{"taxonomy":"product_tag","embeddable":true,"href":"https:\/\/nordicmart.andreevmaster.com\/fi\/wp-json\/wp\/v2\/product_tag?post=35929"}],"curies":[{"name":"wp","href":"https:\/\/api.w.org\/{rel}","templated":true}]}}