{"id":35926,"date":"2026-02-27T00:32:13","date_gmt":"2026-02-27T00:32:13","guid":{"rendered":"https:\/\/nordicmart.andreevmaster.com\/product\/masterkidz-puinen-mikroaaltouuni\/"},"modified":"2026-02-27T09:50:28","modified_gmt":"2026-02-27T09:50:28","slug":"masterkidz-puinen-mikroaaltouuni","status":"publish","type":"product","link":"https:\/\/nordicmart.andreevmaster.com\/fi\/tuote\/masterkidz-puinen-mikroaaltouuni\/","title":{"rendered":"MASTERKIDZ Puinen mikroaaltouuni"},"content":{"rendered":"<p>T\u00e4m\u00e4 kompakti mikroaaltouuni modernilla muotoilulla sopii t\u00e4ydellisesti keitti\u00f6sarjaan ja tuo vaihtelua leikkikeitti\u00f6\u00f6n. Sivulta avautuva ovi, s\u00e4\u00e4t\u00f6nuppi, digitaalinen n\u00e4ytt\u00f6 ja l\u00e4pin\u00e4kyv\u00e4 ikkuna lis\u00e4\u00e4v\u00e4t leikin hauskuutta. Kannusta leikkim\u00e4\u00e4n ja edist\u00e4\u00e4 sosiaalista ja emotionaalista kehityst\u00e4. Sarja voidaan yhdist\u00e4\u00e4 muiden t\u00e4m\u00e4n kokoelman tuotteiden kanssa t\u00e4ydellisen keitti\u00f6n luomiseksi tai k\u00e4ytt\u00e4\u00e4 yksin\u00e4\u00e4n. Puhdistus on helppoa: pyyhi vain kostealla liinalla ja anna kuivua. Ominaisuudet: &#8211; Valmistettu korkealaatuisesta puusta<br \/>\n* &#8211; Liikkuva ovi k\u00e4tev\u00e4ll\u00e4 kahvalla<br \/>\n* &#8211; Suuri nuppi ruoanlaittoajan asettamista varten<br \/>\n* &#8211; L\u00e4pin\u00e4kyv\u00e4 ikkuna, jonka l\u00e4pi voi n\u00e4hd\u00e4 sis\u00e4lle<\/p>\n<p>Lelu kehitt\u00e4\u00e4:<\/p>\n<p>* &#8211; Mielikuvitusta<br \/>\n* &#8211; Luovuutta<br \/>\n* &#8211; Sosiaalisia taitoja<br \/>\n* &#8211; K\u00e4sien motoriikkaa<\/p>\n","protected":false},"excerpt":{"rendered":"<p>T\u00e4m\u00e4 kompakti mikroaaltouuni modernilla muotoilulla sopii t\u00e4ydellisesti keitti\u00f6sarjaan ja tuo vaihtelua leikkikeitti\u00f6\u00f6n. Sivulta avautuva ovi, s\u00e4\u00e4t\u00f6nuppi, digitaalinen n\u00e4ytt\u00f6 ja l\u00e4pin\u00e4kyv\u00e4 ikkuna lis\u00e4\u00e4v\u00e4t leikin hauskuutta. Kannusta leikkim\u00e4\u00e4n ja edist\u00e4\u00e4 sosiaalista ja emotionaalista kehityst\u00e4. Sarja voidaan yhdist\u00e4\u00e4 muiden t\u00e4m\u00e4n kokoelman tuotteiden kanssa t\u00e4ydellisen keitti\u00f6n luomiseksi tai k\u00e4ytt\u00e4\u00e4 yksin\u00e4\u00e4n. Puhdistus on helppoa: pyyhi vain kostealla liinalla ja anna [&hellip;]<\/p>\n","protected":false},"featured_media":0,"comment_status":"open","ping_status":"closed","template":"","meta":[],"product_brand":[],"product_cat":[32],"product_tag":[],"class_list":{"0":"post-35926","1":"product","2":"type-product","3":"status-publish","5":"product_cat-uncategorized-fi","7":"first","8":"instock","9":"shipping-taxable","10":"purchasable","11":"product-type-simple"},"_links":{"self":[{"href":"https:\/\/nordicmart.andreevmaster.com\/fi\/wp-json\/wp\/v2\/product\/35926","targetHints":{"allow":["GET"]}}],"collection":[{"href":"https:\/\/nordicmart.andreevmaster.com\/fi\/wp-json\/wp\/v2\/product"}],"about":[{"href":"https:\/\/nordicmart.andreevmaster.com\/fi\/wp-json\/wp\/v2\/types\/product"}],"replies":[{"embeddable":true,"href":"https:\/\/nordicmart.andreevmaster.com\/fi\/wp-json\/wp\/v2\/comments?post=35926"}],"wp:attachment":[{"href":"https:\/\/nordicmart.andreevmaster.com\/fi\/wp-json\/wp\/v2\/media?parent=35926"}],"wp:term":[{"taxonomy":"product_brand","embeddable":true,"href":"https:\/\/nordicmart.andreevmaster.com\/fi\/wp-json\/wp\/v2\/product_brand?post=35926"},{"taxonomy":"product_cat","embeddable":true,"href":"https:\/\/nordicmart.andreevmaster.com\/fi\/wp-json\/wp\/v2\/product_cat?post=35926"},{"taxonomy":"product_tag","embeddable":true,"href":"https:\/\/nordicmart.andreevmaster.com\/fi\/wp-json\/wp\/v2\/product_tag?post=35926"}],"curies":[{"name":"wp","href":"https:\/\/api.w.org\/{rel}","templated":true}]}}