{"id":35925,"date":"2026-02-27T00:32:12","date_gmt":"2026-02-27T00:32:12","guid":{"rendered":"https:\/\/nordicmart.andreevmaster.com\/product\/masterkidz-puinen-kulmikeittion-kaappi-lapsille\/"},"modified":"2026-02-27T09:50:28","modified_gmt":"2026-02-27T09:50:28","slug":"masterkidz-puinen-kulmikeittion-kaappi-lapsille","status":"publish","type":"product","link":"https:\/\/nordicmart.andreevmaster.com\/fi\/tuote\/masterkidz-puinen-kulmikeittion-kaappi-lapsille\/","title":{"rendered":"MASTERKIDZ Puinen kulmikeitti\u00f6n kaappi lapsille"},"content":{"rendered":"<p>Masterkidz puinen kulmikeitti\u00f6n kaappi on erinomainen valinta lapsille, sill\u00e4 se yhdist\u00e4\u00e4 toiminnallisuuden, esteettisyyden ja turvallisuuden. Tuote sopii erinomaisesti p\u00e4iv\u00e4koteihin, leikkihuoneisiin ja kodin oppimistiloihin, ja se tarjoaa monia mahdollisuuksia luovaan leikkiin.<\/p>\n<p>Ominaisuudet:<\/p>\n<p>&#8211; Valmistettu korkealaatuisesta puusta, joka takaa kest\u00e4vyyden ja turvallisuuden.<\/p>\n<p>&#8211; Maalattu myrkytt\u00f6mill\u00e4, lapsille turvallisilla maaleilla.<\/p>\n<p>&#8211; Esteettinen muotoilu, joka her\u00e4tt\u00e4\u00e4 pienimpien k\u00e4ytt\u00e4jien huomion.<\/p>\n<p>&#8211; Sarjaa voidaan laajentaa lis\u00e4keitti\u00f6tarvikkeilla.<\/p>\n<p>&#8211; Ihanteellinen tilan j\u00e4rjest\u00e4misen ja roolileikkien oppimiseen.<\/p>\n","protected":false},"excerpt":{"rendered":"<p>Masterkidz puinen kulmikeitti\u00f6n kaappi on erinomainen valinta lapsille, sill\u00e4 se yhdist\u00e4\u00e4 toiminnallisuuden, esteettisyyden ja turvallisuuden. Tuote sopii erinomaisesti p\u00e4iv\u00e4koteihin, leikkihuoneisiin ja kodin oppimistiloihin, ja se tarjoaa monia mahdollisuuksia luovaan leikkiin. Ominaisuudet: &#8211; Valmistettu korkealaatuisesta puusta, joka takaa kest\u00e4vyyden ja turvallisuuden. &#8211; Maalattu myrkytt\u00f6mill\u00e4, lapsille turvallisilla maaleilla. &#8211; Esteettinen muotoilu, joka her\u00e4tt\u00e4\u00e4 pienimpien k\u00e4ytt\u00e4jien huomion. &#8211; [&hellip;]<\/p>\n","protected":false},"featured_media":0,"comment_status":"open","ping_status":"closed","template":"","meta":[],"product_brand":[],"product_cat":[32],"product_tag":[],"class_list":{"0":"post-35925","1":"product","2":"type-product","3":"status-publish","5":"product_cat-uncategorized-fi","7":"first","8":"instock","9":"shipping-taxable","10":"purchasable","11":"product-type-simple"},"_links":{"self":[{"href":"https:\/\/nordicmart.andreevmaster.com\/fi\/wp-json\/wp\/v2\/product\/35925","targetHints":{"allow":["GET"]}}],"collection":[{"href":"https:\/\/nordicmart.andreevmaster.com\/fi\/wp-json\/wp\/v2\/product"}],"about":[{"href":"https:\/\/nordicmart.andreevmaster.com\/fi\/wp-json\/wp\/v2\/types\/product"}],"replies":[{"embeddable":true,"href":"https:\/\/nordicmart.andreevmaster.com\/fi\/wp-json\/wp\/v2\/comments?post=35925"}],"wp:attachment":[{"href":"https:\/\/nordicmart.andreevmaster.com\/fi\/wp-json\/wp\/v2\/media?parent=35925"}],"wp:term":[{"taxonomy":"product_brand","embeddable":true,"href":"https:\/\/nordicmart.andreevmaster.com\/fi\/wp-json\/wp\/v2\/product_brand?post=35925"},{"taxonomy":"product_cat","embeddable":true,"href":"https:\/\/nordicmart.andreevmaster.com\/fi\/wp-json\/wp\/v2\/product_cat?post=35925"},{"taxonomy":"product_tag","embeddable":true,"href":"https:\/\/nordicmart.andreevmaster.com\/fi\/wp-json\/wp\/v2\/product_tag?post=35925"}],"curies":[{"name":"wp","href":"https:\/\/api.w.org\/{rel}","templated":true}]}}