{"id":35924,"date":"2026-02-27T00:32:12","date_gmt":"2026-02-27T00:32:12","guid":{"rendered":"https:\/\/nordicmart.andreevmaster.com\/product\/masterkidz-pastellisavyinen-keittion-kaappi-sivupoyta\/"},"modified":"2026-02-27T09:50:27","modified_gmt":"2026-02-27T09:50:27","slug":"masterkidz-pastellisavyinen-keittion-kaappi-sivupoyta","status":"publish","type":"product","link":"https:\/\/nordicmart.andreevmaster.com\/fi\/tuote\/masterkidz-pastellisavyinen-keittion-kaappi-sivupoyta\/","title":{"rendered":"MASTERKIDZ pastellis\u00e4vyinen keitti\u00f6n kaappi sivup\u00f6yt\u00e4"},"content":{"rendered":"<p>MASTERKIDZ:n suuri puinen keitti\u00f6kaappi on erinomainen valinta lapsille \u2013 se yhdist\u00e4\u00e4 toiminnallisuuden, estetiikan ja turvallisuuden. T\u00e4m\u00e4 tuote sopii erinomaisesti p\u00e4iv\u00e4koteihin, leikkihuoneisiin ja kodin oppimistiloihin ja tarjoaa monia mahdollisuuksia luovaan leikkiin.<\/p>\n<p>Ominaisuudet:<\/p>\n<p>* &#8211; Valmistettu laadukkaasta puusta, mik\u00e4 takaa kest\u00e4vyyden ja turvallisuuden.<br \/>\n* &#8211; Maalattu myrkytt\u00f6mill\u00e4, lapsille turvallisilla maaleilla.<br \/>\n* &#8211; Esteettinen muotoilu, joka kiinnitt\u00e4\u00e4 pienimpien k\u00e4ytt\u00e4jien huomion.<br \/>\n* &#8211; Setti\u00e4 voi laajentaa lis\u00e4keitti\u00f6tarvikkeilla.<br \/>\n* &#8211; Ihanteellinen tilan j\u00e4rjestelyn oppimiseen ja roolileikkeihin.<\/p>\n<p>Lelu kehitt\u00e4\u00e4:<\/p>\n<p>* &#8211; Mielikuvitusta<br \/>\n* &#8211; Luovuutta<br \/>\n* &#8211; Sosiaalisia taitoja<br \/>\n* &#8211; K\u00e4dentaitoja<br \/>\n* &#8211; K\u00e4yt\u00e4nn\u00f6n tietoa ostamisesta ja tuotteiden lajittelusta<\/p>\n","protected":false},"excerpt":{"rendered":"<p>MASTERKIDZ:n suuri puinen keitti\u00f6kaappi on erinomainen valinta lapsille \u2013 se yhdist\u00e4\u00e4 toiminnallisuuden, estetiikan ja turvallisuuden. T\u00e4m\u00e4 tuote sopii erinomaisesti p\u00e4iv\u00e4koteihin, leikkihuoneisiin ja kodin oppimistiloihin ja tarjoaa monia mahdollisuuksia luovaan leikkiin. Ominaisuudet: * &#8211; Valmistettu laadukkaasta puusta, mik\u00e4 takaa kest\u00e4vyyden ja turvallisuuden. * &#8211; Maalattu myrkytt\u00f6mill\u00e4, lapsille turvallisilla maaleilla. * &#8211; Esteettinen muotoilu, joka kiinnitt\u00e4\u00e4 pienimpien [&hellip;]<\/p>\n","protected":false},"featured_media":0,"comment_status":"open","ping_status":"closed","template":"","meta":[],"product_brand":[],"product_cat":[32],"product_tag":[],"class_list":{"0":"post-35924","1":"product","2":"type-product","3":"status-publish","5":"product_cat-uncategorized-fi","7":"first","8":"instock","9":"shipping-taxable","10":"purchasable","11":"product-type-simple"},"_links":{"self":[{"href":"https:\/\/nordicmart.andreevmaster.com\/fi\/wp-json\/wp\/v2\/product\/35924","targetHints":{"allow":["GET"]}}],"collection":[{"href":"https:\/\/nordicmart.andreevmaster.com\/fi\/wp-json\/wp\/v2\/product"}],"about":[{"href":"https:\/\/nordicmart.andreevmaster.com\/fi\/wp-json\/wp\/v2\/types\/product"}],"replies":[{"embeddable":true,"href":"https:\/\/nordicmart.andreevmaster.com\/fi\/wp-json\/wp\/v2\/comments?post=35924"}],"wp:attachment":[{"href":"https:\/\/nordicmart.andreevmaster.com\/fi\/wp-json\/wp\/v2\/media?parent=35924"}],"wp:term":[{"taxonomy":"product_brand","embeddable":true,"href":"https:\/\/nordicmart.andreevmaster.com\/fi\/wp-json\/wp\/v2\/product_brand?post=35924"},{"taxonomy":"product_cat","embeddable":true,"href":"https:\/\/nordicmart.andreevmaster.com\/fi\/wp-json\/wp\/v2\/product_cat?post=35924"},{"taxonomy":"product_tag","embeddable":true,"href":"https:\/\/nordicmart.andreevmaster.com\/fi\/wp-json\/wp\/v2\/product_tag?post=35924"}],"curies":[{"name":"wp","href":"https:\/\/api.w.org\/{rel}","templated":true}]}}