{"id":35923,"date":"2026-02-27T00:32:12","date_gmt":"2026-02-27T00:32:12","guid":{"rendered":"https:\/\/nordicmart.andreevmaster.com\/product\/masterkidz-pastellivarinen-kaappi-pesualtaalla\/"},"modified":"2026-02-27T09:50:27","modified_gmt":"2026-02-27T09:50:27","slug":"masterkidz-pastellivarinen-kaappi-pesualtaalla","status":"publish","type":"product","link":"https:\/\/nordicmart.andreevmaster.com\/fi\/tuote\/masterkidz-pastellivarinen-kaappi-pesualtaalla\/","title":{"rendered":"MASTERKIDZ Pastelliv\u00e4rinen kaappi pesualtaalla"},"content":{"rendered":"<p>T\u00e4m\u00e4 tunnettujen Masterkidz-tuotemerkin suuri puinen kaappi pesualtaalla t\u00e4ytt\u00e4\u00e4 kaikki laatu- ja turvallisuusvaatimukset. T\u00e4m\u00e4n yhdistelm\u00e4n ansiosta t\u00e4m\u00e4 lastenhuonekalu on ihanteellinen p\u00e4iv\u00e4koteihin tai leikkihuoneisiin. Laatuun ja esteettisyyteen kiinnitetty huomio sek\u00e4 l\u00e4hes rajattomat mahdollisuudet laajentaa sarjaa ovat t\u00e4m\u00e4n tuotteen ainutlaatuisia etuja. <\/p>\n<p>Masterkidz-lelut ovat korkealaatuisia, kest\u00e4vi\u00e4 ja turvallisia puisia oppimisleluja. Ne on suunniteltu ja mukautettu lapsen kehityksen eri vaiheisiin. Luova, seikkailullinen ja opettavainen leikki ovat t\u00e4m\u00e4n tuotemerkin lelujen t\u00e4rkeimm\u00e4t edut. Korvaamaton tuki Montessori-menetelm\u00e4lle. Paras valinta kotiisi, p\u00e4iv\u00e4kotiin, hotelliin tai ravintolaan. Luo t\u00e4ydellinen leikkinurkkaus tai suurikokoinen opettavainen sein\u00e4. Valikoima sis\u00e4lt\u00e4\u00e4 sein\u00e4lle kiinnitett\u00e4v\u00e4t ja siirrett\u00e4v\u00e4t taulut, valaistut p\u00f6yd\u00e4t ja paneelit maaleilla leikkimist\u00e4 varten. Teemalliset opettavaiset moduulit ja paljon muuta. Uskomaton m\u00e4\u00e4r\u00e4 lis\u00e4varusteita ja loputtomat mahdollisuudet luovaan leikkiin.<\/p>\n","protected":false},"excerpt":{"rendered":"<p>T\u00e4m\u00e4 tunnettujen Masterkidz-tuotemerkin suuri puinen kaappi pesualtaalla t\u00e4ytt\u00e4\u00e4 kaikki laatu- ja turvallisuusvaatimukset. T\u00e4m\u00e4n yhdistelm\u00e4n ansiosta t\u00e4m\u00e4 lastenhuonekalu on ihanteellinen p\u00e4iv\u00e4koteihin tai leikkihuoneisiin. Laatuun ja esteettisyyteen kiinnitetty huomio sek\u00e4 l\u00e4hes rajattomat mahdollisuudet laajentaa sarjaa ovat t\u00e4m\u00e4n tuotteen ainutlaatuisia etuja. Masterkidz-lelut ovat korkealaatuisia, kest\u00e4vi\u00e4 ja turvallisia puisia oppimisleluja. Ne on suunniteltu ja mukautettu lapsen kehityksen eri vaiheisiin. [&hellip;]<\/p>\n","protected":false},"featured_media":0,"comment_status":"open","ping_status":"closed","template":"","meta":[],"product_brand":[],"product_cat":[32],"product_tag":[],"class_list":{"0":"post-35923","1":"product","2":"type-product","3":"status-publish","5":"product_cat-uncategorized-fi","7":"first","8":"instock","9":"shipping-taxable","10":"purchasable","11":"product-type-simple"},"_links":{"self":[{"href":"https:\/\/nordicmart.andreevmaster.com\/fi\/wp-json\/wp\/v2\/product\/35923","targetHints":{"allow":["GET"]}}],"collection":[{"href":"https:\/\/nordicmart.andreevmaster.com\/fi\/wp-json\/wp\/v2\/product"}],"about":[{"href":"https:\/\/nordicmart.andreevmaster.com\/fi\/wp-json\/wp\/v2\/types\/product"}],"replies":[{"embeddable":true,"href":"https:\/\/nordicmart.andreevmaster.com\/fi\/wp-json\/wp\/v2\/comments?post=35923"}],"wp:attachment":[{"href":"https:\/\/nordicmart.andreevmaster.com\/fi\/wp-json\/wp\/v2\/media?parent=35923"}],"wp:term":[{"taxonomy":"product_brand","embeddable":true,"href":"https:\/\/nordicmart.andreevmaster.com\/fi\/wp-json\/wp\/v2\/product_brand?post=35923"},{"taxonomy":"product_cat","embeddable":true,"href":"https:\/\/nordicmart.andreevmaster.com\/fi\/wp-json\/wp\/v2\/product_cat?post=35923"},{"taxonomy":"product_tag","embeddable":true,"href":"https:\/\/nordicmart.andreevmaster.com\/fi\/wp-json\/wp\/v2\/product_tag?post=35923"}],"curies":[{"name":"wp","href":"https:\/\/api.w.org\/{rel}","templated":true}]}}