{"id":35921,"date":"2026-02-27T00:32:11","date_gmt":"2026-02-27T00:32:11","guid":{"rendered":"https:\/\/nordicmart.andreevmaster.com\/product\/songmics-mannekiini-musta\/"},"modified":"2026-02-27T09:50:27","modified_gmt":"2026-02-27T09:50:27","slug":"songmics-mannekiini-musta","status":"publish","type":"product","link":"https:\/\/nordicmart.andreevmaster.com\/fi\/tuote\/songmics-mannekiini-musta\/","title":{"rendered":"SONGMICS mannekiini, musta"},"content":{"rendered":"<p>Upea vaateteline Haluatpa sijoittaa sen n\u00e4yteikkunaan tai ompeluhuoneeseesi, t\u00e4m\u00e4 SONGMICS-bustes esittelee vaatteesi aina parhaassa valossa. Aseta jalustalle viel\u00e4 pari korkokenki\u00e4, jotka sopivat t\u00e4ydellisesti nuken mekkoon \u2013 t\u00e4ydellist\u00e4!  Ihanteellinen koko Rinta, vy\u00f6t\u00e4r\u00f6, lantio \u2013 88 cm, 64 cm, 83 cm. T\u00e4m\u00e4 ompelunukke sopii monenlaisiin vaatteisiin ja sen korkeutta voidaan s\u00e4\u00e4t\u00e4\u00e4. Tuotetiedot: &#8211; V\u00e4ri: musta &#8211; Materiaali: PE-ompelunukke, puukuitupohjainen jalusta, metallitanko, pellavap\u00e4\u00e4llinen &#8211; Kokonaiskoko: 30 x 40 x (140-180) cm (P x L x K) &#8211; Rinnan ymp\u00e4rysmitta: 88 cm &#8211; Vy\u00f6t\u00e4r\u00f6n ymp\u00e4rysmitta: 64 cm &#8211; Lantion ymp\u00e4rysmitta: 83 cm &#8211; Olkap\u00e4\u00e4n leveys: 34,5 cm &#8211; Paino: 4,3 kg &#8211; Maks. staattinen kantavuus: 10 kg Toimitus sis\u00e4lt\u00e4\u00e4:- 1 x ompelunukke &#8211; 1 x ohjeet (DE, EN, DE, FR, IT) SONGMICS-huomautukset: &#8211; Tuotteen mukana toimitetaan monia pieni\u00e4 osia. Pid\u00e4 ne poissa lasten ulottuvilta, jotta v\u00e4lt\u00e4t mahdolliset nielemis- tai hengitt\u00e4misvaarat. &#8211; \u00c4l\u00e4 ty\u00f6nn\u00e4 neuloja t\u00e4h\u00e4n tuotteeseen. Se soveltuu ainoastaan vaatteiden esittelyyn tai mannekiinilla olevien vaatteiden kiinnitt\u00e4miseen ja ompelemiseen.<\/p>\n","protected":false},"excerpt":{"rendered":"<p>SONGMICS N\u00e4yttelynukke, naisten ompelunukke, naisten rintakuva, pellavap\u00e4\u00e4llyste, vaateteline, putiikki, vaatekauppa, korkeuss\u00e4\u00e4dett\u00e4v\u00e4, suorakulmainen jalusta, musta MDF007B01<\/p>\n","protected":false},"featured_media":44435,"comment_status":"open","ping_status":"closed","template":"","meta":[],"product_brand":[],"product_cat":[32],"product_tag":[],"class_list":{"0":"post-35921","1":"product","2":"type-product","3":"status-publish","4":"has-post-thumbnail","6":"product_cat-uncategorized-fi","8":"first","9":"instock","10":"shipping-taxable","11":"purchasable","12":"product-type-simple"},"_links":{"self":[{"href":"https:\/\/nordicmart.andreevmaster.com\/fi\/wp-json\/wp\/v2\/product\/35921","targetHints":{"allow":["GET"]}}],"collection":[{"href":"https:\/\/nordicmart.andreevmaster.com\/fi\/wp-json\/wp\/v2\/product"}],"about":[{"href":"https:\/\/nordicmart.andreevmaster.com\/fi\/wp-json\/wp\/v2\/types\/product"}],"replies":[{"embeddable":true,"href":"https:\/\/nordicmart.andreevmaster.com\/fi\/wp-json\/wp\/v2\/comments?post=35921"}],"wp:featuredmedia":[{"embeddable":true,"href":"https:\/\/nordicmart.andreevmaster.com\/fi\/wp-json\/wp\/v2\/media\/44435"}],"wp:attachment":[{"href":"https:\/\/nordicmart.andreevmaster.com\/fi\/wp-json\/wp\/v2\/media?parent=35921"}],"wp:term":[{"taxonomy":"product_brand","embeddable":true,"href":"https:\/\/nordicmart.andreevmaster.com\/fi\/wp-json\/wp\/v2\/product_brand?post=35921"},{"taxonomy":"product_cat","embeddable":true,"href":"https:\/\/nordicmart.andreevmaster.com\/fi\/wp-json\/wp\/v2\/product_cat?post=35921"},{"taxonomy":"product_tag","embeddable":true,"href":"https:\/\/nordicmart.andreevmaster.com\/fi\/wp-json\/wp\/v2\/product_tag?post=35921"}],"curies":[{"name":"wp","href":"https:\/\/api.w.org\/{rel}","templated":true}]}}