{"id":35920,"date":"2026-02-27T00:32:11","date_gmt":"2026-02-27T00:32:11","guid":{"rendered":"https:\/\/nordicmart.andreevmaster.com\/product\/patja-up-sankyyn\/"},"modified":"2026-02-27T09:50:27","modified_gmt":"2026-02-27T09:50:27","slug":"patja-up-sankyyn","status":"publish","type":"product","link":"https:\/\/nordicmart.andreevmaster.com\/fi\/tuote\/patja-up-sankyyn\/","title":{"rendered":"Patja UP!-s\u00e4nkyyn"},"content":{"rendered":"<p>Patja 70&#215;120 + 40&#215;70 Patja on valmistettu erityisesti UP!-s\u00e4nkyyn. Sen ensimm\u00e4inen osa (koko 70&#215;120) sopii perusmallisen vauvans\u00e4ngyn kokoon.<br \/>\nKun s\u00e4nky muutetaan isommaksi, peruspatjaan lis\u00e4t\u00e4\u00e4n pienempi osa, kokoa 40&#215;70. Molemmat osat sopivat toisiinsa ja s\u00e4nkyyn. ** Patjan p\u00e4\u00e4ominaisuudet:**<br \/>\n &#8211; valmistettu allergisoimattomasta polyuretaanivaahdosta, tiheys 18,28 kg\/m3 (ns. keskikova), joka rakenteensa ansiosta kest\u00e4\u00e4 hyvin muodonmuutoksia<br \/>\n -patjan sopiva (keskikova) kovuus on oikea kehittyv\u00e4lle pienelle selk\u00e4rangalle Patjassa on tikattu, allergisoimaton p\u00e4\u00e4llinen.<br \/>\nSe on eritt\u00e4in hygieeninen ja kest\u00e4v\u00e4.<br \/>\nKangas, josta se on valmistettu, on kest\u00e4v\u00e4 ja samalla eritt\u00e4in miellytt\u00e4v\u00e4 kosketukseltaan. P\u00e4\u00e4llinen voidaan pest\u00e4 40 asteessa, mik\u00e4 pit\u00e4\u00e4 sen puhtaana ja raikkaana ja samalla poistaa tehokkaasti p\u00f6lypunkit ja mikrobit. Se on tikattu eritt\u00e4in pehme\u00e4ll\u00e4 kuitukankaalla, joka antaa sille poikkeuksellisen pehmeyden. <\/p>\n<p>**Suojuksen parametrit:**<br \/>\n &#8211; jersey-neulos<br \/>\n -suojuksen kaikki reunat on reunustettu, mik\u00e4 est\u00e4\u00e4 materiaalin rispaantumisen<br \/>\n -vetoketju (kolmelta sivulta) helpottaa suojuksen irrottamista<br \/>\n -suojus voidaan pest\u00e4 useita kertoja 40 asteessa<\/p>\n<p>Suojus on valmistettu kokonaan korkealaatuisista materiaaleista, joiden antibakteeriset ja antiallergiset ominaisuudet on vahvistettu Oeko-tex-sertifikaateilla. <\/p>\n<p>Patjan mitat: <\/p>\n<p>**70&#215;120 cm:n s\u00e4nkyyn:**<br \/>\nleveys \u2013 70 cm<br \/>\n pituus \u2013 120 cm<br \/>\nkorkeus \u2013 10 cm<br \/>\n**70&#215;160 cm:n junioris\u00e4nkyyn:**leveys \u2013 70 cm<br \/>\n pituus \u2013 40 cm<br \/>\nkorkeus \u2013 10 cm <\/p>\n<p>Lis\u00e4tietoja:<br \/>\nPatja voidaan l\u00e4hett\u00e4\u00e4 yhdess\u00e4 s\u00e4ngyn kanssa.<\/p>\n","protected":false},"excerpt":{"rendered":"<p>Patja 70&#215;120 + 40&#215;70 Patja on valmistettu erityisesti UP!-s\u00e4nkyyn. Sen ensimm\u00e4inen osa (koko 70&#215;120) sopii perusmallisen vauvans\u00e4ngyn kokoon. Kun s\u00e4nky muutetaan isommaksi, peruspatjaan lis\u00e4t\u00e4\u00e4n pienempi osa, kokoa 40&#215;70. Molemmat osat sopivat toisiinsa ja s\u00e4nkyyn. ** Patjan p\u00e4\u00e4ominaisuudet:** &#8211; valmistettu allergisoimattomasta polyuretaanivaahdosta, tiheys 18,28 kg\/m3 (ns. keskikova), joka rakenteensa ansiosta kest\u00e4\u00e4 hyvin muodonmuutoksia -patjan sopiva (keskikova) [&hellip;]<\/p>\n","protected":false},"featured_media":0,"comment_status":"open","ping_status":"closed","template":"","meta":[],"product_brand":[],"product_cat":[32],"product_tag":[],"class_list":{"0":"post-35920","1":"product","2":"type-product","3":"status-publish","5":"product_cat-uncategorized-fi","7":"first","8":"instock","9":"shipping-taxable","10":"purchasable","11":"product-type-simple"},"_links":{"self":[{"href":"https:\/\/nordicmart.andreevmaster.com\/fi\/wp-json\/wp\/v2\/product\/35920","targetHints":{"allow":["GET"]}}],"collection":[{"href":"https:\/\/nordicmart.andreevmaster.com\/fi\/wp-json\/wp\/v2\/product"}],"about":[{"href":"https:\/\/nordicmart.andreevmaster.com\/fi\/wp-json\/wp\/v2\/types\/product"}],"replies":[{"embeddable":true,"href":"https:\/\/nordicmart.andreevmaster.com\/fi\/wp-json\/wp\/v2\/comments?post=35920"}],"wp:attachment":[{"href":"https:\/\/nordicmart.andreevmaster.com\/fi\/wp-json\/wp\/v2\/media?parent=35920"}],"wp:term":[{"taxonomy":"product_brand","embeddable":true,"href":"https:\/\/nordicmart.andreevmaster.com\/fi\/wp-json\/wp\/v2\/product_brand?post=35920"},{"taxonomy":"product_cat","embeddable":true,"href":"https:\/\/nordicmart.andreevmaster.com\/fi\/wp-json\/wp\/v2\/product_cat?post=35920"},{"taxonomy":"product_tag","embeddable":true,"href":"https:\/\/nordicmart.andreevmaster.com\/fi\/wp-json\/wp\/v2\/product_tag?post=35920"}],"curies":[{"name":"wp","href":"https:\/\/api.w.org\/{rel}","templated":true}]}}