{"id":35918,"date":"2026-02-27T00:32:11","date_gmt":"2026-02-27T00:32:11","guid":{"rendered":"https:\/\/nordicmart.andreevmaster.com\/product\/patja-70x140-70x20-so-sixty-ja-pinette-sankyihin\/"},"modified":"2026-02-27T09:50:26","modified_gmt":"2026-02-27T09:50:26","slug":"patja-70x140-70x20-so-sixty-ja-pinette-sankyihin","status":"publish","type":"product","link":"https:\/\/nordicmart.andreevmaster.com\/fi\/tuote\/patja-70x140-70x20-so-sixty-ja-pinette-sankyihin\/","title":{"rendered":"Patja 70&#215;140+ 70&#215;20 So sixty- ja Pinette-s\u00e4nkyihin"},"content":{"rendered":"<p>Patja 70&#215;140+ 70&#215;20 <\/p>\n<p>Patja on valmistettu erityisesti So sixty- ja Pinette-s\u00e4ngyille<br \/>\nSen ensimm\u00e4inen osa (koko 70&#215;140) on sovitettu perusversion s\u00e4ngyn kokoon \u2013 vauvalle.Kun s\u00e4nky muutetaan pikkulapselle sopivaksi, peruspatjaan lis\u00e4t\u00e4\u00e4n pienempi osa, jonka koko on 20&#215;70.<br \/>\nMolemmat osat sopivat toisiinsa ja s\u00e4nkyyn. <\/p>\n<p>Patjan p\u00e4\u00e4ominaisuudet:<br \/>\n&#8211; valmistettu antiallergisesta polyuretaanivaahdosta, jonka tiheys on 18,28 kg\/m3 (ns. keskikova), joka rakenteensa ansiosta kest\u00e4\u00e4 hyvin muodonmuutoksia<br \/>\n&#8211; patjan oikea (keskikova) kovuus vaikuttaa suotuisasti kehittyv\u00e4\u00e4n pieneen selk\u00e4rankaan<br \/>\nPatja on varustettu tikatulla p\u00e4\u00e4llisell\u00e4, jolla on antiallergisia ominaisuuksia.Se on eritt\u00e4in hygieeninen ja kest\u00e4v\u00e4. Kangas, josta se on valmistettu, on kest\u00e4v\u00e4 ja samalla eritt\u00e4in miellytt\u00e4v\u00e4 koskettaa.P\u00e4\u00e4llinen voidaan pest\u00e4 40 \u00b0C:ssa, mik\u00e4 mahdollistaa sen pit\u00e4misen puhtaana ja raikkaana ja samalla poistaa tehokkaasti punkit ja mikro-organismit. Se on tikattu eritt\u00e4in pehme\u00e4ll\u00e4 kuitukankaalla, joka antaa sille poikkeuksellisen pehmeyden. <\/p>\n<p>P\u00e4\u00e4llisen parametrit:<br \/>\n&#8211; jersey-kangas &#8211; 100 % polyesteri<br \/>\n-peitteen kaikki reunat on reunustettu, mik\u00e4 est\u00e4\u00e4 materiaalin kulumisen<br \/>\n&#8211; vetoketju (kolmella sivulla) peitteen helpon irrottamisen varten<br \/>\n&#8211; peite voidaan pest\u00e4 useita kertoja 40 \u00b0C:ssa <\/p>\n<p>Peite on valmistettu kokonaan korkealaatuisista materiaaleista, joiden antibakteeriset ja antiallergiset ominaisuudet on vahvistettu Oeko-Tex-sertifikaateilla.<br \/>\nPatjan mitat:<br \/>\n70&#215;160-vuoteelle:<br \/>\nleveys &#8211; 70 cm<br \/>\npituus &#8211; 160 cm<br \/>\nkorkeus &#8211; 10 cm <\/p>\n<p>Lis\u00e4tietoja:<br \/>\nPatja voidaan l\u00e4hett\u00e4\u00e4 yhdess\u00e4 pinnas\u00e4ngyn kanssa.<\/p>\n","protected":false},"excerpt":{"rendered":"<p>Patja 70&#215;140+ 70&#215;20 Patja on valmistettu erityisesti So sixty- ja Pinette-s\u00e4ngyille Sen ensimm\u00e4inen osa (koko 70&#215;140) on sovitettu perusversion s\u00e4ngyn kokoon \u2013 vauvalle.Kun s\u00e4nky muutetaan pikkulapselle sopivaksi, peruspatjaan lis\u00e4t\u00e4\u00e4n pienempi osa, jonka koko on 20&#215;70. Molemmat osat sopivat toisiinsa ja s\u00e4nkyyn. Patjan p\u00e4\u00e4ominaisuudet: &#8211; valmistettu antiallergisesta polyuretaanivaahdosta, jonka tiheys on 18,28 kg\/m3 (ns. keskikova), joka [&hellip;]<\/p>\n","protected":false},"featured_media":0,"comment_status":"open","ping_status":"closed","template":"","meta":[],"product_brand":[],"product_cat":[32],"product_tag":[],"class_list":{"0":"post-35918","1":"product","2":"type-product","3":"status-publish","5":"product_cat-uncategorized-fi","7":"first","8":"instock","9":"shipping-taxable","10":"purchasable","11":"product-type-simple"},"_links":{"self":[{"href":"https:\/\/nordicmart.andreevmaster.com\/fi\/wp-json\/wp\/v2\/product\/35918","targetHints":{"allow":["GET"]}}],"collection":[{"href":"https:\/\/nordicmart.andreevmaster.com\/fi\/wp-json\/wp\/v2\/product"}],"about":[{"href":"https:\/\/nordicmart.andreevmaster.com\/fi\/wp-json\/wp\/v2\/types\/product"}],"replies":[{"embeddable":true,"href":"https:\/\/nordicmart.andreevmaster.com\/fi\/wp-json\/wp\/v2\/comments?post=35918"}],"wp:attachment":[{"href":"https:\/\/nordicmart.andreevmaster.com\/fi\/wp-json\/wp\/v2\/media?parent=35918"}],"wp:term":[{"taxonomy":"product_brand","embeddable":true,"href":"https:\/\/nordicmart.andreevmaster.com\/fi\/wp-json\/wp\/v2\/product_brand?post=35918"},{"taxonomy":"product_cat","embeddable":true,"href":"https:\/\/nordicmart.andreevmaster.com\/fi\/wp-json\/wp\/v2\/product_cat?post=35918"},{"taxonomy":"product_tag","embeddable":true,"href":"https:\/\/nordicmart.andreevmaster.com\/fi\/wp-json\/wp\/v2\/product_tag?post=35918"}],"curies":[{"name":"wp","href":"https:\/\/api.w.org\/{rel}","templated":true}]}}