{"id":35917,"date":"2026-02-27T00:32:10","date_gmt":"2026-02-27T00:32:10","guid":{"rendered":"https:\/\/nordicmart.andreevmaster.com\/product\/patja-dream-nest-80x160\/"},"modified":"2026-02-27T09:50:26","modified_gmt":"2026-02-27T09:50:26","slug":"patja-dream-nest-80x160","status":"publish","type":"product","link":"https:\/\/nordicmart.andreevmaster.com\/fi\/tuote\/patja-dream-nest-80x160\/","title":{"rendered":"Patja  Dream Nest 80&#215;160"},"content":{"rendered":"<p>Erityisesti Dream Nest -s\u00e4nkyyn suunniteltu patja<\/p>\n<p>Patjan p\u00e4\u00e4ominaisuudet:<br \/>\n&#8211; valmistettu antiallergisesta polyuretaanivaahdosta, tiheys 18,28 kg\/m3 (ns. keskikova), joka rakenteensa ansiosta kest\u00e4\u00e4 hyvin muodonmuutoksia<br \/>\n&#8211; patjan sopiva (keskikova) kovuus vaikuttaa oikealla tavalla pienen selk\u00e4rangan muotoiluun<\/p>\n<p>Patjassa on tikattu p\u00e4\u00e4llinen, jolla on antiallergisia ominaisuuksia.Se on eritt\u00e4in hygieeninen ja kest\u00e4v\u00e4. Neulottu kangas on kest\u00e4v\u00e4 ja samalla eritt\u00e4in miellytt\u00e4v\u00e4 koskettaa.<br \/>\nP\u00e4\u00e4llinen voidaan pest\u00e4 40 \u00b0C:ssa, mik\u00e4 mahdollistaa sen puhtaana ja raikkaana pit\u00e4misen ja samalla poistaa tehokkaasti punkit ja mikro-organismit.<br \/>\nSe on tikattu eritt\u00e4in pehme\u00e4ll\u00e4 kuitukankaalla, mik\u00e4 antaa sille poikkeuksellisen pehmeyden. <\/p>\n<p>P\u00e4\u00e4llisen parametrit:<br \/>\n&#8211; jerseyneulos &#8211; 100 % polyesteri\u00e4<br \/>\n&#8211; kannen kaikki reunat on reunustettu, mik\u00e4 est\u00e4\u00e4 materiaalin kulumisen<br \/>\n&#8211; lukko (kolmella sivulla) kannen helpon irrottamisen mahdollistamiseksi<br \/>\n&#8211; mahdollisuus pest\u00e4 kansi useita kertoja 40 \u00b0C:ssa <\/p>\n<p>Kansi on valmistettu kokonaan korkealaatuisista materiaaleista, joiden antibakteeriset ja antiallergiset ominaisuudet on vahvistettu Oeko-tex-sertifikaateilla. <\/p>\n<p>Patjan mitat:<\/p>\n<p>s\u00e4ngylle 80&#215;160:<br \/>\nleveys &#8211; 80 cm<br \/>\npituus &#8211; 160 cm<br \/>\nkorkeus &#8211; 10 cm<\/p>\n","protected":false},"excerpt":{"rendered":"<p>Erityisesti Dream Nest -s\u00e4nkyyn suunniteltu patja Patjan p\u00e4\u00e4ominaisuudet: &#8211; valmistettu antiallergisesta polyuretaanivaahdosta, tiheys 18,28 kg\/m3 (ns. keskikova), joka rakenteensa ansiosta kest\u00e4\u00e4 hyvin muodonmuutoksia &#8211; patjan sopiva (keskikova) kovuus vaikuttaa oikealla tavalla pienen selk\u00e4rangan muotoiluun Patjassa on tikattu p\u00e4\u00e4llinen, jolla on antiallergisia ominaisuuksia.Se on eritt\u00e4in hygieeninen ja kest\u00e4v\u00e4. Neulottu kangas on kest\u00e4v\u00e4 ja samalla eritt\u00e4in miellytt\u00e4v\u00e4 [&hellip;]<\/p>\n","protected":false},"featured_media":0,"comment_status":"open","ping_status":"closed","template":"","meta":[],"product_brand":[],"product_cat":[32],"product_tag":[],"class_list":{"0":"post-35917","1":"product","2":"type-product","3":"status-publish","5":"product_cat-uncategorized-fi","7":"first","8":"instock","9":"shipping-taxable","10":"purchasable","11":"product-type-simple"},"_links":{"self":[{"href":"https:\/\/nordicmart.andreevmaster.com\/fi\/wp-json\/wp\/v2\/product\/35917","targetHints":{"allow":["GET"]}}],"collection":[{"href":"https:\/\/nordicmart.andreevmaster.com\/fi\/wp-json\/wp\/v2\/product"}],"about":[{"href":"https:\/\/nordicmart.andreevmaster.com\/fi\/wp-json\/wp\/v2\/types\/product"}],"replies":[{"embeddable":true,"href":"https:\/\/nordicmart.andreevmaster.com\/fi\/wp-json\/wp\/v2\/comments?post=35917"}],"wp:attachment":[{"href":"https:\/\/nordicmart.andreevmaster.com\/fi\/wp-json\/wp\/v2\/media?parent=35917"}],"wp:term":[{"taxonomy":"product_brand","embeddable":true,"href":"https:\/\/nordicmart.andreevmaster.com\/fi\/wp-json\/wp\/v2\/product_brand?post=35917"},{"taxonomy":"product_cat","embeddable":true,"href":"https:\/\/nordicmart.andreevmaster.com\/fi\/wp-json\/wp\/v2\/product_cat?post=35917"},{"taxonomy":"product_tag","embeddable":true,"href":"https:\/\/nordicmart.andreevmaster.com\/fi\/wp-json\/wp\/v2\/product_tag?post=35917"}],"curies":[{"name":"wp","href":"https:\/\/api.w.org\/{rel}","templated":true}]}}