{"id":35916,"date":"2026-02-27T00:32:10","date_gmt":"2026-02-27T00:32:10","guid":{"rendered":"https:\/\/nordicmart.andreevmaster.com\/product\/marylou-snow-bliss-3-ovinen-vaatekaappi\/"},"modified":"2026-02-27T09:50:26","modified_gmt":"2026-02-27T09:50:26","slug":"marylou-snow-bliss-3-ovinen-vaatekaappi","status":"publish","type":"product","link":"https:\/\/nordicmart.andreevmaster.com\/fi\/tuote\/marylou-snow-bliss-3-ovinen-vaatekaappi\/","title":{"rendered":"Marylou snow bliss 3-ovinen vaatekaappi"},"content":{"rendered":"<p>Eritt\u00e4in tilava, kolmiovinen vaatekaappi on v\u00e4ltt\u00e4m\u00e4t\u00f6n osa sisarusten huonetta. Kaappi on suunniteltu kahdesta osasta: leve\u00e4mm\u00e4st\u00e4 ja kapeammasta.<br \/>\nLeve\u00e4mpi, kaksiovinen osa on varustettu ripustustangolla ja kahdella tilavalla hyllyll\u00e4 (jotka peitt\u00e4v\u00e4t koko kaapin t\u00e4m\u00e4n osan leveyden).Kapeammassa osassa on hyllyj\u00e4, joista kolme on s\u00e4\u00e4dett\u00e4viss\u00e4. Kaapin t\u00e4ydent\u00e4v\u00e4t kaksi laatikkoa: leve\u00e4mpi ja kapeampi, jotka on varustettu Hafele-kiskoilla ja pehme\u00e4ll\u00e4 sulkeutumisj\u00e4rjestelm\u00e4ll\u00e4. Vaatekaappi on valmistettu korkealaatuisesta MDF-levyst\u00e4, joka on maalattu valkoisella lapsiturvallisella maalilla, ja huonekalulevyst\u00e4 (sivut ja sis\u00e4osat). K\u00e4yt\u00f6n turvallisuuden ja mukavuuden lis\u00e4\u00e4miseksi on k\u00e4ytetty turvallisia ja luotettavia ohjainkiskoja, jotka on varustettu lis\u00e4sulkeutumisj\u00e4rjestelm\u00e4ll\u00e4.<\/p>\n<p>Mitat (cm): L:146,5 S:52,5, K:174,5 Noin.<br \/>\nPakettien lukum\u00e4\u00e4r\u00e4: 4<\/p>\n<p>**Materiaalit:**<br \/>\nValmistettu korkealaatuisesta MDF-levyst\u00e4 ja lastulevyst\u00e4.<br \/>\nViimeistelty lasten turvallisella maalilla, sertifioitu standardin EN71 \/ 3 mukaisesti.<\/p>\n<p>**K\u00e4ytt\u00f6ohjeet:**<br \/>\nPese pehme\u00e4ll\u00e4, miedolla puhdistusaineella kostutetulla liinalla. <\/p>\n<p>**Lis\u00e4tietoja:**<br \/>\nKaikki tuotteemme toimitetaan littein\u00e4 pakkauksina, ja ne on helppo koota itse mukana tulevien helppotajuisten ohjeiden avulla.<\/p>\n","protected":false},"excerpt":{"rendered":"<p>Eritt\u00e4in tilava, kolmiovinen vaatekaappi on v\u00e4ltt\u00e4m\u00e4t\u00f6n osa sisarusten huonetta. Kaappi on suunniteltu kahdesta osasta: leve\u00e4mm\u00e4st\u00e4 ja kapeammasta. Leve\u00e4mpi, kaksiovinen osa on varustettu ripustustangolla ja kahdella tilavalla hyllyll\u00e4 (jotka peitt\u00e4v\u00e4t koko kaapin t\u00e4m\u00e4n osan leveyden).Kapeammassa osassa on hyllyj\u00e4, joista kolme on s\u00e4\u00e4dett\u00e4viss\u00e4. Kaapin t\u00e4ydent\u00e4v\u00e4t kaksi laatikkoa: leve\u00e4mpi ja kapeampi, jotka on varustettu Hafele-kiskoilla ja pehme\u00e4ll\u00e4 sulkeutumisj\u00e4rjestelm\u00e4ll\u00e4. [&hellip;]<\/p>\n","protected":false},"featured_media":0,"comment_status":"open","ping_status":"closed","template":"","meta":[],"product_brand":[],"product_cat":[32],"product_tag":[],"class_list":{"0":"post-35916","1":"product","2":"type-product","3":"status-publish","5":"product_cat-uncategorized-fi","7":"first","8":"instock","9":"shipping-taxable","10":"purchasable","11":"product-type-simple"},"_links":{"self":[{"href":"https:\/\/nordicmart.andreevmaster.com\/fi\/wp-json\/wp\/v2\/product\/35916","targetHints":{"allow":["GET"]}}],"collection":[{"href":"https:\/\/nordicmart.andreevmaster.com\/fi\/wp-json\/wp\/v2\/product"}],"about":[{"href":"https:\/\/nordicmart.andreevmaster.com\/fi\/wp-json\/wp\/v2\/types\/product"}],"replies":[{"embeddable":true,"href":"https:\/\/nordicmart.andreevmaster.com\/fi\/wp-json\/wp\/v2\/comments?post=35916"}],"wp:attachment":[{"href":"https:\/\/nordicmart.andreevmaster.com\/fi\/wp-json\/wp\/v2\/media?parent=35916"}],"wp:term":[{"taxonomy":"product_brand","embeddable":true,"href":"https:\/\/nordicmart.andreevmaster.com\/fi\/wp-json\/wp\/v2\/product_brand?post=35916"},{"taxonomy":"product_cat","embeddable":true,"href":"https:\/\/nordicmart.andreevmaster.com\/fi\/wp-json\/wp\/v2\/product_cat?post=35916"},{"taxonomy":"product_tag","embeddable":true,"href":"https:\/\/nordicmart.andreevmaster.com\/fi\/wp-json\/wp\/v2\/product_tag?post=35916"}],"curies":[{"name":"wp","href":"https:\/\/api.w.org\/{rel}","templated":true}]}}