{"id":35915,"date":"2026-02-27T00:32:10","date_gmt":"2026-02-27T00:32:10","guid":{"rendered":"https:\/\/nordicmart.andreevmaster.com\/product\/marylou-snow-bliss-vaatekaappi\/"},"modified":"2026-02-27T09:50:26","modified_gmt":"2026-02-27T09:50:26","slug":"marylou-snow-bliss-vaatekaappi","status":"publish","type":"product","link":"https:\/\/nordicmart.andreevmaster.com\/fi\/tuote\/marylou-snow-bliss-vaatekaappi\/","title":{"rendered":"Marylou snow bliss -vaatekaappi"},"content":{"rendered":"<p>Klassinen ja tyylik\u00e4s lastenhuonekalujen sarja, jossa on raikas ja herkk\u00e4 ilme. Sarja on vaaleissa v\u00e4reiss\u00e4, ja kauniit hopeiset kahvat lis\u00e4\u00e4v\u00e4t hienostuneisuutta sen yleiseen ilmeeseen.Vaatekaappi on valmistettu korkealaatuisesta MDF-levyst\u00e4, joka on maalattu valkoisella, lapsiturvallisella maalilla, ja huonekalulevyst\u00e4 (sivut ja sis\u00e4osat). K\u00e4yt\u00f6n turvallisuuden ja mukavuuden lis\u00e4\u00e4miseksi on k\u00e4ytetty turvallisia ja luotettavia ohjauskiskoja, jotka on varustettu lis\u00e4sulkemisj\u00e4rjestelm\u00e4ll\u00e4.<\/p>\n<p>**Miksi ostaa t\u00e4m\u00e4 tuote?**<br \/>\n&#8211; koko leveydelt\u00e4 ulottuva ripustuskisko<br \/>\n&#8211; 1 kiinte\u00e4 hylly koko leveydelt\u00e4 ripustuskiskon yl\u00e4puolella<br \/>\n&#8211; 1 s\u00e4\u00e4dett\u00e4v\u00e4 hylly vauvan tarvikkeiden s\u00e4ilytt\u00e4miseen ja yksi koko leveydelt\u00e4 ulottuva hylly<br \/>\n&#8211; 1 tilava laatikko hiljaisilla Haffele-ohjainkiskoilla, joissa on itsest\u00e4\u00e4n sulkeutuva toiminto<\/p>\n<p>Mitat (cm): L:102,6 S:52,5, K: 174,6 Noin. <\/p>\n<p>Huonekalut on viimeistelty italialaisen toimittajan erikoisvalikoimalla maalilla, jolla on ainutlaatuiset kovettumisominaisuudet, joten huonekalut kest\u00e4v\u00e4t kahta eri tyyppisi\u00e4 vaurioita:<br \/>\n&#8211; Kemikaalit: suojaa veden, voiteiden, \u00f6ljyjen ja muiden pesuaineiden vaikutuksilta;<br \/>\n&#8211; Mekaaninen suoja kaikenlaisia huonekalujen k\u00e4yt\u00f6st\u00e4 aiheutuvia naarmuja vastaan.<br \/>\nSopiva maali luo t\u00e4ydellisen sile\u00e4n pinnoitteen. Erityiset materiaalit luovat herk\u00e4n satiinin mattapintaisen vaikutelman. Maalilla on kaikki tarvittavat sertifikaatit. Lis\u00e4ksi maalattuja huonekaluja testataan ennen myyntiin saattamista laboratorioissa p\u00e4\u00e4st\u00f6jen osalta.<\/p>\n<p>Kaikki tuotteemme toimitetaan littein\u00e4 pakkauksina, ja ne on helppo koota itse mukana tulevien helppotajuisten ohjeiden avulla.<\/p>\n","protected":false},"excerpt":{"rendered":"<p>Klassinen ja tyylik\u00e4s lastenhuonekalujen sarja, jossa on raikas ja herkk\u00e4 ilme. Sarja on vaaleissa v\u00e4reiss\u00e4, ja kauniit hopeiset kahvat lis\u00e4\u00e4v\u00e4t hienostuneisuutta sen yleiseen ilmeeseen.Vaatekaappi on valmistettu korkealaatuisesta MDF-levyst\u00e4, joka on maalattu valkoisella, lapsiturvallisella maalilla, ja huonekalulevyst\u00e4 (sivut ja sis\u00e4osat). K\u00e4yt\u00f6n turvallisuuden ja mukavuuden lis\u00e4\u00e4miseksi on k\u00e4ytetty turvallisia ja luotettavia ohjauskiskoja, jotka on varustettu lis\u00e4sulkemisj\u00e4rjestelm\u00e4ll\u00e4. **Miksi [&hellip;]<\/p>\n","protected":false},"featured_media":0,"comment_status":"open","ping_status":"closed","template":"","meta":[],"product_brand":[],"product_cat":[32],"product_tag":[],"class_list":{"0":"post-35915","1":"product","2":"type-product","3":"status-publish","5":"product_cat-uncategorized-fi","7":"first","8":"instock","9":"shipping-taxable","10":"purchasable","11":"product-type-simple"},"_links":{"self":[{"href":"https:\/\/nordicmart.andreevmaster.com\/fi\/wp-json\/wp\/v2\/product\/35915","targetHints":{"allow":["GET"]}}],"collection":[{"href":"https:\/\/nordicmart.andreevmaster.com\/fi\/wp-json\/wp\/v2\/product"}],"about":[{"href":"https:\/\/nordicmart.andreevmaster.com\/fi\/wp-json\/wp\/v2\/types\/product"}],"replies":[{"embeddable":true,"href":"https:\/\/nordicmart.andreevmaster.com\/fi\/wp-json\/wp\/v2\/comments?post=35915"}],"wp:attachment":[{"href":"https:\/\/nordicmart.andreevmaster.com\/fi\/wp-json\/wp\/v2\/media?parent=35915"}],"wp:term":[{"taxonomy":"product_brand","embeddable":true,"href":"https:\/\/nordicmart.andreevmaster.com\/fi\/wp-json\/wp\/v2\/product_brand?post=35915"},{"taxonomy":"product_cat","embeddable":true,"href":"https:\/\/nordicmart.andreevmaster.com\/fi\/wp-json\/wp\/v2\/product_cat?post=35915"},{"taxonomy":"product_tag","embeddable":true,"href":"https:\/\/nordicmart.andreevmaster.com\/fi\/wp-json\/wp\/v2\/product_tag?post=35915"}],"curies":[{"name":"wp","href":"https:\/\/api.w.org\/{rel}","templated":true}]}}