{"id":35914,"date":"2026-02-27T00:32:10","date_gmt":"2026-02-27T00:32:10","guid":{"rendered":"https:\/\/nordicmart.andreevmaster.com\/product\/marylou-snow-bliss-sangyn-laatikko-90x200-lisamakuutila\/"},"modified":"2026-02-27T09:50:25","modified_gmt":"2026-02-27T09:50:25","slug":"marylou-snow-bliss-sangyn-laatikko-90x200-lisamakuutila","status":"publish","type":"product","link":"https:\/\/nordicmart.andreevmaster.com\/fi\/tuote\/marylou-snow-bliss-sangyn-laatikko-90x200-lisamakuutila\/","title":{"rendered":"Marylou snow bliss -s\u00e4ngyn laatikko 90&#215;200 lis\u00e4makuutila"},"content":{"rendered":"<p>Klassinen ja tyylik\u00e4s lastenhuonekalujen sarja, jossa on raikas ja herkk\u00e4 ilme. Sarja on vaaleissa v\u00e4reiss\u00e4, ja kauniit hopeiset kahvat lis\u00e4\u00e4v\u00e4t hienostuneisuutta sen yleiseen ilmeeseen. <\/p>\n<p>Laatikko on valmistettu korkealaatuisesta MDF-levyst\u00e4, joka on maalattu valkoisella lapsiturvallisella maalilla (etuosa) ja huonekalulevyll\u00e4 (sivut ja takaosa).<\/p>\n<p>**Miksi ostaa?**<br \/>\n&#8211; laatikkoa voi k\u00e4ytt\u00e4\u00e4 tavaroiden s\u00e4ilytykseen tai ylim\u00e4\u00e4r\u00e4isen\u00e4 nukkumapaikkana!<br \/>\n&#8211; siin\u00e4 on py\u00f6r\u00e4t<br \/>\n&#8211; voidaan sijoittaa s\u00e4ngyn vasemmalle tai oikealle puolelle<br \/>\n&#8211; laatikkoon mahtuu 90&#215;190 cm:n patja (ei sis\u00e4lly toimitukseen)<\/p>\n<p> Mitat (cm): Pituus: 202 Syvyys: 93 Korkeus: 15<\/p>\n<p>Huonekalut on viimeistelty italialaisen toimittajan erikoisvalmisteisella maalilla, jolla on ainutlaatuisia kovettavia ominaisuuksia, joten huonekalut kest\u00e4v\u00e4t kahta eri tyyppisi\u00e4 vaurioita:<br \/>\n&#8211; Kemikaalit: suojaa veden, voiteiden, \u00f6ljyjen ja muiden pesuaineiden vaikutuksilta;<br \/>\n&#8211; Mekaaninen suoja kaikenlaisia huonekalujen k\u00e4yt\u00f6st\u00e4 aiheutuvia naarmuja vastaan.Sopiva maali luo t\u00e4ydellisen sile\u00e4n pinnoitteen. Erityiset materiaalit luovat herk\u00e4n satiinin mattapintaisen vaikutelman. Maalilla on kaikki tarvittavat sertifikaatit. Lis\u00e4ksi maalattuja huonekaluja testataan ennen myyntiin saattamista laboratorioissa p\u00e4\u00e4st\u00f6jen osalta. Erityisen kovettuneen maalin ansiosta ne eiv\u00e4t p\u00e4\u00e4st\u00e4 ilmaan haitallisia aineita. Kaikki tuotteemme toimitetaan littein\u00e4 pakkauksina, ja ne on helppo koota itse mukana tulevien helppotajuisten ohjeiden avulla.<\/p>\n","protected":false},"excerpt":{"rendered":"<p>Klassinen ja tyylik\u00e4s lastenhuonekalujen sarja, jossa on raikas ja herkk\u00e4 ilme. Sarja on vaaleissa v\u00e4reiss\u00e4, ja kauniit hopeiset kahvat lis\u00e4\u00e4v\u00e4t hienostuneisuutta sen yleiseen ilmeeseen. Laatikko on valmistettu korkealaatuisesta MDF-levyst\u00e4, joka on maalattu valkoisella lapsiturvallisella maalilla (etuosa) ja huonekalulevyll\u00e4 (sivut ja takaosa). **Miksi ostaa?** &#8211; laatikkoa voi k\u00e4ytt\u00e4\u00e4 tavaroiden s\u00e4ilytykseen tai ylim\u00e4\u00e4r\u00e4isen\u00e4 nukkumapaikkana! &#8211; siin\u00e4 on [&hellip;]<\/p>\n","protected":false},"featured_media":0,"comment_status":"open","ping_status":"closed","template":"","meta":[],"product_brand":[],"product_cat":[32],"product_tag":[],"class_list":{"0":"post-35914","1":"product","2":"type-product","3":"status-publish","5":"product_cat-uncategorized-fi","7":"first","8":"instock","9":"shipping-taxable","10":"purchasable","11":"product-type-simple"},"_links":{"self":[{"href":"https:\/\/nordicmart.andreevmaster.com\/fi\/wp-json\/wp\/v2\/product\/35914","targetHints":{"allow":["GET"]}}],"collection":[{"href":"https:\/\/nordicmart.andreevmaster.com\/fi\/wp-json\/wp\/v2\/product"}],"about":[{"href":"https:\/\/nordicmart.andreevmaster.com\/fi\/wp-json\/wp\/v2\/types\/product"}],"replies":[{"embeddable":true,"href":"https:\/\/nordicmart.andreevmaster.com\/fi\/wp-json\/wp\/v2\/comments?post=35914"}],"wp:attachment":[{"href":"https:\/\/nordicmart.andreevmaster.com\/fi\/wp-json\/wp\/v2\/media?parent=35914"}],"wp:term":[{"taxonomy":"product_brand","embeddable":true,"href":"https:\/\/nordicmart.andreevmaster.com\/fi\/wp-json\/wp\/v2\/product_brand?post=35914"},{"taxonomy":"product_cat","embeddable":true,"href":"https:\/\/nordicmart.andreevmaster.com\/fi\/wp-json\/wp\/v2\/product_cat?post=35914"},{"taxonomy":"product_tag","embeddable":true,"href":"https:\/\/nordicmart.andreevmaster.com\/fi\/wp-json\/wp\/v2\/product_tag?post=35914"}],"curies":[{"name":"wp","href":"https:\/\/api.w.org\/{rel}","templated":true}]}}