{"id":35913,"date":"2026-02-27T00:32:09","date_gmt":"2026-02-27T00:32:09","guid":{"rendered":"https:\/\/nordicmart.andreevmaster.com\/product\/marylou-snow-bliss-pinnasanky-70x140-laatikko\/"},"modified":"2026-02-27T09:50:25","modified_gmt":"2026-02-27T09:50:25","slug":"marylou-snow-bliss-pinnasanky-70x140-laatikko","status":"publish","type":"product","link":"https:\/\/nordicmart.andreevmaster.com\/fi\/tuote\/marylou-snow-bliss-pinnasanky-70x140-laatikko\/","title":{"rendered":"Marylou snow bliss -pinnas\u00e4nky 70&#215;140, laatikko"},"content":{"rendered":"<p>Klassinen ja tyylik\u00e4s lastenhuonekalujen sarja, jossa on raikas ja herkk\u00e4 ilme. Sarja on vaaleissa v\u00e4reiss\u00e4, ja kauniit hopeiset kahvat lis\u00e4\u00e4v\u00e4t hienostuneisuutta sen yleiseen ilmeeseen. <\/p>\n<p>Laatikko on valmistettu korkealaatuisesta MDF-levyst\u00e4, joka on maalattu valkoiseksi sertifioidulla ja lapsiturvallisella maalilla, sek\u00e4 lastulevyst\u00e4.<\/p>\n<p>**Miksi ostaa?**<br \/>\n&#8211; kiinnitet\u00e4\u00e4n s\u00e4ngyn sivuille hiljaisilla ohjainkiskoilla<br \/>\n&#8211; ylim\u00e4\u00e4r\u00e4inen tila vauvan v\u00e4ltt\u00e4m\u00e4tt\u00f6mien tavaroiden s\u00e4ilytt\u00e4miseen<\/p>\n<p>Sopii vain Marylou-s\u00e4nkyyn 70&#215;140<\/p>\n<p>Mitat (cm): L: 134,8 S: 68,4 K: 9,2<\/p>\n<p>Kaikki tuotteemme toimitetaan littein\u00e4 pakkauksina, ja ne on helppo koota itse mukana tulevien helppotajuisten ohjeiden avulla.<\/p>\n","protected":false},"excerpt":{"rendered":"<p>Klassinen ja tyylik\u00e4s lastenhuonekalujen sarja, jossa on raikas ja herkk\u00e4 ilme. Sarja on vaaleissa v\u00e4reiss\u00e4, ja kauniit hopeiset kahvat lis\u00e4\u00e4v\u00e4t hienostuneisuutta sen yleiseen ilmeeseen. Laatikko on valmistettu korkealaatuisesta MDF-levyst\u00e4, joka on maalattu valkoiseksi sertifioidulla ja lapsiturvallisella maalilla, sek\u00e4 lastulevyst\u00e4. **Miksi ostaa?** &#8211; kiinnitet\u00e4\u00e4n s\u00e4ngyn sivuille hiljaisilla ohjainkiskoilla &#8211; ylim\u00e4\u00e4r\u00e4inen tila vauvan v\u00e4ltt\u00e4m\u00e4tt\u00f6mien tavaroiden s\u00e4ilytt\u00e4miseen Sopii [&hellip;]<\/p>\n","protected":false},"featured_media":0,"comment_status":"open","ping_status":"closed","template":"","meta":[],"product_brand":[],"product_cat":[32],"product_tag":[],"class_list":{"0":"post-35913","1":"product","2":"type-product","3":"status-publish","5":"product_cat-uncategorized-fi","7":"first","8":"instock","9":"shipping-taxable","10":"purchasable","11":"product-type-simple"},"_links":{"self":[{"href":"https:\/\/nordicmart.andreevmaster.com\/fi\/wp-json\/wp\/v2\/product\/35913","targetHints":{"allow":["GET"]}}],"collection":[{"href":"https:\/\/nordicmart.andreevmaster.com\/fi\/wp-json\/wp\/v2\/product"}],"about":[{"href":"https:\/\/nordicmart.andreevmaster.com\/fi\/wp-json\/wp\/v2\/types\/product"}],"replies":[{"embeddable":true,"href":"https:\/\/nordicmart.andreevmaster.com\/fi\/wp-json\/wp\/v2\/comments?post=35913"}],"wp:attachment":[{"href":"https:\/\/nordicmart.andreevmaster.com\/fi\/wp-json\/wp\/v2\/media?parent=35913"}],"wp:term":[{"taxonomy":"product_brand","embeddable":true,"href":"https:\/\/nordicmart.andreevmaster.com\/fi\/wp-json\/wp\/v2\/product_brand?post=35913"},{"taxonomy":"product_cat","embeddable":true,"href":"https:\/\/nordicmart.andreevmaster.com\/fi\/wp-json\/wp\/v2\/product_cat?post=35913"},{"taxonomy":"product_tag","embeddable":true,"href":"https:\/\/nordicmart.andreevmaster.com\/fi\/wp-json\/wp\/v2\/product_tag?post=35913"}],"curies":[{"name":"wp","href":"https:\/\/api.w.org\/{rel}","templated":true}]}}