{"id":35912,"date":"2026-02-27T00:32:09","date_gmt":"2026-02-27T00:32:09","guid":{"rendered":"https:\/\/nordicmart.andreevmaster.com\/product\/marylou-snow-bliss-lelulaatikko\/"},"modified":"2026-02-27T09:50:25","modified_gmt":"2026-02-27T09:50:25","slug":"marylou-snow-bliss-lelulaatikko","status":"publish","type":"product","link":"https:\/\/nordicmart.andreevmaster.com\/fi\/tuote\/marylou-snow-bliss-lelulaatikko\/","title":{"rendered":"Marylou snow bliss lelulaatikko"},"content":{"rendered":"<p>Klassinen ja tyylik\u00e4s lastenhuonekalujen sarja, jossa on raikas ja herkk\u00e4 ilme. Sarja on vaaleissa v\u00e4reiss\u00e4, ja kauniit hopeiset kahvat lis\u00e4\u00e4v\u00e4t hienostuneisuutta sen ulkon\u00e4k\u00f6\u00f6n.Lelulaatikko on valmistettu korkealaatuisesta MDF-levyst\u00e4, joka on maalattu valkoisella, lapsille turvallisella maalilla, ja huonekalulevyst\u00e4 (sivut, pohja).<\/p>\n<p>**Miksi ostaa?**<br \/>\n&#8211; turvallinen kannen sulkemisj\u00e4rjestelm\u00e4<br \/>\n&#8211; tilava s\u00e4ilytyspaikka kaikille vauvan leluille\/peitoille jne. L 69,4 S 51,1 K 55,6<\/p>\n<p>Huonekalut on viimeistelty italialaisen toimittajan erikoisvalmisteisella maalilla, jolla on ainutlaatuisia kovettavia ominaisuuksia, joten huonekalut kest\u00e4v\u00e4t kahta eri tyyppisi\u00e4 vaurioita:<br \/>\n&#8211; Kemikaalit: suojaa veden, voiteiden, \u00f6ljyjen ja muiden pesuaineiden vaikutuksilta;<br \/>\n&#8211; Mekaaninen suoja kaikenlaisia huonekalujen k\u00e4yt\u00f6st\u00e4 aiheutuvia naarmuja vastaan.<br \/>\nSopiva maali luo t\u00e4ydellisen sile\u00e4n pinnoitteen. Erityiset materiaalit luovat herk\u00e4n satiinin mattapintaisen vaikutelman.<\/p>\n<p>Maalilla on kaikki tarvittavat sertifikaatit. Lis\u00e4ksi ennen myyntiin saattamista maalatut huonekalut testataan laboratorioissa p\u00e4\u00e4st\u00f6jen osalta. Erityisen kovettuneen maalin ansiosta ne eiv\u00e4t p\u00e4\u00e4st\u00e4 ilmaan haitallisia aineita.<\/p>\n<p>Kaikki tuotteemme toimitetaan littein\u00e4 pakkauksina, ja ne on helppo koota itse mukana tulevien helppotajuisten ohjeiden avulla.<\/p>\n","protected":false},"excerpt":{"rendered":"<p>Klassinen ja tyylik\u00e4s lastenhuonekalujen sarja, jossa on raikas ja herkk\u00e4 ilme. Sarja on vaaleissa v\u00e4reiss\u00e4, ja kauniit hopeiset kahvat lis\u00e4\u00e4v\u00e4t hienostuneisuutta sen ulkon\u00e4k\u00f6\u00f6n.Lelulaatikko on valmistettu korkealaatuisesta MDF-levyst\u00e4, joka on maalattu valkoisella, lapsille turvallisella maalilla, ja huonekalulevyst\u00e4 (sivut, pohja). **Miksi ostaa?** &#8211; turvallinen kannen sulkemisj\u00e4rjestelm\u00e4 &#8211; tilava s\u00e4ilytyspaikka kaikille vauvan leluille\/peitoille jne. L 69,4 S 51,1 [&hellip;]<\/p>\n","protected":false},"featured_media":0,"comment_status":"open","ping_status":"closed","template":"","meta":[],"product_brand":[],"product_cat":[32],"product_tag":[],"class_list":{"0":"post-35912","1":"product","2":"type-product","3":"status-publish","5":"product_cat-uncategorized-fi","7":"first","8":"instock","9":"shipping-taxable","10":"purchasable","11":"product-type-simple"},"_links":{"self":[{"href":"https:\/\/nordicmart.andreevmaster.com\/fi\/wp-json\/wp\/v2\/product\/35912","targetHints":{"allow":["GET"]}}],"collection":[{"href":"https:\/\/nordicmart.andreevmaster.com\/fi\/wp-json\/wp\/v2\/product"}],"about":[{"href":"https:\/\/nordicmart.andreevmaster.com\/fi\/wp-json\/wp\/v2\/types\/product"}],"replies":[{"embeddable":true,"href":"https:\/\/nordicmart.andreevmaster.com\/fi\/wp-json\/wp\/v2\/comments?post=35912"}],"wp:attachment":[{"href":"https:\/\/nordicmart.andreevmaster.com\/fi\/wp-json\/wp\/v2\/media?parent=35912"}],"wp:term":[{"taxonomy":"product_brand","embeddable":true,"href":"https:\/\/nordicmart.andreevmaster.com\/fi\/wp-json\/wp\/v2\/product_brand?post=35912"},{"taxonomy":"product_cat","embeddable":true,"href":"https:\/\/nordicmart.andreevmaster.com\/fi\/wp-json\/wp\/v2\/product_cat?post=35912"},{"taxonomy":"product_tag","embeddable":true,"href":"https:\/\/nordicmart.andreevmaster.com\/fi\/wp-json\/wp\/v2\/product_tag?post=35912"}],"curies":[{"name":"wp","href":"https:\/\/api.w.org\/{rel}","templated":true}]}}