{"id":35909,"date":"2026-02-27T00:32:09","date_gmt":"2026-02-27T00:32:09","guid":{"rendered":"https:\/\/nordicmart.andreevmaster.com\/product\/marylou-snow-bliss-sanky-90x200\/"},"modified":"2026-02-27T09:50:24","modified_gmt":"2026-02-27T09:50:24","slug":"marylou-snow-bliss-sanky-90x200","status":"publish","type":"product","link":"https:\/\/nordicmart.andreevmaster.com\/fi\/tuote\/marylou-snow-bliss-sanky-90x200\/","title":{"rendered":"Marylou snow bliss -s\u00e4nky 90&#215;200"},"content":{"rendered":"<p>Klassinen ja tyylik\u00e4s lastenhuonekalujen sarja, jossa on raikas ja herkk\u00e4 ilme. Sarja on vaaleissa v\u00e4reiss\u00e4, ja kauniit hopeiset kahvat lis\u00e4\u00e4v\u00e4t hienostuneisuutta sen yleiseen ilmeeseen.S\u00e4nky on valmistettu korkealaatuisesta MDF-levyst\u00e4, joka on maalattu valkoisella, lapsille turvallisella maalilla. <\/p>\n<p>**Miksi ostaa?**<br \/>\n&#8211; uusklassinen muotoilu sek\u00e4 pojille ett\u00e4 tyt\u00f6ille<br \/>\n&#8211; mukava nukkumapaikka moniksi vuosiksi<br \/>\n&#8211; patjan alla oleva pohja sis\u00e4ltyy hintaan<br \/>\n&#8211; voidaan lis\u00e4t\u00e4 laatikko, jota voi k\u00e4ytt\u00e4\u00e4 tavaroiden s\u00e4ilytykseen tai ylim\u00e4\u00e4r\u00e4isen\u00e4 nukkumapaikkana!- s\u00e4nkyyn sopii patja, jonka koko on 90&#215;200 (ei sis\u00e4lly toimitukseen)<\/p>\n<p>Mitat (cm): Pituus: 206 Leveys: 98,2 Korkeus: 71,6<\/p>\n<p>Huonekalut on viimeistelty italialaisen toimittajan erikoisvalmisteisella maalilla, jolla on ainutlaatuiset kovettumisominaisuudet, joten huonekalut kest\u00e4v\u00e4t kahta eri vahinkotyyppi\u00e4:<br \/>\n&#8211; Kemikaalit: suojaa veden, voiteiden, \u00f6ljyjen ja muiden puhdistusaineiden vaikutuksilta;<br \/>\n&#8211; Mekaaninen suoja kaikenlaisia huonekalujen k\u00e4yt\u00f6st\u00e4 aiheutuvia naarmuja vastaan.<br \/>\nSopiva maali luo t\u00e4ydellisen sile\u00e4n pinnoitteen. Erityiset materiaalit luovat herk\u00e4n satiinin mattapintaisen vaikutelman.<\/p>\n<p>Maalilla on kaikki tarvittavat sertifikaatit. Lis\u00e4ksi ennen myyntiin saattamista maalatut huonekalut testataan laboratorioissa p\u00e4\u00e4st\u00f6jen osalta. Erityisen kovettuneen maalin ansiosta ne eiv\u00e4t p\u00e4\u00e4st\u00e4 ilmaan haitallisia aineita.<\/p>\n<p>Kaikki tuotteemme toimitetaan littein\u00e4 pakkauksina, ja ne on helppo koota itse mukana tulevien helppotajuisten ohjeiden avulla.<\/p>\n","protected":false},"excerpt":{"rendered":"<p>Klassinen ja tyylik\u00e4s lastenhuonekalujen sarja, jossa on raikas ja herkk\u00e4 ilme. Sarja on vaaleissa v\u00e4reiss\u00e4, ja kauniit hopeiset kahvat lis\u00e4\u00e4v\u00e4t hienostuneisuutta sen yleiseen ilmeeseen.S\u00e4nky on valmistettu korkealaatuisesta MDF-levyst\u00e4, joka on maalattu valkoisella, lapsille turvallisella maalilla. **Miksi ostaa?** &#8211; uusklassinen muotoilu sek\u00e4 pojille ett\u00e4 tyt\u00f6ille &#8211; mukava nukkumapaikka moniksi vuosiksi &#8211; patjan alla oleva pohja sis\u00e4ltyy [&hellip;]<\/p>\n","protected":false},"featured_media":0,"comment_status":"open","ping_status":"closed","template":"","meta":[],"product_brand":[],"product_cat":[32],"product_tag":[],"class_list":{"0":"post-35909","1":"product","2":"type-product","3":"status-publish","5":"product_cat-uncategorized-fi","7":"first","8":"instock","9":"shipping-taxable","10":"purchasable","11":"product-type-simple"},"_links":{"self":[{"href":"https:\/\/nordicmart.andreevmaster.com\/fi\/wp-json\/wp\/v2\/product\/35909","targetHints":{"allow":["GET"]}}],"collection":[{"href":"https:\/\/nordicmart.andreevmaster.com\/fi\/wp-json\/wp\/v2\/product"}],"about":[{"href":"https:\/\/nordicmart.andreevmaster.com\/fi\/wp-json\/wp\/v2\/types\/product"}],"replies":[{"embeddable":true,"href":"https:\/\/nordicmart.andreevmaster.com\/fi\/wp-json\/wp\/v2\/comments?post=35909"}],"wp:attachment":[{"href":"https:\/\/nordicmart.andreevmaster.com\/fi\/wp-json\/wp\/v2\/media?parent=35909"}],"wp:term":[{"taxonomy":"product_brand","embeddable":true,"href":"https:\/\/nordicmart.andreevmaster.com\/fi\/wp-json\/wp\/v2\/product_brand?post=35909"},{"taxonomy":"product_cat","embeddable":true,"href":"https:\/\/nordicmart.andreevmaster.com\/fi\/wp-json\/wp\/v2\/product_cat?post=35909"},{"taxonomy":"product_tag","embeddable":true,"href":"https:\/\/nordicmart.andreevmaster.com\/fi\/wp-json\/wp\/v2\/product_tag?post=35909"}],"curies":[{"name":"wp","href":"https:\/\/api.w.org\/{rel}","templated":true}]}}