{"id":35907,"date":"2026-02-27T00:32:08","date_gmt":"2026-02-27T00:32:08","guid":{"rendered":"https:\/\/nordicmart.andreevmaster.com\/product\/marylou-snow-bliss-lipasto\/"},"modified":"2026-02-27T09:50:24","modified_gmt":"2026-02-27T09:50:24","slug":"marylou-snow-bliss-lipasto","status":"publish","type":"product","link":"https:\/\/nordicmart.andreevmaster.com\/fi\/tuote\/marylou-snow-bliss-lipasto\/","title":{"rendered":"Marylou snow bliss -lipasto"},"content":{"rendered":"<p>Klassinen ja tyylik\u00e4s lastenhuonekalujen sarja, jossa on raikas ja herkk\u00e4 ilme. Sarja on vaaleissa v\u00e4reiss\u00e4, ja kauniit hopeiset kahvat lis\u00e4\u00e4v\u00e4t hienostuneisuutta sen ulkon\u00e4k\u00f6\u00f6n. <\/p>\n<p>Lipasto on valmistettu korkealaatuisesta MDF-levyst\u00e4, joka on maalattu valkoisella, lapsiturvallisella maalilla, ja huonekalulevyst\u00e4 (sivut ja sis\u00e4osat). Turvallisuuden ja k\u00e4ytt\u00f6mukavuuden lis\u00e4\u00e4miseksi on k\u00e4ytetty turvallisia ja luotettavia ohjauskiskoja, jotka on varustettu lis\u00e4sulkemisj\u00e4rjestelm\u00e4ll\u00e4.<\/p>\n<p>**Miksi ostaa?**<br \/>\n&#8211; 3 tilavaa laatikkoa<br \/>\n&#8211; hiljaiset Haffele-ohjainkiskot, joissa on itsest\u00e4\u00e4n sulkeutuva toiminto<br \/>\n&#8211; vaippap\u00f6yt\u00e4 voidaan asentaa p\u00e4\u00e4lle<\/p>\n<p> Mitat (cm): L: 102,6, S: 52,5, K: 90<\/p>\n<p>Huonekalut on viimeistelty italialaisen toimittajan erikoisvalmisteisella maalilla, jolla on ainutlaatuisia kovettavia ominaisuuksia, joten huonekalut kest\u00e4v\u00e4t kahta eri tyyppisi\u00e4 vaurioita:<br \/>\n&#8211; Kemikaalit: suojaa veden, voiteiden, \u00f6ljyjen ja muiden puhdistusaineiden vaikutuksilta;<br \/>\n&#8211; Mekaaninen suoja kaikenlaisia huonekalujen k\u00e4yt\u00f6st\u00e4 aiheutuvia naarmuja vastaan.<\/p>\n<p>Sopiva maali luo t\u00e4ydellisen sile\u00e4n pinnoitteen. Erityiset materiaalit luovat herk\u00e4n satiinin mattapintaisen vaikutelman. Maalilla on kaikki tarvittavat sertifikaatit. Lis\u00e4ksi ennen myyntiin saattamista maalatut huonekalut testataan laboratorioissa p\u00e4\u00e4st\u00f6jen osalta. <\/p>\n<p>Kaikki tuotteemme toimitetaan littein\u00e4 pakkauksina, ja ne on helppo koota itse mukana tulevien helppotajuisten ohjeiden avulla.<\/p>\n","protected":false},"excerpt":{"rendered":"<p>Klassinen ja tyylik\u00e4s lastenhuonekalujen sarja, jossa on raikas ja herkk\u00e4 ilme. Sarja on vaaleissa v\u00e4reiss\u00e4, ja kauniit hopeiset kahvat lis\u00e4\u00e4v\u00e4t hienostuneisuutta sen ulkon\u00e4k\u00f6\u00f6n. Lipasto on valmistettu korkealaatuisesta MDF-levyst\u00e4, joka on maalattu valkoisella, lapsiturvallisella maalilla, ja huonekalulevyst\u00e4 (sivut ja sis\u00e4osat). Turvallisuuden ja k\u00e4ytt\u00f6mukavuuden lis\u00e4\u00e4miseksi on k\u00e4ytetty turvallisia ja luotettavia ohjauskiskoja, jotka on varustettu lis\u00e4sulkemisj\u00e4rjestelm\u00e4ll\u00e4. **Miksi ostaa?** [&hellip;]<\/p>\n","protected":false},"featured_media":0,"comment_status":"open","ping_status":"closed","template":"","meta":[],"product_brand":[],"product_cat":[32],"product_tag":[],"class_list":{"0":"post-35907","1":"product","2":"type-product","3":"status-publish","5":"product_cat-uncategorized-fi","7":"first","8":"instock","9":"shipping-taxable","10":"purchasable","11":"product-type-simple"},"_links":{"self":[{"href":"https:\/\/nordicmart.andreevmaster.com\/fi\/wp-json\/wp\/v2\/product\/35907","targetHints":{"allow":["GET"]}}],"collection":[{"href":"https:\/\/nordicmart.andreevmaster.com\/fi\/wp-json\/wp\/v2\/product"}],"about":[{"href":"https:\/\/nordicmart.andreevmaster.com\/fi\/wp-json\/wp\/v2\/types\/product"}],"replies":[{"embeddable":true,"href":"https:\/\/nordicmart.andreevmaster.com\/fi\/wp-json\/wp\/v2\/comments?post=35907"}],"wp:attachment":[{"href":"https:\/\/nordicmart.andreevmaster.com\/fi\/wp-json\/wp\/v2\/media?parent=35907"}],"wp:term":[{"taxonomy":"product_brand","embeddable":true,"href":"https:\/\/nordicmart.andreevmaster.com\/fi\/wp-json\/wp\/v2\/product_brand?post=35907"},{"taxonomy":"product_cat","embeddable":true,"href":"https:\/\/nordicmart.andreevmaster.com\/fi\/wp-json\/wp\/v2\/product_cat?post=35907"},{"taxonomy":"product_tag","embeddable":true,"href":"https:\/\/nordicmart.andreevmaster.com\/fi\/wp-json\/wp\/v2\/product_tag?post=35907"}],"curies":[{"name":"wp","href":"https:\/\/api.w.org\/{rel}","templated":true}]}}