{"id":35900,"date":"2026-02-27T00:32:06","date_gmt":"2026-02-27T00:32:06","guid":{"rendered":"https:\/\/nordicmart.andreevmaster.com\/product\/songmics-keinutuoli-5-asentoisella-saadettavalla-jalkatuella-keinutuoli-koivupuisilla-kasinojilla-olohuoneeseen\/"},"modified":"2026-02-27T09:50:23","modified_gmt":"2026-02-27T09:50:23","slug":"songmics-keinutuoli-5-asentoisella-saadettavalla-jalkatuella-keinutuoli-koivupuisilla-kasinojilla-olohuoneeseen","status":"publish","type":"product","link":"https:\/\/nordicmart.andreevmaster.com\/fi\/tuote\/songmics-keinutuoli-5-asentoisella-saadettavalla-jalkatuella-keinutuoli-koivupuisilla-kasinojilla-olohuoneeseen\/","title":{"rendered":"SONGMICS keinutuoli 5-asentoisella s\u00e4\u00e4dett\u00e4v\u00e4ll\u00e4 jalkatuella, keinutuoli koivupuisilla k\u00e4sinojilla, olohuoneeseen"},"content":{"rendered":"<p>Rennompaa kuin koskaan Aamup\u00e4iv\u00e4n torkut, television katselu illalla, hyv\u00e4n kirjan lukeminen, vauvan kehtominen&#8230; Pehme\u00e4n puuvillaverhoilun, vaahtomuovipehmusteen ja k\u00e4yt\u00e4nn\u00f6llisen p\u00e4\u00e4ntuen ansiosta t\u00e4m\u00e4 ergonominen keinutuoli tarjoaa aina korkean istumamukavuuden, kun nautit rentouttavista hetkist\u00e4. SONGMICS tarkoittaa turvallisuutta T\u00e4m\u00e4n keinutuolin jalat ja k\u00e4sinojat on valmistettu tukevasta koivusta, ja istuin on lis\u00e4ksi vahvistettu sis\u00e4puolelta metallirungolla \u2013 voit siis istua tuolille huoletta ja keinua turvallisesti edestakaisin! Jalat on lis\u00e4ksi varustettu liukumattomalla huovalla, joka suojaa lattiaasi naarmuilta ja est\u00e4\u00e4 tuolia liukumasta. Tuotetiedot: &#8211; V\u00e4ri: vaaleanharmaa &#8211; Materiaali: koivupuu, metallirunko sis\u00e4puolella, vaahtomuovipehmuste, puuvillaverhoilu &#8211; Kokonaismitat: 67 x 115 x 91 cm (P x L x K) &#8211; Selk\u00e4nojan korkeus: 73 cm &#8211; Istuinsyvyys: 48 cm &#8211; Istuimen leveys: 55 cm &#8211; Jalkatuen pituus: 33 cm &#8211; Paino: 9,8 kg &#8211; Maks. staattinen kantavuus: 150 kg Toimitus sis\u00e4lt\u00e4\u00e4: &#8211; 1 x keinutuoli &#8211; 1 x lis\u00e4varustepaketti &#8211; 1 x ohjeet (DE, EN, IT, FR, ES) SONGMICS Huomautukset:- Jos ruuvinreiki\u00e4 ei saada kohdakkain asennuksen aikana tai jalkatukea ei voi s\u00e4\u00e4t\u00e4\u00e4, tarkista, onko metallirunko asennettu v\u00e4\u00e4rin p\u00e4in. &#8211; \u00c4l\u00e4 kirist\u00e4 ruuveja heti asennuksen aikana. Kirist\u00e4 ruuvit varovasti vasta, kun olet asettanut kaikki ruuvit paikoilleen. &#8211; Kangasp\u00e4\u00e4llysteen puhdistus: Konepesu 30 \u00b0C:ssa; ei sovellu kuivausrummulle; ei valkaisua; ei silityst\u00e4. &#8211; V\u00e4lt\u00e4 tuotteen pit\u00e4mist\u00e4 ulkona pitki\u00e4 aikoja.<\/p>\n","protected":false},"excerpt":{"rendered":"<p>Keinutuoli, jossa on 5-asentoinen s\u00e4\u00e4dett\u00e4v\u00e4 jalkatuki, keinutuoli koivuisilla k\u00e4sinojilla, olohuoneeseen, vaaleanharmaa-luonnonv\u00e4ri<\/p>\n","protected":false},"featured_media":44430,"comment_status":"open","ping_status":"closed","template":"","meta":[],"product_brand":[],"product_cat":[32],"product_tag":[],"class_list":{"0":"post-35900","1":"product","2":"type-product","3":"status-publish","4":"has-post-thumbnail","6":"product_cat-uncategorized-fi","8":"first","9":"instock","10":"shipping-taxable","11":"purchasable","12":"product-type-simple"},"_links":{"self":[{"href":"https:\/\/nordicmart.andreevmaster.com\/fi\/wp-json\/wp\/v2\/product\/35900","targetHints":{"allow":["GET"]}}],"collection":[{"href":"https:\/\/nordicmart.andreevmaster.com\/fi\/wp-json\/wp\/v2\/product"}],"about":[{"href":"https:\/\/nordicmart.andreevmaster.com\/fi\/wp-json\/wp\/v2\/types\/product"}],"replies":[{"embeddable":true,"href":"https:\/\/nordicmart.andreevmaster.com\/fi\/wp-json\/wp\/v2\/comments?post=35900"}],"wp:featuredmedia":[{"embeddable":true,"href":"https:\/\/nordicmart.andreevmaster.com\/fi\/wp-json\/wp\/v2\/media\/44430"}],"wp:attachment":[{"href":"https:\/\/nordicmart.andreevmaster.com\/fi\/wp-json\/wp\/v2\/media?parent=35900"}],"wp:term":[{"taxonomy":"product_brand","embeddable":true,"href":"https:\/\/nordicmart.andreevmaster.com\/fi\/wp-json\/wp\/v2\/product_brand?post=35900"},{"taxonomy":"product_cat","embeddable":true,"href":"https:\/\/nordicmart.andreevmaster.com\/fi\/wp-json\/wp\/v2\/product_cat?post=35900"},{"taxonomy":"product_tag","embeddable":true,"href":"https:\/\/nordicmart.andreevmaster.com\/fi\/wp-json\/wp\/v2\/product_tag?post=35900"}],"curies":[{"name":"wp","href":"https:\/\/api.w.org\/{rel}","templated":true}]}}