{"id":35897,"date":"2026-02-27T00:32:05","date_gmt":"2026-02-27T00:32:05","guid":{"rendered":"https:\/\/nordicmart.andreevmaster.com\/product\/songmics-rentoutustuoli-jalkatuella-tummanharmaa\/"},"modified":"2026-02-27T09:50:22","modified_gmt":"2026-02-27T09:50:22","slug":"songmics-rentoutustuoli-jalkatuella-tummanharmaa","status":"publish","type":"product","link":"https:\/\/nordicmart.andreevmaster.com\/fi\/tuote\/songmics-rentoutustuoli-jalkatuella-tummanharmaa\/","title":{"rendered":"SONGMICS rentoutustuoli jalkatuella, tummanharmaa"},"content":{"rendered":"<p>Tuotetiedot: &#8211; V\u00e4ri: tummanharmaa &#8211; Materiaali: koivupuu, vaahtomuovi, rauta, keinokangas &#8211; Koko: 67 x 125 x 91 cm (P x L x K) &#8211; Paino: 10 kg &#8211; Maks. staattinen kantavuus: 150 kg Toimitus sis\u00e4lt\u00e4\u00e4: &#8211; 1 x keinutuoli &#8211; 1 x ohjeet (DE, EN, FR, IT, ES) Hoito-ohjeet\uff1a  Irrotettava p\u00e4\u00e4llinen:  &#8211; Pese erikseen  &#8211; Konepest\u00e4v\u00e4 30 asteessa!  &#8211; \u00c4l\u00e4 valkaise, ei sovellu kuivausrummulle!  &#8211; Silitys keskil\u00e4mp\u00f6tilassa (alle 150 \u00b0C)  &#8211; \u00c4l\u00e4 kemiallisesti puhdista!  Runko:  &#8211; Pyyhi kostealla liinalla (mahdollisesti miedolla puhdistusaineella)  &#8211; Pyyhi kuivalla liinalla<\/p>\n","protected":false},"excerpt":{"rendered":"<p>SONGMICS keinutuoli rentoutustuoli 5-asentoinen s\u00e4\u00e4dett\u00e4v\u00e4 s\u00e4\u00e4rituki kantavuus 150 kg harmaa LYY42G, Gris Clair, 67 x 115 x 91 cm<\/p>\n","protected":false},"featured_media":44427,"comment_status":"open","ping_status":"closed","template":"","meta":[],"product_brand":[],"product_cat":[32],"product_tag":[],"class_list":{"0":"post-35897","1":"product","2":"type-product","3":"status-publish","4":"has-post-thumbnail","6":"product_cat-uncategorized-fi","8":"first","9":"instock","10":"shipping-taxable","11":"purchasable","12":"product-type-simple"},"_links":{"self":[{"href":"https:\/\/nordicmart.andreevmaster.com\/fi\/wp-json\/wp\/v2\/product\/35897","targetHints":{"allow":["GET"]}}],"collection":[{"href":"https:\/\/nordicmart.andreevmaster.com\/fi\/wp-json\/wp\/v2\/product"}],"about":[{"href":"https:\/\/nordicmart.andreevmaster.com\/fi\/wp-json\/wp\/v2\/types\/product"}],"replies":[{"embeddable":true,"href":"https:\/\/nordicmart.andreevmaster.com\/fi\/wp-json\/wp\/v2\/comments?post=35897"}],"wp:featuredmedia":[{"embeddable":true,"href":"https:\/\/nordicmart.andreevmaster.com\/fi\/wp-json\/wp\/v2\/media\/44427"}],"wp:attachment":[{"href":"https:\/\/nordicmart.andreevmaster.com\/fi\/wp-json\/wp\/v2\/media?parent=35897"}],"wp:term":[{"taxonomy":"product_brand","embeddable":true,"href":"https:\/\/nordicmart.andreevmaster.com\/fi\/wp-json\/wp\/v2\/product_brand?post=35897"},{"taxonomy":"product_cat","embeddable":true,"href":"https:\/\/nordicmart.andreevmaster.com\/fi\/wp-json\/wp\/v2\/product_cat?post=35897"},{"taxonomy":"product_tag","embeddable":true,"href":"https:\/\/nordicmart.andreevmaster.com\/fi\/wp-json\/wp\/v2\/product_tag?post=35897"}],"curies":[{"name":"wp","href":"https:\/\/api.w.org\/{rel}","templated":true}]}}