{"id":35894,"date":"2026-02-27T00:32:05","date_gmt":"2026-02-27T00:32:05","guid":{"rendered":"https:\/\/nordicmart.andreevmaster.com\/product\/songmics-keinutuoli-jalkatuella-vaaleanharmaa\/"},"modified":"2026-02-27T09:50:22","modified_gmt":"2026-02-27T09:50:22","slug":"songmics-keinutuoli-jalkatuella-vaaleanharmaa","status":"publish","type":"product","link":"https:\/\/nordicmart.andreevmaster.com\/fi\/tuote\/songmics-keinutuoli-jalkatuella-vaaleanharmaa\/","title":{"rendered":"SONGMICS keinutuoli jalkatuella, vaaleanharmaa"},"content":{"rendered":"<p>Tuotetiedot: &#8211; Materiaali: koivuvaneri + rauta + vaahtomuovi + puuvilla &#8211; V\u00e4ri: harmaa &#8211; Mitat: 67 x 91 x 115 cm (L x K x S) &#8211; Pakkauksen mitat: 85 x 57 x 25 cm &#8211; Istuinkorkeus: 73 cm &#8211; Istuinsyvyys: 50 cm &#8211; Istuimen leveys: 55 cm &#8211; Jalkatuen pituus: 33 cm &#8211; K\u00e4sinojan leveys: 6 cm &#8211; Maks. Kantavuus: 150 kg &#8211; Nettopaino: 9,8 kg &#8211; Bruttopaino: 11,5 kg  Toimitus sis\u00e4lt\u00e4\u00e4:  &#8211; 1 x keinutuoli &#8211; 1 x ohjeet (DE, EN, FR, IT, ES) Hoito-ohjeet\uff1a Irrotettava p\u00e4\u00e4llinen\uff1a  &#8211; Pese erikseen. &#8211; Konepest\u00e4v\u00e4 30 asteessa! &#8211; Ei valkaisuaineita, ei kuivausrumpua! &#8211; Silitys keskil\u00e4mp\u00f6tilassa (alle 150 \u00b0C) &#8211; Ei kemiallista pesua! Runko:  &#8211; Pyyhi kostealla liinalla (mahdollisesti miedolla puhdistusaineella). &#8211; Pyyhi kuivalla liinalla. <\/p>\n","protected":false},"excerpt":{"rendered":"<p>SONGMICS keinutuoli rentoutustuoli 5-asentoinen s\u00e4\u00e4dett\u00e4v\u00e4 s\u00e4\u00e4rituki kantavuus 150 kg harmaa LYY41G<\/p>\n","protected":false},"featured_media":44424,"comment_status":"open","ping_status":"closed","template":"","meta":[],"product_brand":[],"product_cat":[32],"product_tag":[],"class_list":{"0":"post-35894","1":"product","2":"type-product","3":"status-publish","4":"has-post-thumbnail","6":"product_cat-uncategorized-fi","8":"first","9":"instock","10":"shipping-taxable","11":"purchasable","12":"product-type-simple"},"_links":{"self":[{"href":"https:\/\/nordicmart.andreevmaster.com\/fi\/wp-json\/wp\/v2\/product\/35894","targetHints":{"allow":["GET"]}}],"collection":[{"href":"https:\/\/nordicmart.andreevmaster.com\/fi\/wp-json\/wp\/v2\/product"}],"about":[{"href":"https:\/\/nordicmart.andreevmaster.com\/fi\/wp-json\/wp\/v2\/types\/product"}],"replies":[{"embeddable":true,"href":"https:\/\/nordicmart.andreevmaster.com\/fi\/wp-json\/wp\/v2\/comments?post=35894"}],"wp:featuredmedia":[{"embeddable":true,"href":"https:\/\/nordicmart.andreevmaster.com\/fi\/wp-json\/wp\/v2\/media\/44424"}],"wp:attachment":[{"href":"https:\/\/nordicmart.andreevmaster.com\/fi\/wp-json\/wp\/v2\/media?parent=35894"}],"wp:term":[{"taxonomy":"product_brand","embeddable":true,"href":"https:\/\/nordicmart.andreevmaster.com\/fi\/wp-json\/wp\/v2\/product_brand?post=35894"},{"taxonomy":"product_cat","embeddable":true,"href":"https:\/\/nordicmart.andreevmaster.com\/fi\/wp-json\/wp\/v2\/product_cat?post=35894"},{"taxonomy":"product_tag","embeddable":true,"href":"https:\/\/nordicmart.andreevmaster.com\/fi\/wp-json\/wp\/v2\/product_tag?post=35894"}],"curies":[{"name":"wp","href":"https:\/\/api.w.org\/{rel}","templated":true}]}}