{"id":35893,"date":"2026-02-27T00:32:04","date_gmt":"2026-02-27T00:32:04","guid":{"rendered":"https:\/\/nordicmart.andreevmaster.com\/product\/songmics-keinutuoli-verhoilu-keinotekoista-pellavaa-savuharmaa\/"},"modified":"2026-02-27T09:50:22","modified_gmt":"2026-02-27T09:50:22","slug":"songmics-keinutuoli-verhoilu-keinotekoista-pellavaa-savuharmaa","status":"publish","type":"product","link":"https:\/\/nordicmart.andreevmaster.com\/fi\/tuote\/songmics-keinutuoli-verhoilu-keinotekoista-pellavaa-savuharmaa\/","title":{"rendered":"SONGMICS keinutuoli, verhoilu keinotekoista pellavaa, savuharmaa"},"content":{"rendered":"<p>SONGMICS-keinutuolissa voit nauttia vapaa-ajasta rentoutuneessa tilassa. Trendik\u00e4s muotoilu ja korkea istumamukavuus tekev\u00e4t t\u00e4st\u00e4 keinutuolista suositun tuotteen. Vakaa, vaaleasta koivusta valmistettu keinutuoli tarjoaa ergonomisen muotoilunsa, miellytt\u00e4v\u00e4n istuimen savuharmaalla keinokuitukankaalla ja tihe\u00e4n vaahtomuovit\u00e4ytteen ansiosta &#8221;t\u00e4ydellisen hyvinvoinnin&#8221; tunteen. Riipputuoli on kaunis ja yksiv\u00e4rinen, joten se on silm\u00e4\u00e4npist\u00e4v\u00e4 ja sopii erinomaisesti kaikkiin moderneihin ja klassisiin sisustuksiin riippumatta siit\u00e4, k\u00e4ytet\u00e4\u00e4nk\u00f6 sit\u00e4 olohuoneessa, makuuhuoneessa vai lukutuolina parvekkeella tai terassilla. Tukevan puurakenteensa ansiosta tuoli keinuu kevyesti ja tarjoaa eritt\u00e4in miellytt\u00e4v\u00e4n istumakokemuksen. Tuotetiedot: &#8211; V\u00e4ri: savuharmaa &#8211; Materiaali: koivupuu, vaahtomuovi, rauta, keinokangas &#8211; Koko: 65 x 90 x 98 cm (P x L x K) &#8211; Selk\u00e4nojan korkeus: 72 cm &#8211; Istuinosan syvyys: 50 cm &#8211; Paino: 11 kg &#8211; Maks. staattinen kantavuus: 120 kg Toimitus sis\u00e4lt\u00e4\u00e4:- 1 x keinutuoli &#8211; 1 x ohjeet (DE, EN, FR, IT, ES) Hoito-ohjeet: Irrotettava p\u00e4\u00e4llinen: &#8211; Pese erikseen. &#8211; Konepest\u00e4v\u00e4 30 asteessa! &#8211; \u00c4l\u00e4 valkaise, \u00e4l\u00e4 silit\u00e4! &#8211; Ei sovellu kuivausrummulle yli 60 \u00b0! &#8211; \u00c4l\u00e4 puhdista kemiallisesti! Runko: &#8211; Pyyhi kostealla liinalla (mahdollisesti miedolla puhdistusaineella). &#8211; Pyyhi kuivalla liinalla.<\/p>\n","protected":false},"excerpt":{"rendered":"<p>SONGMICS keinutuoli, keinutuoli, rentoutumistuoli, kantavuus 120 kg, koivupuu runko, keinotekoinen pellava verhoilu, savuharmaa LYY30GY<\/p>\n","protected":false},"featured_media":0,"comment_status":"open","ping_status":"closed","template":"","meta":[],"product_brand":[],"product_cat":[32],"product_tag":[],"class_list":{"0":"post-35893","1":"product","2":"type-product","3":"status-publish","5":"product_cat-uncategorized-fi","7":"first","8":"instock","9":"shipping-taxable","10":"purchasable","11":"product-type-simple"},"_links":{"self":[{"href":"https:\/\/nordicmart.andreevmaster.com\/fi\/wp-json\/wp\/v2\/product\/35893","targetHints":{"allow":["GET"]}}],"collection":[{"href":"https:\/\/nordicmart.andreevmaster.com\/fi\/wp-json\/wp\/v2\/product"}],"about":[{"href":"https:\/\/nordicmart.andreevmaster.com\/fi\/wp-json\/wp\/v2\/types\/product"}],"replies":[{"embeddable":true,"href":"https:\/\/nordicmart.andreevmaster.com\/fi\/wp-json\/wp\/v2\/comments?post=35893"}],"wp:attachment":[{"href":"https:\/\/nordicmart.andreevmaster.com\/fi\/wp-json\/wp\/v2\/media?parent=35893"}],"wp:term":[{"taxonomy":"product_brand","embeddable":true,"href":"https:\/\/nordicmart.andreevmaster.com\/fi\/wp-json\/wp\/v2\/product_brand?post=35893"},{"taxonomy":"product_cat","embeddable":true,"href":"https:\/\/nordicmart.andreevmaster.com\/fi\/wp-json\/wp\/v2\/product_cat?post=35893"},{"taxonomy":"product_tag","embeddable":true,"href":"https:\/\/nordicmart.andreevmaster.com\/fi\/wp-json\/wp\/v2\/product_tag?post=35893"}],"curies":[{"name":"wp","href":"https:\/\/api.w.org\/{rel}","templated":true}]}}