{"id":35891,"date":"2026-02-27T00:32:04","date_gmt":"2026-02-27T00:32:04","guid":{"rendered":"https:\/\/nordicmart.andreevmaster.com\/product\/songmics-keinutuoli-jalkatuella-harmaa\/"},"modified":"2026-02-27T09:50:21","modified_gmt":"2026-02-27T09:50:21","slug":"songmics-keinutuoli-jalkatuella-harmaa","status":"publish","type":"product","link":"https:\/\/nordicmart.andreevmaster.com\/fi\/tuote\/songmics-keinutuoli-jalkatuella-harmaa\/","title":{"rendered":"SONGMICS keinutuoli jalkatuella, harmaa"},"content":{"rendered":"<p>Songmics-keinutuolissa voit nauttia vapaa-ajasta rentoutuneessa tilassa. Trendik\u00e4s muotoilu ja korkea istumamukavuus tekev\u00e4t t\u00e4st\u00e4 keinutuolista suositun tuotteen. Vakaa, vaaleasta koivusta valmistettu keinutuoli tarjoaa ergonomisen muotoilunsa ja mukavan istuimensa ansiosta, joka on verhoiltu tihe\u00e4ll\u00e4 vaahtomuovit\u00e4ytteell\u00e4, &#8221;kokonaisvaltaisen hyvinvoinnin&#8221; tunteen. K\u00e4ytitp\u00e4 keinutuolia parvekkeella, olohuoneessa, makuuhuoneessa tai lukutuolina puutarhassa tai terassilla, sen kaunis ulkon\u00e4k\u00f6 ja yksinkertainen v\u00e4ritys tekev\u00e4t siit\u00e4 todellisen katseenvangitsijan, joka sopii t\u00e4ydellisesti kaikkiin moderneihin ja klassisiin sisustuksiin. Tukevan puurakenteensa ansiosta tuoli keinuu kevyesti ja tarjoaa eritt\u00e4in miellytt\u00e4v\u00e4n istumakokemuksen. Tuotetiedot: &#8211; Materiaali: koivupuu + vaahtomuovi + keinokangas &#8211; V\u00e4ri: harmaa &#8211; Mitat: 67 x 115 x 91 cm &#8211; Selk\u00e4nojan korkeus: 73 cm &#8211; Istuinosan syvyys: 48 cm &#8211; Istuinosan leveys: 55 cm &#8211; Jalkatuen pituus: 33 cm &#8211; Maks. Kest\u00e4vyys: 150 kg Hoito-ohjeet: Irrotettava p\u00e4\u00e4llinen: &#8211; Pese erikseen. &#8211; Konepest\u00e4v\u00e4 30 asteessa! &#8211; \u00c4l\u00e4 valkaise, \u00e4l\u00e4 silit\u00e4! &#8211; Ei sovellu kuivausrumpuun! &#8211; \u00c4l\u00e4 puhdista kemiallisesti! Runko: &#8211; Pyyhi kostealla liinalla (mahdollisesti miedolla puhdistusaineella). &#8211; Kuivaa kuivalla liinalla. Toimitus sis\u00e4lt\u00e4\u00e4: &#8211; 1 x keinutuoli &#8211; 1 x ohjeet (DE, EN, FR, IT, ES)<\/p>\n","protected":false},"excerpt":{"rendered":"<p>SONGMICS nojatuoli keinutuoli keinutuoli rentoutustuoli keinukangas harmaa LYY11G<\/p>\n","protected":false},"featured_media":44422,"comment_status":"open","ping_status":"closed","template":"","meta":[],"product_brand":[],"product_cat":[32],"product_tag":[],"class_list":{"0":"post-35891","1":"product","2":"type-product","3":"status-publish","4":"has-post-thumbnail","6":"product_cat-uncategorized-fi","8":"first","9":"instock","10":"shipping-taxable","11":"purchasable","12":"product-type-simple"},"_links":{"self":[{"href":"https:\/\/nordicmart.andreevmaster.com\/fi\/wp-json\/wp\/v2\/product\/35891","targetHints":{"allow":["GET"]}}],"collection":[{"href":"https:\/\/nordicmart.andreevmaster.com\/fi\/wp-json\/wp\/v2\/product"}],"about":[{"href":"https:\/\/nordicmart.andreevmaster.com\/fi\/wp-json\/wp\/v2\/types\/product"}],"replies":[{"embeddable":true,"href":"https:\/\/nordicmart.andreevmaster.com\/fi\/wp-json\/wp\/v2\/comments?post=35891"}],"wp:featuredmedia":[{"embeddable":true,"href":"https:\/\/nordicmart.andreevmaster.com\/fi\/wp-json\/wp\/v2\/media\/44422"}],"wp:attachment":[{"href":"https:\/\/nordicmart.andreevmaster.com\/fi\/wp-json\/wp\/v2\/media?parent=35891"}],"wp:term":[{"taxonomy":"product_brand","embeddable":true,"href":"https:\/\/nordicmart.andreevmaster.com\/fi\/wp-json\/wp\/v2\/product_brand?post=35891"},{"taxonomy":"product_cat","embeddable":true,"href":"https:\/\/nordicmart.andreevmaster.com\/fi\/wp-json\/wp\/v2\/product_cat?post=35891"},{"taxonomy":"product_tag","embeddable":true,"href":"https:\/\/nordicmart.andreevmaster.com\/fi\/wp-json\/wp\/v2\/product_tag?post=35891"}],"curies":[{"name":"wp","href":"https:\/\/api.w.org\/{rel}","templated":true}]}}