{"id":35890,"date":"2026-02-27T00:32:04","date_gmt":"2026-02-27T00:32:04","guid":{"rendered":"https:\/\/nordicmart.andreevmaster.com\/product\/songmics-keinutuoli-saadettavalla-jalkatuella\/"},"modified":"2026-02-27T09:50:21","modified_gmt":"2026-02-27T09:50:21","slug":"songmics-keinutuoli-saadettavalla-jalkatuella","status":"publish","type":"product","link":"https:\/\/nordicmart.andreevmaster.com\/fi\/tuote\/songmics-keinutuoli-saadettavalla-jalkatuella\/","title":{"rendered":"SONGMICS keinutuoli s\u00e4\u00e4dett\u00e4v\u00e4ll\u00e4 jalkatuella"},"content":{"rendered":"<p>Heti kun kokeilet SONGMICSin mukavaa keinutuolia, tulet rakastamaan sit\u00e4! Mukavuus ja turvallisuus Keinutuoli erottuu modernilla ulkon\u00e4\u00f6ll\u00e4\u00e4n ja pehme\u00e4ll\u00e4 istuimellaan, ja se sopii erinomaisesti kaikille, niin aikuisille kuin lapsillekin. Lis\u00e4ksi jalkatuki on s\u00e4\u00e4dett\u00e4viss\u00e4 eri korkeuksiin, jotta jalkasi ovat aina mukavassa asennossa. Kest\u00e4v\u00e4n koivupuisen rungon ja jalkojen liukumattomien huopapohjien ansiosta voit keinua keinutuolissa turvallisesti edestakaisin. Joustava tyyny Tyyny kiinnitet\u00e4\u00e4n selk\u00e4nojaan tarranauhalla. Voit tarvittaessa irrottaa sen, k\u00e4\u00e4nt\u00e4\u00e4 ymp\u00e4ri ja kiinnitt\u00e4\u00e4 takaisin selk\u00e4nojaan, jolloin se nousee muutaman senttimetrin korkeammalle. P\u00e4\u00e4tyynyll\u00e4 on kuitenkin viel\u00e4 yksi etu: sen p\u00e4\u00e4llinen on helppo irrottaa, mik\u00e4 helpottaa puhdistusta. \u00c4l\u00e4 ep\u00e4r\u00f6i, vaan hanki itsellesi keinutuoli rentoutumiseen! Tuotetiedot: &#8211; V\u00e4ri: ruskea &#8211; Materiaali: puuvillakangas, koivupuu &#8211; Paino: 11 kg &#8211; Koko: 67 x 115 x 91 cm (P x L x K) &#8211; Selk\u00e4nojan korkeus: 73 cm &#8211; Istuimen syvyys: 48 cm &#8211; Jalkatuen pituus: 33 cmToimitus sis\u00e4lt\u00e4\u00e4:- 1 x keinutuoli- 1 x ohjeet (DE, EN, FR, ES, IT)SONGMICS-ohjeet:- \u00c4l\u00e4 kirist\u00e4 ruuveja heti asennuksen yhteydess\u00e4. Kirist\u00e4 ruuvit varovasti vasta, kun olet asettanut ne kaikki paikoilleen. &#8211; V\u00e4lt\u00e4 tuotteen pitk\u00e4aikaista s\u00e4ilytt\u00e4mist\u00e4 ulkona.<\/p>\n","protected":false},"excerpt":{"rendered":"<p>SONGMICS keinutuoli, rentoutustuoli, 5-asentoinen s\u00e4\u00e4dett\u00e4v\u00e4 jalkatuki, tukeva koivupuiset jalat, kantavuus 150 kg, beige LYY10M<\/p>\n","protected":false},"featured_media":44421,"comment_status":"open","ping_status":"closed","template":"","meta":[],"product_brand":[],"product_cat":[32],"product_tag":[],"class_list":{"0":"post-35890","1":"product","2":"type-product","3":"status-publish","4":"has-post-thumbnail","6":"product_cat-uncategorized-fi","8":"first","9":"instock","10":"shipping-taxable","11":"purchasable","12":"product-type-simple"},"_links":{"self":[{"href":"https:\/\/nordicmart.andreevmaster.com\/fi\/wp-json\/wp\/v2\/product\/35890","targetHints":{"allow":["GET"]}}],"collection":[{"href":"https:\/\/nordicmart.andreevmaster.com\/fi\/wp-json\/wp\/v2\/product"}],"about":[{"href":"https:\/\/nordicmart.andreevmaster.com\/fi\/wp-json\/wp\/v2\/types\/product"}],"replies":[{"embeddable":true,"href":"https:\/\/nordicmart.andreevmaster.com\/fi\/wp-json\/wp\/v2\/comments?post=35890"}],"wp:featuredmedia":[{"embeddable":true,"href":"https:\/\/nordicmart.andreevmaster.com\/fi\/wp-json\/wp\/v2\/media\/44421"}],"wp:attachment":[{"href":"https:\/\/nordicmart.andreevmaster.com\/fi\/wp-json\/wp\/v2\/media?parent=35890"}],"wp:term":[{"taxonomy":"product_brand","embeddable":true,"href":"https:\/\/nordicmart.andreevmaster.com\/fi\/wp-json\/wp\/v2\/product_brand?post=35890"},{"taxonomy":"product_cat","embeddable":true,"href":"https:\/\/nordicmart.andreevmaster.com\/fi\/wp-json\/wp\/v2\/product_cat?post=35890"},{"taxonomy":"product_tag","embeddable":true,"href":"https:\/\/nordicmart.andreevmaster.com\/fi\/wp-json\/wp\/v2\/product_tag?post=35890"}],"curies":[{"name":"wp","href":"https:\/\/api.w.org\/{rel}","templated":true}]}}