{"id":35889,"date":"2026-02-27T00:32:03","date_gmt":"2026-02-27T00:32:03","guid":{"rendered":"https:\/\/nordicmart.andreevmaster.com\/product\/keinutuoli-saadettavalla-jalkatuella\/"},"modified":"2026-02-27T09:50:21","modified_gmt":"2026-02-27T09:50:21","slug":"keinutuoli-saadettavalla-jalkatuella","status":"publish","type":"product","link":"https:\/\/nordicmart.andreevmaster.com\/fi\/tuote\/keinutuoli-saadettavalla-jalkatuella\/","title":{"rendered":"Keinutuoli s\u00e4\u00e4dett\u00e4v\u00e4ll\u00e4 jalkatuella"},"content":{"rendered":"<p>Kun olet kerran kokeillut SONGMICSin mukavaa keinutuolia, tulet rakastamaan sit\u00e4! Mukavuus ja turvallisuus Keinutuoli erottuu modernista ulkon\u00e4\u00f6st\u00e4\u00e4n ja pehme\u00e4st\u00e4 istuimestaan, ja se sopii kaikille, sek\u00e4 aikuisille ett\u00e4 lapsille. Jalkatuki on my\u00f6s s\u00e4\u00e4dett\u00e4viss\u00e4 eri korkeuksiin, jotta jalkasi ovat aina mukavassa asennossa. Kest\u00e4v\u00e4n koivupuisen rungon ja jalkojen liukumattomien huopapohjien ansiosta voit keinua keinutuolissa turvallisesti edestakaisin. Joustava p\u00e4\u00e4ntuki P\u00e4\u00e4ntuki on kiinnitetty selk\u00e4nojaan tarranauhalla. Voit irrottaa sen tarvittaessa, k\u00e4\u00e4nt\u00e4\u00e4 sen ymp\u00e4ri ja kiinnitt\u00e4\u00e4 sen uudelleen selk\u00e4nojaan ja nostaa sit\u00e4 muutaman senttimetrin. Tyynyll\u00e4 on my\u00f6s toinen etu: sen p\u00e4\u00e4llinen on helppo irrottaa, mik\u00e4 helpottaa puhdistusta. \u00c4l\u00e4 ep\u00e4r\u00f6i, vaan hemmottele itse\u00e4si keinutuolilla rentoutumiseen! Tuotetiedot: &#8211; V\u00e4ri: Ruskea &#8211; Materiaali: Puuvillakangas, koivupuu &#8211; Paino: 11 kg &#8211; Koko: 67 x 115 x 91 cm (P x L x K) &#8211; Selk\u00e4nojan korkeus: 73 cm &#8211; Istuimen syvyys: 48 cm &#8211; Jalkatuen pituus: 33 cmToimitus sis\u00e4lt\u00e4\u00e4:- 1 x keinutuoli- 1 x k\u00e4ytt\u00f6ohje (DE, EN, FR, ES, IT)SONGMICS Huomautukset:- \u00c4l\u00e4 kirist\u00e4 ruuveja heti asennuksen aikana. Kirist\u00e4 ruuvit vasta, kun olet asettanut ne kaikki paikoilleen. &#8211; V\u00e4lt\u00e4 tuotteen pitk\u00e4aikaista s\u00e4ilytt\u00e4mist\u00e4 ulkona.<\/p>\n","protected":false},"excerpt":{"rendered":"<p>Kun olet kerran kokeillut SONGMICSin mukavaa keinutuolia, tulet rakastamaan sit\u00e4! Mukavuus ja turvallisuus Keinutuoli erottuu modernista ulkon\u00e4\u00f6st\u00e4\u00e4n ja pehme\u00e4st\u00e4 istuimestaan, ja se sopii kaikille, sek\u00e4 aikuisille ett\u00e4 lapsille. Jalkatuki on my\u00f6s s\u00e4\u00e4dett\u00e4viss\u00e4 eri korkeuksiin, jotta jalkasi ovat aina mukavassa asennossa. Kest\u00e4v\u00e4n koivupuisen rungon ja jalkojen liukumattomien huopapohjien ansiosta voit keinua keinutuolissa turvallisesti edestakaisin. Joustava p\u00e4\u00e4ntuki [&hellip;]<\/p>\n","protected":false},"featured_media":0,"comment_status":"open","ping_status":"closed","template":"","meta":[],"product_brand":[],"product_cat":[32],"product_tag":[],"class_list":{"0":"post-35889","1":"product","2":"type-product","3":"status-publish","5":"product_cat-uncategorized-fi","7":"first","8":"instock","9":"shipping-taxable","10":"product-type-simple"},"_links":{"self":[{"href":"https:\/\/nordicmart.andreevmaster.com\/fi\/wp-json\/wp\/v2\/product\/35889","targetHints":{"allow":["GET"]}}],"collection":[{"href":"https:\/\/nordicmart.andreevmaster.com\/fi\/wp-json\/wp\/v2\/product"}],"about":[{"href":"https:\/\/nordicmart.andreevmaster.com\/fi\/wp-json\/wp\/v2\/types\/product"}],"replies":[{"embeddable":true,"href":"https:\/\/nordicmart.andreevmaster.com\/fi\/wp-json\/wp\/v2\/comments?post=35889"}],"wp:attachment":[{"href":"https:\/\/nordicmart.andreevmaster.com\/fi\/wp-json\/wp\/v2\/media?parent=35889"}],"wp:term":[{"taxonomy":"product_brand","embeddable":true,"href":"https:\/\/nordicmart.andreevmaster.com\/fi\/wp-json\/wp\/v2\/product_brand?post=35889"},{"taxonomy":"product_cat","embeddable":true,"href":"https:\/\/nordicmart.andreevmaster.com\/fi\/wp-json\/wp\/v2\/product_cat?post=35889"},{"taxonomy":"product_tag","embeddable":true,"href":"https:\/\/nordicmart.andreevmaster.com\/fi\/wp-json\/wp\/v2\/product_tag?post=35889"}],"curies":[{"name":"wp","href":"https:\/\/api.w.org\/{rel}","templated":true}]}}