{"id":35887,"date":"2026-02-27T00:32:03","date_gmt":"2026-02-27T00:32:03","guid":{"rendered":"https:\/\/nordicmart.andreevmaster.com\/product\/songmics-keinutuoli-koivupuu-tummanharmaa\/"},"modified":"2026-02-27T09:50:20","modified_gmt":"2026-02-27T09:50:20","slug":"songmics-keinutuoli-koivupuu-tummanharmaa","status":"publish","type":"product","link":"https:\/\/nordicmart.andreevmaster.com\/fi\/tuote\/songmics-keinutuoli-koivupuu-tummanharmaa\/","title":{"rendered":"SONGMICS keinutuoli koivupuu tummanharmaa"},"content":{"rendered":"<p>Tuotetiedot: Materiaali: koivupuu + vaahtomuovi + puuvilla Mitat: 67 x 115 x 91 cm Selk\u00e4nojan korkeus: 73 cm Istuimen syvyys: 48 cm Suurin staattinen kantavuus: 150 kg Toimitus sis\u00e4lt\u00e4\u00e4: 1 x keinutuoli 1 x ohjeet (saksa, englanti, ranska, italia, espanja)Hoito-ohjeet: Irrotettava p\u00e4\u00e4llinen: Pese erikseen. Konepest\u00e4v\u00e4 30 asteessa! \u00c4l\u00e4 valkaise, \u00e4l\u00e4 silit\u00e4! Ei sovellu kuivausrummulle! \u00c4l\u00e4 puhdista kemiallisesti! Runko: Pyyhi kostealla liinalla (mahdollisesti miedolla puhdistusaineella). Pyyhi kuivalla liinalla.<\/p>\n","protected":false},"excerpt":{"rendered":"<p>SONGMICS keinutuoli, rentoutustuoli, 5-asentoinen s\u00e4\u00e4dett\u00e4v\u00e4 jalkatuki, tukeva koivupuiset jalat, kantavuus 150 kg, beige LYY10M<\/p>\n","protected":false},"featured_media":0,"comment_status":"open","ping_status":"closed","template":"","meta":[],"product_brand":[],"product_cat":[32],"product_tag":[],"class_list":{"0":"post-35887","1":"product","2":"type-product","3":"status-publish","5":"product_cat-uncategorized-fi","7":"first","8":"instock","9":"shipping-taxable","10":"purchasable","11":"product-type-simple"},"_links":{"self":[{"href":"https:\/\/nordicmart.andreevmaster.com\/fi\/wp-json\/wp\/v2\/product\/35887","targetHints":{"allow":["GET"]}}],"collection":[{"href":"https:\/\/nordicmart.andreevmaster.com\/fi\/wp-json\/wp\/v2\/product"}],"about":[{"href":"https:\/\/nordicmart.andreevmaster.com\/fi\/wp-json\/wp\/v2\/types\/product"}],"replies":[{"embeddable":true,"href":"https:\/\/nordicmart.andreevmaster.com\/fi\/wp-json\/wp\/v2\/comments?post=35887"}],"wp:attachment":[{"href":"https:\/\/nordicmart.andreevmaster.com\/fi\/wp-json\/wp\/v2\/media?parent=35887"}],"wp:term":[{"taxonomy":"product_brand","embeddable":true,"href":"https:\/\/nordicmart.andreevmaster.com\/fi\/wp-json\/wp\/v2\/product_brand?post=35887"},{"taxonomy":"product_cat","embeddable":true,"href":"https:\/\/nordicmart.andreevmaster.com\/fi\/wp-json\/wp\/v2\/product_cat?post=35887"},{"taxonomy":"product_tag","embeddable":true,"href":"https:\/\/nordicmart.andreevmaster.com\/fi\/wp-json\/wp\/v2\/product_tag?post=35887"}],"curies":[{"name":"wp","href":"https:\/\/api.w.org\/{rel}","templated":true}]}}