{"id":35884,"date":"2026-02-27T00:32:02","date_gmt":"2026-02-27T00:32:02","guid":{"rendered":"https:\/\/nordicmart.andreevmaster.com\/product\/songmics-keinutuoli-koivupuu-beige\/"},"modified":"2026-02-27T09:50:20","modified_gmt":"2026-02-27T09:50:20","slug":"songmics-keinutuoli-koivupuu-beige","status":"publish","type":"product","link":"https:\/\/nordicmart.andreevmaster.com\/fi\/tuote\/songmics-keinutuoli-koivupuu-beige\/","title":{"rendered":"SONGMICS keinutuoli koivupuu beige"},"content":{"rendered":"<p>Heti kun kokeilet SONGMICS:n mukavaa keinutuolia, rakastut siihen ja haluat varmasti tilata toisenkin perheellesi. Mukavuus ja turvallisuus: Keinutuoli erottuu modernilla ulkon\u00e4\u00f6ll\u00e4\u00e4n ja pehme\u00e4ll\u00e4 istuimellaan ja sopii erinomaisesti kaikille, niin aikuisille kuin lapsillekin. Jalkatuki on s\u00e4\u00e4dett\u00e4viss\u00e4 eri korkeuksiin, jotta jalkasi ovat aina mukavassa asennossa. Tukevan koivupuisen rungon, rautakehyksen ja jalkojen liukumattomien huopapohjien ansiosta voit keinua keinutuolissa turvallisesti edestakaisin. Joustava tyyny: Tyyny kiinnitet\u00e4\u00e4n selk\u00e4nojaan tarranauhalla. Voit tarvittaessa irrottaa sen, k\u00e4\u00e4nt\u00e4\u00e4 ymp\u00e4ri ja kiinnitt\u00e4\u00e4 takaisin selk\u00e4nojaan, jolloin se nousee muutaman senttimetrin korkeammalle. Tyynyll\u00e4 on kuitenkin viel\u00e4 yksi etu: sen p\u00e4\u00e4llinen on helppo irrottaa, mik\u00e4 helpottaa puhdistusta. \u00c4l\u00e4 ep\u00e4r\u00f6i, vaan hanki itsellesi keinutuoli rentoutumiseen! Tuotetiedot:V\u00e4ri: beige Materiaali: koivupuu, rauta, vaahtomuovi, puuvilla Koko: 67 x 115 x 87 cm (P x L x K) Selk\u00e4nojan korkeus: 73 cm Istuimen syvyys: 48 cm Jalkatuen pituus: 33 cm Paino: 11,5 kg Maks. staattinen kantavuus: 150 kg Toimitus sis\u00e4lt\u00e4\u00e4: 1 x keinutuoli 1 x ohjeet (DE, EN, FR, ES, IT) SONGMICS-ohjeet: \u00c4l\u00e4 kirist\u00e4 ruuveja heti asennuksen yhteydess\u00e4. Kirist\u00e4 ruuvit varovasti vasta, kun olet asettanut ne kaikki paikoilleen. V\u00e4lt\u00e4 tuotteen pit\u00e4mist\u00e4 ulkona pitki\u00e4 aikoja. \u00c4l\u00e4 altista keinutuolia sateelle.<\/p>\n","protected":false},"excerpt":{"rendered":"<p>SONGMICS keinutuoli koivusta, rentoutustuoli s\u00e4\u00e4dett\u00e4v\u00e4ll\u00e4 jalkatuella, keinutuoli olohuoneeseen, terassille, parvekkeelle, luistamaton, helppo asentaa, beige LYY01MV1<\/p>\n","protected":false},"featured_media":44418,"comment_status":"open","ping_status":"closed","template":"","meta":[],"product_brand":[],"product_cat":[32],"product_tag":[],"class_list":{"0":"post-35884","1":"product","2":"type-product","3":"status-publish","4":"has-post-thumbnail","6":"product_cat-uncategorized-fi","8":"first","9":"instock","10":"shipping-taxable","11":"purchasable","12":"product-type-simple"},"_links":{"self":[{"href":"https:\/\/nordicmart.andreevmaster.com\/fi\/wp-json\/wp\/v2\/product\/35884","targetHints":{"allow":["GET"]}}],"collection":[{"href":"https:\/\/nordicmart.andreevmaster.com\/fi\/wp-json\/wp\/v2\/product"}],"about":[{"href":"https:\/\/nordicmart.andreevmaster.com\/fi\/wp-json\/wp\/v2\/types\/product"}],"replies":[{"embeddable":true,"href":"https:\/\/nordicmart.andreevmaster.com\/fi\/wp-json\/wp\/v2\/comments?post=35884"}],"wp:featuredmedia":[{"embeddable":true,"href":"https:\/\/nordicmart.andreevmaster.com\/fi\/wp-json\/wp\/v2\/media\/44418"}],"wp:attachment":[{"href":"https:\/\/nordicmart.andreevmaster.com\/fi\/wp-json\/wp\/v2\/media?parent=35884"}],"wp:term":[{"taxonomy":"product_brand","embeddable":true,"href":"https:\/\/nordicmart.andreevmaster.com\/fi\/wp-json\/wp\/v2\/product_brand?post=35884"},{"taxonomy":"product_cat","embeddable":true,"href":"https:\/\/nordicmart.andreevmaster.com\/fi\/wp-json\/wp\/v2\/product_cat?post=35884"},{"taxonomy":"product_tag","embeddable":true,"href":"https:\/\/nordicmart.andreevmaster.com\/fi\/wp-json\/wp\/v2\/product_tag?post=35884"}],"curies":[{"name":"wp","href":"https:\/\/api.w.org\/{rel}","templated":true}]}}