{"id":35883,"date":"2026-02-27T00:32:02","date_gmt":"2026-02-27T00:32:02","guid":{"rendered":"https:\/\/nordicmart.andreevmaster.com\/product\/gyngestol-i-birketrae-beige-2\/"},"modified":"2026-02-27T09:50:20","modified_gmt":"2026-02-27T09:50:20","slug":"gyngestol-i-birketrae-beige-2","status":"publish","type":"product","link":"https:\/\/nordicmart.andreevmaster.com\/fi\/tuote\/gyngestol-i-birketrae-beige-2\/","title":{"rendered":"Gyngestol i birketr\u00e6 beige"},"content":{"rendered":"<p>Kun olet kerran kokeillut SONGMICSin mukavaa keinutuolia, tulet rakastamaan sit\u00e4 ja haluat varmasti tilata toisenkin perheellesi. Mukavuus ja turvallisuus: Keinutuoli erottuu modernista ulkon\u00e4\u00f6st\u00e4\u00e4n ja pehme\u00e4st\u00e4 istuimestaan, ja se sopii kaikille, niin aikuisille kuin lapsillekin. Jalkatuki on my\u00f6s s\u00e4\u00e4dett\u00e4viss\u00e4 eri korkeuksiin, jotta jalkasi ovat aina mukavassa asennossa. Vankkan koivupuisen rungon, rautakehyksen ja jalkojen liukumattomien huopapohjien ansiosta voit keinua keinutuolissa turvallisesti edestakaisin. Joustava p\u00e4\u00e4ntuki:P\u00e4\u00e4ntuki on kiinnitetty selk\u00e4nojaan tarranauhalla. Voit irrottaa sen tarvittaessa, k\u00e4\u00e4nt\u00e4\u00e4 sen ymp\u00e4ri ja kiinnitt\u00e4\u00e4 sen uudelleen selk\u00e4nojaan ja nostaa sit\u00e4 muutaman senttimetrin. P\u00e4\u00e4tyynyll\u00e4 on my\u00f6s toinen etu: sen p\u00e4\u00e4llinen on helppo irrottaa, mik\u00e4 helpottaa puhdistusta, joten \u00e4l\u00e4 ep\u00e4r\u00f6i ja hemmottele itse\u00e4si keinutuolilla rentoutumiseen! Tuotetiedot: V\u00e4ri: Beige Materiaali: Koivupuu, rauta, vaahtomuovi, puuvilla Koko: 67 x 115 x 87 cm (P x L x K) Selk\u00e4nojan korkeus: 73 cm Istuimen syvyys: 48 cm Jalkatuen pituus: 33 cm Paino: 11,5 kg Maks. staattinen kantavuus: 150 kg Toimitus sis\u00e4lt\u00e4\u00e4: 1 x keinutuoli 1 x k\u00e4ytt\u00f6ohje (DE, EN, FR, ES, IT)SONGMICS-ohje: \u00c4l\u00e4 kirist\u00e4 ruuveja heti asennuksen aikana. Kirist\u00e4 ruuvit varovasti vasta, kun olet asettanut ne kaikki paikoilleen. \u00c4l\u00e4 j\u00e4t\u00e4 tuotetta pitk\u00e4ksi aikaa ulos. \u00c4l\u00e4 altista keinutuolia sateelle.<\/p>\n","protected":false},"excerpt":{"rendered":"<p>Kun olet kerran kokeillut SONGMICSin mukavaa keinutuolia, tulet rakastamaan sit\u00e4 ja haluat varmasti tilata toisenkin perheellesi. Mukavuus ja turvallisuus: Keinutuoli erottuu modernista ulkon\u00e4\u00f6st\u00e4\u00e4n ja pehme\u00e4st\u00e4 istuimestaan, ja se sopii kaikille, niin aikuisille kuin lapsillekin. Jalkatuki on my\u00f6s s\u00e4\u00e4dett\u00e4viss\u00e4 eri korkeuksiin, jotta jalkasi ovat aina mukavassa asennossa. Vankkan koivupuisen rungon, rautakehyksen ja jalkojen liukumattomien huopapohjien ansiosta [&hellip;]<\/p>\n","protected":false},"featured_media":0,"comment_status":"open","ping_status":"closed","template":"","meta":[],"product_brand":[],"product_cat":[32],"product_tag":[],"class_list":{"0":"post-35883","1":"product","2":"type-product","3":"status-publish","5":"product_cat-uncategorized-fi","7":"first","8":"instock","9":"shipping-taxable","10":"product-type-simple"},"_links":{"self":[{"href":"https:\/\/nordicmart.andreevmaster.com\/fi\/wp-json\/wp\/v2\/product\/35883","targetHints":{"allow":["GET"]}}],"collection":[{"href":"https:\/\/nordicmart.andreevmaster.com\/fi\/wp-json\/wp\/v2\/product"}],"about":[{"href":"https:\/\/nordicmart.andreevmaster.com\/fi\/wp-json\/wp\/v2\/types\/product"}],"replies":[{"embeddable":true,"href":"https:\/\/nordicmart.andreevmaster.com\/fi\/wp-json\/wp\/v2\/comments?post=35883"}],"wp:attachment":[{"href":"https:\/\/nordicmart.andreevmaster.com\/fi\/wp-json\/wp\/v2\/media?parent=35883"}],"wp:term":[{"taxonomy":"product_brand","embeddable":true,"href":"https:\/\/nordicmart.andreevmaster.com\/fi\/wp-json\/wp\/v2\/product_brand?post=35883"},{"taxonomy":"product_cat","embeddable":true,"href":"https:\/\/nordicmart.andreevmaster.com\/fi\/wp-json\/wp\/v2\/product_cat?post=35883"},{"taxonomy":"product_tag","embeddable":true,"href":"https:\/\/nordicmart.andreevmaster.com\/fi\/wp-json\/wp\/v2\/product_tag?post=35883"}],"curies":[{"name":"wp","href":"https:\/\/api.w.org\/{rel}","templated":true}]}}