{"id":35882,"date":"2026-02-27T00:32:01","date_gmt":"2026-02-27T00:32:01","guid":{"rendered":"https:\/\/nordicmart.andreevmaster.com\/product\/songmics-home-keinutuoli-jossa-on-kumi-puujalat-kermanvalkoinen\/"},"modified":"2026-02-27T09:50:19","modified_gmt":"2026-02-27T09:50:19","slug":"songmics-home-keinutuoli-jossa-on-kumi-puujalat-kermanvalkoinen","status":"publish","type":"product","link":"https:\/\/nordicmart.andreevmaster.com\/fi\/tuote\/songmics-home-keinutuoli-jossa-on-kumi-puujalat-kermanvalkoinen\/","title":{"rendered":"SONGMICS HOME keinutuoli, jossa on kumi-puujalat, kermanvalkoinen"},"content":{"rendered":"<p>SONGMICS HOME keinutuoli, kumipuujalat, keinutuoli, fleece-pinta, 4-asentoinen s\u00e4\u00e4dett\u00e4v\u00e4 selk\u00e4noja, kantavuus 160 kg, makuuhuoneeseen, olohuoneeseen, kermanvalkoinen LYY016W01<br \/>\nV\u00e4ri: kermanvalkoinen<br \/>\nMateriaali: vaahtomuovipehmuste, fleece, kumipuu, ter\u00e4s<br \/>\nKoko: 97 x 67 x 100 cm (S x L x K)<br \/>\nPaino: 13,9 kg<br \/>\nMaks. staattinen kantavuus: 160 kg<\/p>\n","protected":false},"excerpt":{"rendered":"<p>SONGMICS HOME keinutuoli, kumipuujalat, keinutuoli, fleece-pinta, 4-asentoinen s\u00e4\u00e4dett\u00e4v\u00e4 selk\u00e4noja, kantavuus 160 kg, makuuhuoneeseen, olohuoneeseen, kermanvalkoinen LYY016W01<\/p>\n","protected":false},"featured_media":44417,"comment_status":"open","ping_status":"closed","template":"","meta":[],"product_brand":[],"product_cat":[32],"product_tag":[],"class_list":{"0":"post-35882","1":"product","2":"type-product","3":"status-publish","4":"has-post-thumbnail","6":"product_cat-uncategorized-fi","8":"first","9":"instock","10":"shipping-taxable","11":"purchasable","12":"product-type-simple"},"_links":{"self":[{"href":"https:\/\/nordicmart.andreevmaster.com\/fi\/wp-json\/wp\/v2\/product\/35882","targetHints":{"allow":["GET"]}}],"collection":[{"href":"https:\/\/nordicmart.andreevmaster.com\/fi\/wp-json\/wp\/v2\/product"}],"about":[{"href":"https:\/\/nordicmart.andreevmaster.com\/fi\/wp-json\/wp\/v2\/types\/product"}],"replies":[{"embeddable":true,"href":"https:\/\/nordicmart.andreevmaster.com\/fi\/wp-json\/wp\/v2\/comments?post=35882"}],"wp:featuredmedia":[{"embeddable":true,"href":"https:\/\/nordicmart.andreevmaster.com\/fi\/wp-json\/wp\/v2\/media\/44417"}],"wp:attachment":[{"href":"https:\/\/nordicmart.andreevmaster.com\/fi\/wp-json\/wp\/v2\/media?parent=35882"}],"wp:term":[{"taxonomy":"product_brand","embeddable":true,"href":"https:\/\/nordicmart.andreevmaster.com\/fi\/wp-json\/wp\/v2\/product_brand?post=35882"},{"taxonomy":"product_cat","embeddable":true,"href":"https:\/\/nordicmart.andreevmaster.com\/fi\/wp-json\/wp\/v2\/product_cat?post=35882"},{"taxonomy":"product_tag","embeddable":true,"href":"https:\/\/nordicmart.andreevmaster.com\/fi\/wp-json\/wp\/v2\/product_tag?post=35882"}],"curies":[{"name":"wp","href":"https:\/\/api.w.org\/{rel}","templated":true}]}}