{"id":35880,"date":"2026-02-27T00:32:01","date_gmt":"2026-02-27T00:32:01","guid":{"rendered":"https:\/\/nordicmart.andreevmaster.com\/product\/songmics-keinutuoli-jossa-on-5-asentoinen-saadettava-jalkatuki-keskiyonsininen-valkoinen\/"},"modified":"2026-02-27T09:50:19","modified_gmt":"2026-02-27T09:50:19","slug":"songmics-keinutuoli-jossa-on-5-asentoinen-saadettava-jalkatuki-keskiyonsininen-valkoinen","status":"publish","type":"product","link":"https:\/\/nordicmart.andreevmaster.com\/fi\/tuote\/songmics-keinutuoli-jossa-on-5-asentoinen-saadettava-jalkatuki-keskiyonsininen-valkoinen\/","title":{"rendered":"SONGMICS keinutuoli, jossa on 5-asentoinen s\u00e4\u00e4dett\u00e4v\u00e4 jalkatuki, keskiy\u00f6nsininen-valkoinen"},"content":{"rendered":"<p>SONGMICS keinutuoli koivusta, rentoutustuoli, jalkatuki 5-asentoinen, verhoilu keinokangasta, kantavuus 150 kg, olohuone ja makuuhuone, tummanharmaa LYY011G01<br \/>\nV\u00e4ri: keskiy\u00f6nsininen-valkoinen<br \/>\nMateriaali: koivupuu, metallirunko sis\u00e4puolella, vaahtomuovipehmuste, keinokangasverhoilu<br \/>\nKoko: 121,5 x 67 x 84 cm (S x L x K)<br \/>\nPaino: 9,8 kg<br \/>\nMaks. staattinen kantavuus: 150 kg<\/p>\n","protected":false},"excerpt":{"rendered":"<p>SONGMICS keinutuoli koivusta, rentoutustuoli, jalkatuki 5-asentoinen, verhoilu keinokangasta, kantavuus 150 kg, olohuone ja makuuhuone, tummanharmaa LYY011G01<\/p>\n","protected":false},"featured_media":44415,"comment_status":"open","ping_status":"closed","template":"","meta":[],"product_brand":[],"product_cat":[32],"product_tag":[],"class_list":{"0":"post-35880","1":"product","2":"type-product","3":"status-publish","4":"has-post-thumbnail","6":"product_cat-uncategorized-fi","8":"first","9":"instock","10":"shipping-taxable","11":"purchasable","12":"product-type-simple"},"_links":{"self":[{"href":"https:\/\/nordicmart.andreevmaster.com\/fi\/wp-json\/wp\/v2\/product\/35880","targetHints":{"allow":["GET"]}}],"collection":[{"href":"https:\/\/nordicmart.andreevmaster.com\/fi\/wp-json\/wp\/v2\/product"}],"about":[{"href":"https:\/\/nordicmart.andreevmaster.com\/fi\/wp-json\/wp\/v2\/types\/product"}],"replies":[{"embeddable":true,"href":"https:\/\/nordicmart.andreevmaster.com\/fi\/wp-json\/wp\/v2\/comments?post=35880"}],"wp:featuredmedia":[{"embeddable":true,"href":"https:\/\/nordicmart.andreevmaster.com\/fi\/wp-json\/wp\/v2\/media\/44415"}],"wp:attachment":[{"href":"https:\/\/nordicmart.andreevmaster.com\/fi\/wp-json\/wp\/v2\/media?parent=35880"}],"wp:term":[{"taxonomy":"product_brand","embeddable":true,"href":"https:\/\/nordicmart.andreevmaster.com\/fi\/wp-json\/wp\/v2\/product_brand?post=35880"},{"taxonomy":"product_cat","embeddable":true,"href":"https:\/\/nordicmart.andreevmaster.com\/fi\/wp-json\/wp\/v2\/product_cat?post=35880"},{"taxonomy":"product_tag","embeddable":true,"href":"https:\/\/nordicmart.andreevmaster.com\/fi\/wp-json\/wp\/v2\/product_tag?post=35880"}],"curies":[{"name":"wp","href":"https:\/\/api.w.org\/{rel}","templated":true}]}}