{"id":35879,"date":"2026-02-27T00:32:01","date_gmt":"2026-02-27T00:32:01","guid":{"rendered":"https:\/\/nordicmart.andreevmaster.com\/product\/songmics-keinutuoli-koivusta\/"},"modified":"2026-02-27T09:50:18","modified_gmt":"2026-02-27T09:50:18","slug":"songmics-keinutuoli-koivusta","status":"publish","type":"product","link":"https:\/\/nordicmart.andreevmaster.com\/fi\/tuote\/songmics-keinutuoli-koivusta\/","title":{"rendered":"SONGMICS keinutuoli koivusta"},"content":{"rendered":"<p>Rentouttavampi kuin koskaan T\u00e4m\u00e4 rentouttava tuoli on varustettu 5-asentoisella jalkatuella ja erityisen pehme\u00e4ll\u00e4 pehmusteella, jotka takaavat korkean mukavuuden. Lapsesi tulevat taistelemaan t\u00e4st\u00e4 tuolista ja haluavat katsella sill\u00e4 hauskoja sarjakuvia. Lis\u00e4ksi t\u00e4m\u00e4 keinutuoli on varustettu tukevalla koivupuisella rungolla ja vahvistettu metallisella kehyksell\u00e4, joten voit keinua turvallisesti. \u00c4l\u00e4 odota en\u00e4\u00e4, vaan hanki t\u00e4m\u00e4 mukava keinutuoli kotiisi. Aika rentoutua! Tuotetiedot: &#8211; V\u00e4ri: tummanharmaa &#8211; Materiaali: koivupuu, metallirunko sis\u00e4ll\u00e4, vaahtomuovipehmuste, keinokangasverhoilu &#8211; Koko: 67 x 115 x 91 cm (P x L x K) &#8211; Paino: 9,8 kg &#8211; Maks. staattinen kantavuus: 150 kg Toimitus sis\u00e4lt\u00e4\u00e4:- 1 x keinutuoli &#8211; 1 x ohjeet (DE, EN, IT, FR, ES) SONGMICS-ohjeet: &#8211; \u00c4l\u00e4 kirist\u00e4 ruuveja heti asennuksen aikana. Kirist\u00e4 ruuvit varovasti vasta, kun olet asettanut ne kaikki paikoilleen. &#8211; \u00c4l\u00e4 j\u00e4t\u00e4 tuotetta pitk\u00e4ksi aikaa ulos.<\/p>\n","protected":false},"excerpt":{"rendered":"<p>SONGMICS keinutuoli koivusta, rentoutustuoli, jalkatuki 5-asentoinen, verhoilu keinokangasta, kantavuus 150 kg, olohuone ja makuuhuone, tummanharmaa LYY011G01<\/p>\n","protected":false},"featured_media":44414,"comment_status":"open","ping_status":"closed","template":"","meta":[],"product_brand":[],"product_cat":[32],"product_tag":[],"class_list":{"0":"post-35879","1":"product","2":"type-product","3":"status-publish","4":"has-post-thumbnail","6":"product_cat-uncategorized-fi","8":"first","9":"instock","10":"shipping-taxable","11":"purchasable","12":"product-type-simple"},"_links":{"self":[{"href":"https:\/\/nordicmart.andreevmaster.com\/fi\/wp-json\/wp\/v2\/product\/35879","targetHints":{"allow":["GET"]}}],"collection":[{"href":"https:\/\/nordicmart.andreevmaster.com\/fi\/wp-json\/wp\/v2\/product"}],"about":[{"href":"https:\/\/nordicmart.andreevmaster.com\/fi\/wp-json\/wp\/v2\/types\/product"}],"replies":[{"embeddable":true,"href":"https:\/\/nordicmart.andreevmaster.com\/fi\/wp-json\/wp\/v2\/comments?post=35879"}],"wp:featuredmedia":[{"embeddable":true,"href":"https:\/\/nordicmart.andreevmaster.com\/fi\/wp-json\/wp\/v2\/media\/44414"}],"wp:attachment":[{"href":"https:\/\/nordicmart.andreevmaster.com\/fi\/wp-json\/wp\/v2\/media?parent=35879"}],"wp:term":[{"taxonomy":"product_brand","embeddable":true,"href":"https:\/\/nordicmart.andreevmaster.com\/fi\/wp-json\/wp\/v2\/product_brand?post=35879"},{"taxonomy":"product_cat","embeddable":true,"href":"https:\/\/nordicmart.andreevmaster.com\/fi\/wp-json\/wp\/v2\/product_cat?post=35879"},{"taxonomy":"product_tag","embeddable":true,"href":"https:\/\/nordicmart.andreevmaster.com\/fi\/wp-json\/wp\/v2\/product_tag?post=35879"}],"curies":[{"name":"wp","href":"https:\/\/api.w.org\/{rel}","templated":true}]}}