{"id":35878,"date":"2026-02-27T00:32:00","date_gmt":"2026-02-27T00:32:00","guid":{"rendered":"https:\/\/nordicmart.andreevmaster.com\/product\/songmics-keinutuoli-koivupuisilla-kasinojilla-pastellinkeltainen-luonnonvari\/"},"modified":"2026-02-27T09:50:18","modified_gmt":"2026-02-27T09:50:18","slug":"songmics-keinutuoli-koivupuisilla-kasinojilla-pastellinkeltainen-luonnonvari","status":"publish","type":"product","link":"https:\/\/nordicmart.andreevmaster.com\/fi\/tuote\/songmics-keinutuoli-koivupuisilla-kasinojilla-pastellinkeltainen-luonnonvari\/","title":{"rendered":"SONGMICS keinutuoli koivupuisilla k\u00e4sinojilla, pastellinkeltainen-luonnonv\u00e4ri"},"content":{"rendered":"<p>SONGMICS keinutuoli, rentoutustuoli, 5-asentoinen s\u00e4\u00e4dett\u00e4v\u00e4 jalkatuki, tukeva koivupuiset jalat, kantavuus 150 kg, beige LYY10M<br \/>\nV\u00e4ri: pastellikeltainen-luonnonv\u00e4rit<br \/>\nMateriaali: koivupuu, metallirunko sis\u00e4ll\u00e4, vaahtomuovipehmuste, p\u00e4\u00e4llinen puuvilla-polyesterisekoitetta<br \/>\nKoko: 121,5 x 67 x 84 cm (S x L x K)<br \/>\nPaino: 9,8 kg<br \/>\nMaks. staattinen kantavuus: 150 kg<\/p>\n","protected":false},"excerpt":{"rendered":"<p>SONGMICS keinutuoli, rentoutustuoli, 5-asentoinen s\u00e4\u00e4dett\u00e4v\u00e4 jalkatuki, tukeva koivupuiset jalat, kantavuus 150 kg, beige LYY10M<\/p>\n","protected":false},"featured_media":44413,"comment_status":"open","ping_status":"closed","template":"","meta":[],"product_brand":[],"product_cat":[32],"product_tag":[],"class_list":{"0":"post-35878","1":"product","2":"type-product","3":"status-publish","4":"has-post-thumbnail","6":"product_cat-uncategorized-fi","8":"first","9":"instock","10":"shipping-taxable","11":"purchasable","12":"product-type-simple"},"_links":{"self":[{"href":"https:\/\/nordicmart.andreevmaster.com\/fi\/wp-json\/wp\/v2\/product\/35878","targetHints":{"allow":["GET"]}}],"collection":[{"href":"https:\/\/nordicmart.andreevmaster.com\/fi\/wp-json\/wp\/v2\/product"}],"about":[{"href":"https:\/\/nordicmart.andreevmaster.com\/fi\/wp-json\/wp\/v2\/types\/product"}],"replies":[{"embeddable":true,"href":"https:\/\/nordicmart.andreevmaster.com\/fi\/wp-json\/wp\/v2\/comments?post=35878"}],"wp:featuredmedia":[{"embeddable":true,"href":"https:\/\/nordicmart.andreevmaster.com\/fi\/wp-json\/wp\/v2\/media\/44413"}],"wp:attachment":[{"href":"https:\/\/nordicmart.andreevmaster.com\/fi\/wp-json\/wp\/v2\/media?parent=35878"}],"wp:term":[{"taxonomy":"product_brand","embeddable":true,"href":"https:\/\/nordicmart.andreevmaster.com\/fi\/wp-json\/wp\/v2\/product_brand?post=35878"},{"taxonomy":"product_cat","embeddable":true,"href":"https:\/\/nordicmart.andreevmaster.com\/fi\/wp-json\/wp\/v2\/product_cat?post=35878"},{"taxonomy":"product_tag","embeddable":true,"href":"https:\/\/nordicmart.andreevmaster.com\/fi\/wp-json\/wp\/v2\/product_tag?post=35878"}],"curies":[{"name":"wp","href":"https:\/\/api.w.org\/{rel}","templated":true}]}}