{"id":35866,"date":"2026-02-27T00:31:57","date_gmt":"2026-02-27T00:31:57","guid":{"rendered":"https:\/\/nordicmart.andreevmaster.com\/product\/songmics-kelluva-hylly-seinahylly-3-laatikolla\/"},"modified":"2026-02-27T09:50:15","modified_gmt":"2026-02-27T09:50:15","slug":"songmics-kelluva-hylly-seinahylly-3-laatikolla","status":"publish","type":"product","link":"https:\/\/nordicmart.andreevmaster.com\/fi\/tuote\/songmics-kelluva-hylly-seinahylly-3-laatikolla\/","title":{"rendered":"SONGMICS kelluva hylly, sein\u00e4hylly, 3 laatikolla"},"content":{"rendered":"<p>Puuttuuko lattialla s\u00e4ilytystilaa? K\u00e4\u00e4nn\u00e4 katseesi seiniin! T\u00e4m\u00e4n kelluvan hyllyn avulla voit esitt\u00e4\u00e4 valokuvakehyksi\u00e4 makuuhuoneessa, s\u00e4ilytt\u00e4\u00e4 maustepurkkeja keitti\u00f6ss\u00e4 tai sijoittaa koriste-esineit\u00e4 olohuoneeseen. &#8221;Olemme vahvoja&#8221;: syrj\u00e4yt\u00e4 ep\u00e4vakaat hyllyt! E1-luokan puumateriaalista valmistettu 3 laatikolla varustettu hylly on riitt\u00e4v\u00e4n vahva, jotta siihen voi sijoittaa ruukkukasveja tai sisustustarvikkeita (maks. staattinen kantavuus: 15 kg). Tuotetiedot: &#8211; V\u00e4ri: valkoinen &#8211; Materiaali: E1-luokan MDF (keskitihe\u00e4 kuitulevy) &#8211; Koko: 80 x 15 x 10 cm (P x L x K) &#8211; Paino: 4 kg &#8211; Maks. staattinen kantavuus: 15 kg Toimitus sis\u00e4lt\u00e4\u00e4: &#8211; 1 x sein\u00e4hylly 3 laatikolla &#8211; 1 x lis\u00e4varustepaketti &#8211; 1 x ohjeet (DE, EN, FR, ES, IT) SONGMICS-ohjeet:- Hyllyn kokoamiseen tarvitaan ruuvimeisseli, vesivaaka ja vasara. &#8211; Kiinnit\u00e4 tuote massiivisiin betoni- tai tiiliseiniin. Jos haluat kiinnitt\u00e4\u00e4 tuotteen kipsilevyseiniin, hanki tarvittavat ruuvit erikoisliikkeest\u00e4.<\/p>\n","protected":false},"excerpt":{"rendered":"<p>SONGMICS sein\u00e4hylly, kelluva hylly 3 laatikolla, s\u00e4ilytyshylly eteiseen, 80 x 15 x 10 cm, olohuone, makuuhuone ja keitti\u00f6, kiilt\u00e4v\u00e4 lakka, valkoinen<\/p>\n","protected":false},"featured_media":44401,"comment_status":"open","ping_status":"closed","template":"","meta":[],"product_brand":[],"product_cat":[32],"product_tag":[],"class_list":{"0":"post-35866","1":"product","2":"type-product","3":"status-publish","4":"has-post-thumbnail","6":"product_cat-uncategorized-fi","8":"first","9":"instock","10":"shipping-taxable","11":"purchasable","12":"product-type-simple"},"_links":{"self":[{"href":"https:\/\/nordicmart.andreevmaster.com\/fi\/wp-json\/wp\/v2\/product\/35866","targetHints":{"allow":["GET"]}}],"collection":[{"href":"https:\/\/nordicmart.andreevmaster.com\/fi\/wp-json\/wp\/v2\/product"}],"about":[{"href":"https:\/\/nordicmart.andreevmaster.com\/fi\/wp-json\/wp\/v2\/types\/product"}],"replies":[{"embeddable":true,"href":"https:\/\/nordicmart.andreevmaster.com\/fi\/wp-json\/wp\/v2\/comments?post=35866"}],"wp:featuredmedia":[{"embeddable":true,"href":"https:\/\/nordicmart.andreevmaster.com\/fi\/wp-json\/wp\/v2\/media\/44401"}],"wp:attachment":[{"href":"https:\/\/nordicmart.andreevmaster.com\/fi\/wp-json\/wp\/v2\/media?parent=35866"}],"wp:term":[{"taxonomy":"product_brand","embeddable":true,"href":"https:\/\/nordicmart.andreevmaster.com\/fi\/wp-json\/wp\/v2\/product_brand?post=35866"},{"taxonomy":"product_cat","embeddable":true,"href":"https:\/\/nordicmart.andreevmaster.com\/fi\/wp-json\/wp\/v2\/product_cat?post=35866"},{"taxonomy":"product_tag","embeddable":true,"href":"https:\/\/nordicmart.andreevmaster.com\/fi\/wp-json\/wp\/v2\/product_tag?post=35866"}],"curies":[{"name":"wp","href":"https:\/\/api.w.org\/{rel}","templated":true}]}}