{"id":35865,"date":"2026-02-27T00:31:57","date_gmt":"2026-02-27T00:31:57","guid":{"rendered":"https:\/\/nordicmart.andreevmaster.com\/product\/songmics-seinahylly-2-kpl-kelluva-hylly-kiiltavalla-pinnalla\/"},"modified":"2026-02-27T09:50:15","modified_gmt":"2026-02-27T09:50:15","slug":"songmics-seinahylly-2-kpl-kelluva-hylly-kiiltavalla-pinnalla","status":"publish","type":"product","link":"https:\/\/nordicmart.andreevmaster.com\/fi\/tuote\/songmics-seinahylly-2-kpl-kelluva-hylly-kiiltavalla-pinnalla\/","title":{"rendered":"SONGMICS sein\u00e4hylly, 2 kpl, kelluva hylly kiilt\u00e4v\u00e4ll\u00e4 pinnalla"},"content":{"rendered":"<p>Olohuoneessa N\u00e4ill\u00e4 tyylikk\u00e4ill\u00e4 sein\u00e4hyllyill\u00e4 voit tuoda esille koriste-esineit\u00e4, mehikasveja ja valokuvakehyksi\u00e4. Pirist\u00e4 kotisi helposti! Makuuhuoneessa Asenna n\u00e4m\u00e4 sein\u00e4hyllyt s\u00e4ngyn viereen, jotta voit sijoittaa niille kellon, silm\u00e4lasit tai tuoksukynttil\u00e4t. Korotetut reunat est\u00e4v\u00e4t esineit\u00e4 liukumasta alas. Ja viel\u00e4 lis\u00e4\u00e4 N\u00e4m\u00e4 kelluvat hyllyt sopivat erinomaisesti ruokasaliin, kylpyhuoneeseen, toimistoon&#8230; Luettelo olisi liian pitk\u00e4, jotta kaikki voitaisiin mainita t\u00e4ss\u00e4, sill\u00e4 n\u00e4m\u00e4 hyllyt sopivat kaikkialle, miss\u00e4 on sein\u00e4t. Tuotetiedot: &#8211; V\u00e4ri: valkoinen &#8211; Materiaali: E1-luokan MDF (keskitihe\u00e4 kuitulevy) &#8211; Koko: 80 x 10 x 5\/2 cm (P x L x K) (takana: 5 cm, edess\u00e4: 2 cm) &#8211; Kokonaispaino: 2,3 kg &#8211; Hyllyn maks. staattinen kantavuus: 10 kg Toimitus sis\u00e4lt\u00e4\u00e4: &#8211; 2 x sein\u00e4hylly &#8211; 1 x lis\u00e4varustepaketti &#8211; 1 x ohjeet (DE, EN, FR, ES, IT)<\/p>\n","protected":false},"excerpt":{"rendered":"<p>SONGMICS sein\u00e4hylly, 2 kpl, kiilt\u00e4v\u00e4pinnoitetut hyllyt, 80 x 10 cm, sein\u00e4hylly kuvakehyksille ja kirjoille, olohuone, makuuhuone, kylpyhuone, keitti\u00f6, valkoinen LWS080W01<\/p>\n","protected":false},"featured_media":44400,"comment_status":"open","ping_status":"closed","template":"","meta":[],"product_brand":[],"product_cat":[32],"product_tag":[],"class_list":{"0":"post-35865","1":"product","2":"type-product","3":"status-publish","4":"has-post-thumbnail","6":"product_cat-uncategorized-fi","8":"first","9":"instock","10":"shipping-taxable","11":"purchasable","12":"product-type-simple"},"_links":{"self":[{"href":"https:\/\/nordicmart.andreevmaster.com\/fi\/wp-json\/wp\/v2\/product\/35865","targetHints":{"allow":["GET"]}}],"collection":[{"href":"https:\/\/nordicmart.andreevmaster.com\/fi\/wp-json\/wp\/v2\/product"}],"about":[{"href":"https:\/\/nordicmart.andreevmaster.com\/fi\/wp-json\/wp\/v2\/types\/product"}],"replies":[{"embeddable":true,"href":"https:\/\/nordicmart.andreevmaster.com\/fi\/wp-json\/wp\/v2\/comments?post=35865"}],"wp:featuredmedia":[{"embeddable":true,"href":"https:\/\/nordicmart.andreevmaster.com\/fi\/wp-json\/wp\/v2\/media\/44400"}],"wp:attachment":[{"href":"https:\/\/nordicmart.andreevmaster.com\/fi\/wp-json\/wp\/v2\/media?parent=35865"}],"wp:term":[{"taxonomy":"product_brand","embeddable":true,"href":"https:\/\/nordicmart.andreevmaster.com\/fi\/wp-json\/wp\/v2\/product_brand?post=35865"},{"taxonomy":"product_cat","embeddable":true,"href":"https:\/\/nordicmart.andreevmaster.com\/fi\/wp-json\/wp\/v2\/product_cat?post=35865"},{"taxonomy":"product_tag","embeddable":true,"href":"https:\/\/nordicmart.andreevmaster.com\/fi\/wp-json\/wp\/v2\/product_tag?post=35865"}],"curies":[{"name":"wp","href":"https:\/\/api.w.org\/{rel}","templated":true}]}}