{"id":35864,"date":"2026-02-27T00:31:57","date_gmt":"2026-02-27T00:31:57","guid":{"rendered":"https:\/\/nordicmart.andreevmaster.com\/product\/vasagle-seinahylly-kelluva-hylly-3-kpln-sarja\/"},"modified":"2026-02-27T09:50:14","modified_gmt":"2026-02-27T09:50:14","slug":"vasagle-seinahylly-kelluva-hylly-3-kpln-sarja","status":"publish","type":"product","link":"https:\/\/nordicmart.andreevmaster.com\/fi\/tuote\/vasagle-seinahylly-kelluva-hylly-3-kpln-sarja\/","title":{"rendered":"VASAGLE sein\u00e4hylly, kelluva hylly, 3 kpl:n sarja"},"content":{"rendered":"<p>VASAGLE sein\u00e4hylly, kelluva hylly, 3 kpl:n sarja, hyllylevy, 2 asennusmahdollisuutta, esittelyhylly, olohuoneeseen, keitti\u00f6\u00f6n, ty\u00f6huoneeseen, kylpyhuoneeseen, greige-matta musta LWS033B02<br \/>\nTuotetiedot:<br \/>\n&#8211; V\u00e4ri: tammiv\u00e4ri-matta musta<br \/>\n&#8211; Materiaali: lastulevy, ter\u00e4s<br \/>\n&#8211; Pienen hyllyn koko: 12 x 30 x 11 cm (S x L x K)<br \/>\n&#8211; Keskikokoisen hyllyn koko: 12 x 35 x 11 cm (S x L x K)<br \/>\n&#8211; Suuren hyllyn koko: 12 x 40 x 11 cm (S x L x K)<br \/>\n&#8211; Kokonaispaino: 2,1 kg<br \/>\n&#8211; Maks. staattinen kantavuus sein\u00e4hylly\u00e4 kohti: 10 kg<\/p>\n<p>Toimitus sis\u00e4lt\u00e4\u00e4:<br \/>\n&#8211; 3 x kelluva hylly<br \/>\n&#8211; 1 x kuusiokoloavain<br \/>\n&#8211; 1 x lis\u00e4varustepaketti<br \/>\n&#8211; 1 x ohjeet<\/p>\n<p>VASAGLE Huomautukset:<br \/>\n&#8211; Hylly on suositeltavaa kiinnitt\u00e4\u00e4 tukevaan sein\u00e4\u00e4n.<br \/>\n&#8211; \u00c4l\u00e4 aseta liian painavia esineit\u00e4 hyllylle.<\/p>\n","protected":false},"excerpt":{"rendered":"<p>VASAGLE sein\u00e4hylly, kelluva hylly, 3 kpl:n sarja, hyllylevy, 2 asennusmahdollisuutta, esittelyhylly, olohuoneeseen, keitti\u00f6\u00f6n, ty\u00f6huoneeseen, kylpyhuoneeseen, greige-matta musta LWS033B02<\/p>\n","protected":false},"featured_media":44399,"comment_status":"open","ping_status":"closed","template":"","meta":[],"product_brand":[],"product_cat":[32],"product_tag":[],"class_list":{"0":"post-35864","1":"product","2":"type-product","3":"status-publish","4":"has-post-thumbnail","6":"product_cat-uncategorized-fi","8":"first","9":"instock","10":"shipping-taxable","11":"purchasable","12":"product-type-simple"},"_links":{"self":[{"href":"https:\/\/nordicmart.andreevmaster.com\/fi\/wp-json\/wp\/v2\/product\/35864","targetHints":{"allow":["GET"]}}],"collection":[{"href":"https:\/\/nordicmart.andreevmaster.com\/fi\/wp-json\/wp\/v2\/product"}],"about":[{"href":"https:\/\/nordicmart.andreevmaster.com\/fi\/wp-json\/wp\/v2\/types\/product"}],"replies":[{"embeddable":true,"href":"https:\/\/nordicmart.andreevmaster.com\/fi\/wp-json\/wp\/v2\/comments?post=35864"}],"wp:featuredmedia":[{"embeddable":true,"href":"https:\/\/nordicmart.andreevmaster.com\/fi\/wp-json\/wp\/v2\/media\/44399"}],"wp:attachment":[{"href":"https:\/\/nordicmart.andreevmaster.com\/fi\/wp-json\/wp\/v2\/media?parent=35864"}],"wp:term":[{"taxonomy":"product_brand","embeddable":true,"href":"https:\/\/nordicmart.andreevmaster.com\/fi\/wp-json\/wp\/v2\/product_brand?post=35864"},{"taxonomy":"product_cat","embeddable":true,"href":"https:\/\/nordicmart.andreevmaster.com\/fi\/wp-json\/wp\/v2\/product_cat?post=35864"},{"taxonomy":"product_tag","embeddable":true,"href":"https:\/\/nordicmart.andreevmaster.com\/fi\/wp-json\/wp\/v2\/product_tag?post=35864"}],"curies":[{"name":"wp","href":"https:\/\/api.w.org\/{rel}","templated":true}]}}