{"id":35862,"date":"2026-02-27T00:31:56","date_gmt":"2026-02-27T00:31:56","guid":{"rendered":"https:\/\/nordicmart.andreevmaster.com\/product\/vasagle-seinahylly-hyllylauta-kelluva-hylly\/"},"modified":"2026-02-27T09:50:14","modified_gmt":"2026-02-27T09:50:14","slug":"vasagle-seinahylly-hyllylauta-kelluva-hylly","status":"publish","type":"product","link":"https:\/\/nordicmart.andreevmaster.com\/fi\/tuote\/vasagle-seinahylly-hyllylauta-kelluva-hylly\/","title":{"rendered":"VASAGLE sein\u00e4hylly, hyllylauta, kelluva hylly"},"content":{"rendered":"<p>Hylly, hyllylevy, 20 x 80 x 3,8 cm, sein\u00e4hylly valokuvakehyksille, koristeille, hylly olohuoneeseen, ty\u00f6huoneeseen, keitti\u00f6\u00f6n<br \/>\nTekniset tiedot:<br \/>\n&#8211; Koko: 20 x 80 x 3,8 cm (S x L x K)<br \/>\n&#8211; Paino: 2,3 kg<br \/>\n&#8211; V\u00e4ri: valkoinen<br \/>\n&#8211; Materiaali: MDF (keskitihe\u00e4 kuitulevy), ter\u00e4s<br \/>\n&#8211; Maks. staattinen kantavuus: 10 kg<\/p>\n","protected":false},"excerpt":{"rendered":"<p>Hylly, hyllylevy, 20 x 80 x 3,8 cm, sein\u00e4hylly valokuvakehyksille, koristeille, hylly olohuoneeseen, ty\u00f6huoneeseen, keitti\u00f6\u00f6n<\/p>\n","protected":false},"featured_media":44397,"comment_status":"open","ping_status":"closed","template":"","meta":[],"product_brand":[],"product_cat":[32],"product_tag":[],"class_list":{"0":"post-35862","1":"product","2":"type-product","3":"status-publish","4":"has-post-thumbnail","6":"product_cat-uncategorized-fi","8":"first","9":"instock","10":"shipping-taxable","11":"purchasable","12":"product-type-simple"},"_links":{"self":[{"href":"https:\/\/nordicmart.andreevmaster.com\/fi\/wp-json\/wp\/v2\/product\/35862","targetHints":{"allow":["GET"]}}],"collection":[{"href":"https:\/\/nordicmart.andreevmaster.com\/fi\/wp-json\/wp\/v2\/product"}],"about":[{"href":"https:\/\/nordicmart.andreevmaster.com\/fi\/wp-json\/wp\/v2\/types\/product"}],"replies":[{"embeddable":true,"href":"https:\/\/nordicmart.andreevmaster.com\/fi\/wp-json\/wp\/v2\/comments?post=35862"}],"wp:featuredmedia":[{"embeddable":true,"href":"https:\/\/nordicmart.andreevmaster.com\/fi\/wp-json\/wp\/v2\/media\/44397"}],"wp:attachment":[{"href":"https:\/\/nordicmart.andreevmaster.com\/fi\/wp-json\/wp\/v2\/media?parent=35862"}],"wp:term":[{"taxonomy":"product_brand","embeddable":true,"href":"https:\/\/nordicmart.andreevmaster.com\/fi\/wp-json\/wp\/v2\/product_brand?post=35862"},{"taxonomy":"product_cat","embeddable":true,"href":"https:\/\/nordicmart.andreevmaster.com\/fi\/wp-json\/wp\/v2\/product_cat?post=35862"},{"taxonomy":"product_tag","embeddable":true,"href":"https:\/\/nordicmart.andreevmaster.com\/fi\/wp-json\/wp\/v2\/product_tag?post=35862"}],"curies":[{"name":"wp","href":"https:\/\/api.w.org\/{rel}","templated":true}]}}