{"id":35861,"date":"2026-02-27T00:31:56","date_gmt":"2026-02-27T00:31:56","guid":{"rendered":"https:\/\/nordicmart.andreevmaster.com\/product\/songmics-suorakulmaiset-seinahyllyt-3-kpl-valkoinen\/"},"modified":"2026-02-27T09:50:14","modified_gmt":"2026-02-27T09:50:14","slug":"songmics-suorakulmaiset-seinahyllyt-3-kpl-valkoinen","status":"publish","type":"product","link":"https:\/\/nordicmart.andreevmaster.com\/fi\/tuote\/songmics-suorakulmaiset-seinahyllyt-3-kpl-valkoinen\/","title":{"rendered":"SONGMICS suorakulmaiset sein\u00e4hyllyt, 3 kpl, valkoinen"},"content":{"rendered":"<p>SONGMICS-hyllyset koostuu MDF-levyist\u00e4, jotka on valmistettu p\u00e4\u00e4st\u00f6luokan E1 mukaisesti. Se on kosteudenkest\u00e4v\u00e4, ei v\u00e4\u00e4nny helposti ja kest\u00e4\u00e4 suuria kuormia. Asetamme korkeat vaatimukset jokaiselle ty\u00f6vaiheelle: huolellisen hionnan\/tasoituksen j\u00e4lkeen lakkaus tehd\u00e4\u00e4n huolellisesti k\u00e4sin useita kertoja, jolloin v\u00e4ri on kest\u00e4v\u00e4, tasainen ja kiilt\u00e4v\u00e4. Uudistuneella muotoilullaan ja modernilla tyylill\u00e4\u00e4n SONGMICS hyllykk\u00f6setti on ihanteellinen s\u00e4ilytyspaikka kirjoille, CD-levyille ja muille pienille esineille. Tuotetiedot:  &#8211; V\u00e4ri: valkoinen &#8211; Ulkomitat (L x K x S): 44 x 24,5 x 10 cm (iso hylly); 39 x 19,5 x 10 cm (keskikokoinen hylly); 34 x 14,5 x 10 cm (pieni hylly) &#8211; Sis\u00e4mitat (L x K x S): 40,5 x 21 x 10 cm (iso hylly); 35,5 x 16 x 10 cm (keskikokoinen hylly); 30,5 x 11 x 10 cm (L x K x S) &#8211; Materiaali: MDF-levyt Toimitus sis\u00e4lt\u00e4\u00e4:  &#8211; 1x hyllykk\u00f6setti, 3-osainen &#8211; 1x sarja ruuveja (6x) ja tulppia (6x) SONGMICS Huomautukset:  &#8211; Asennukseen tarvitset porakoneen, vesivaa&#8217;an ja puukirveen . &#8211; V\u00e4lt\u00e4 iskuja kiinnityksen aikana. &#8211; Kiinnit\u00e4 t\u00e4m\u00e4 tuote betoni-, kevytbetoni- tai tiilisein\u00e4\u00e4n. Jos haluat kiinnitt\u00e4\u00e4 sen kipsilevyyn, sinun on hankittava ensin sopivat ruuvit erikoisliikkeest\u00e4.<\/p>\n","protected":false},"excerpt":{"rendered":"<p>SONGMICS sein\u00e4hylly, 3 kpl:n sarja, kuutiohylly, kelluva hylly, kuutiohylly, kantavuus enint\u00e4\u00e4n 15 kg, pituus 44 cm 39 cm 34 cm, valkoinen LWS97W<\/p>\n","protected":false},"featured_media":44396,"comment_status":"open","ping_status":"closed","template":"","meta":[],"product_brand":[],"product_cat":[32],"product_tag":[],"class_list":{"0":"post-35861","1":"product","2":"type-product","3":"status-publish","4":"has-post-thumbnail","6":"product_cat-uncategorized-fi","8":"first","9":"instock","10":"shipping-taxable","11":"purchasable","12":"product-type-simple"},"_links":{"self":[{"href":"https:\/\/nordicmart.andreevmaster.com\/fi\/wp-json\/wp\/v2\/product\/35861","targetHints":{"allow":["GET"]}}],"collection":[{"href":"https:\/\/nordicmart.andreevmaster.com\/fi\/wp-json\/wp\/v2\/product"}],"about":[{"href":"https:\/\/nordicmart.andreevmaster.com\/fi\/wp-json\/wp\/v2\/types\/product"}],"replies":[{"embeddable":true,"href":"https:\/\/nordicmart.andreevmaster.com\/fi\/wp-json\/wp\/v2\/comments?post=35861"}],"wp:featuredmedia":[{"embeddable":true,"href":"https:\/\/nordicmart.andreevmaster.com\/fi\/wp-json\/wp\/v2\/media\/44396"}],"wp:attachment":[{"href":"https:\/\/nordicmart.andreevmaster.com\/fi\/wp-json\/wp\/v2\/media?parent=35861"}],"wp:term":[{"taxonomy":"product_brand","embeddable":true,"href":"https:\/\/nordicmart.andreevmaster.com\/fi\/wp-json\/wp\/v2\/product_brand?post=35861"},{"taxonomy":"product_cat","embeddable":true,"href":"https:\/\/nordicmart.andreevmaster.com\/fi\/wp-json\/wp\/v2\/product_cat?post=35861"},{"taxonomy":"product_tag","embeddable":true,"href":"https:\/\/nordicmart.andreevmaster.com\/fi\/wp-json\/wp\/v2\/product_tag?post=35861"}],"curies":[{"name":"wp","href":"https:\/\/api.w.org\/{rel}","templated":true}]}}