{"id":35860,"date":"2026-02-27T00:31:55","date_gmt":"2026-02-27T00:31:55","guid":{"rendered":"https:\/\/nordicmart.andreevmaster.com\/product\/songmics-seinahyllyt-3-kpl-valkoinen\/"},"modified":"2026-02-27T09:50:13","modified_gmt":"2026-02-27T09:50:13","slug":"songmics-seinahyllyt-3-kpl-valkoinen","status":"publish","type":"product","link":"https:\/\/nordicmart.andreevmaster.com\/fi\/tuote\/songmics-seinahyllyt-3-kpl-valkoinen\/","title":{"rendered":"SONGMICS sein\u00e4hyllyt, 3 kpl, valkoinen"},"content":{"rendered":"<p>Enemm\u00e4n s\u00e4ilytystilaa, enemm\u00e4n eleganssia: hanki n\u00e4m\u00e4 3 sein\u00e4hylly\u00e4 (pituus 40, 50, 60 cm ja syvyys 15 cm), joissa yhdistyv\u00e4t hyllyn yksinkertainen mattavalkoinen v\u00e4ri ja rautalankojen kiilto, tuomaan ripaus eleganssia kotiisi ja luomaan samalla lis\u00e4\u00e4 s\u00e4ilytystilaa. \u00c4l\u00e4 huoli, ne eiv\u00e4t varasta huomiota koriste-esineilt\u00e4si, vaan korostavat niit\u00e4 tyylikk\u00e4\u00e4sti. Huoneesi vaativat tietty\u00e4 laatua: korkealaatuisista MDF-levyist\u00e4 (E1-luokka) ja kest\u00e4vist\u00e4 metallilangoista valmistetut hyllyt ovat kest\u00e4vi\u00e4, joten voit nauttia niist\u00e4 monien vuosien ajan. Lis\u00e4ksi ne on helppo integroida mihin tahansa, esimerkiksi olohuoneeseen, ty\u00f6huoneeseen tai eteiseen. Vihdoin kuvakehyksesi, matkamuistosi, toimistotarvikkeesi tai muut koriste-esineesi l\u00f6yt\u00e4v\u00e4t sopivan paikan! Etsitk\u00f6 kest\u00e4v\u00e4\u00e4 ja tyylik\u00e4st\u00e4 sein\u00e4hylly\u00e4? Sitten t\u00e4m\u00e4 SONGMICS-tuote on juuri sinulle sopiva! Tuotetiedot: V\u00e4ri: valkoinen Materiaali: MDF (keskitihe\u00e4 kuitulevy), rautalanka Kokonaismitat: 40\/50\/60 x 15 x 16 cm (P x L x K) Paino: 2,8 kg Maks. staattinen kantavuus hylly\u00e4 kohti: 15 kg Toimitus sis\u00e4lt\u00e4\u00e4: 3 x sein\u00e4hylly 1 x pussi tarvikkeita 1 x ohjeet (DE, EN, FR, ES, IT)<\/p>\n","protected":false},"excerpt":{"rendered":"<p>SONGMICS sein\u00e4hylly, 3 kpl:n sarja, kelluva hylly, koristeelliset hyllyt, makuuhuoneeseen, olohuoneeseen, keitti\u00f6\u00f6n ja eteiseen, kunkin hyllyn kantavuus 15 kg, eri pituudet 40, 50, 60 cm, valkoinen LWS68WT<\/p>\n","protected":false},"featured_media":0,"comment_status":"open","ping_status":"closed","template":"","meta":[],"product_brand":[],"product_cat":[32],"product_tag":[],"class_list":{"0":"post-35860","1":"product","2":"type-product","3":"status-publish","5":"product_cat-uncategorized-fi","7":"first","8":"instock","9":"shipping-taxable","10":"purchasable","11":"product-type-simple"},"_links":{"self":[{"href":"https:\/\/nordicmart.andreevmaster.com\/fi\/wp-json\/wp\/v2\/product\/35860","targetHints":{"allow":["GET"]}}],"collection":[{"href":"https:\/\/nordicmart.andreevmaster.com\/fi\/wp-json\/wp\/v2\/product"}],"about":[{"href":"https:\/\/nordicmart.andreevmaster.com\/fi\/wp-json\/wp\/v2\/types\/product"}],"replies":[{"embeddable":true,"href":"https:\/\/nordicmart.andreevmaster.com\/fi\/wp-json\/wp\/v2\/comments?post=35860"}],"wp:attachment":[{"href":"https:\/\/nordicmart.andreevmaster.com\/fi\/wp-json\/wp\/v2\/media?parent=35860"}],"wp:term":[{"taxonomy":"product_brand","embeddable":true,"href":"https:\/\/nordicmart.andreevmaster.com\/fi\/wp-json\/wp\/v2\/product_brand?post=35860"},{"taxonomy":"product_cat","embeddable":true,"href":"https:\/\/nordicmart.andreevmaster.com\/fi\/wp-json\/wp\/v2\/product_cat?post=35860"},{"taxonomy":"product_tag","embeddable":true,"href":"https:\/\/nordicmart.andreevmaster.com\/fi\/wp-json\/wp\/v2\/product_tag?post=35860"}],"curies":[{"name":"wp","href":"https:\/\/api.w.org\/{rel}","templated":true}]}}