{"id":35859,"date":"2026-02-27T00:31:55","date_gmt":"2026-02-27T00:31:55","guid":{"rendered":"https:\/\/nordicmart.andreevmaster.com\/product\/songmics-aaltomaiset-seinahyllyt-2-kpl-valkoiset\/"},"modified":"2026-02-27T09:50:13","modified_gmt":"2026-02-27T09:50:13","slug":"songmics-aaltomaiset-seinahyllyt-2-kpl-valkoiset","status":"publish","type":"product","link":"https:\/\/nordicmart.andreevmaster.com\/fi\/tuote\/songmics-aaltomaiset-seinahyllyt-2-kpl-valkoiset\/","title":{"rendered":"SONGMICS Aaltomaiset sein\u00e4hyllyt, 2 kpl, valkoiset"},"content":{"rendered":"<p>T\u00e4m\u00e4 k\u00e4yt\u00e4nn\u00f6llinen siksak-hylly sopii erinomaisesti jokaiseen kotiin! Songmics-sein\u00e4hylly on valmistettu MDF-levyist\u00e4, jotka on testattu E1-standardin mukaisesti. Se on kosteudenkest\u00e4v\u00e4, ei v\u00e4\u00e4nny helposti ja kest\u00e4\u00e4 suuria kuormia. Helppo asentaa integroidun sein\u00e4kiinnikkeen ansiosta. Yksinkertainen muoto ja n\u00e4kym\u00e4t\u00f6n ripustusj\u00e4rjestelm\u00e4 antavat hyllylle tyylikk\u00e4\u00e4n ilmeen. Minimalistisen ulkon\u00e4\u00f6ns\u00e4 ja modernin tyylins\u00e4 ansiosta hyllykk\u00f6setti on ihanteellinen s\u00e4ilytystila kirjoille, CD-levyille ja muille pienille tavaroille. T\u00e4m\u00e4 trendik\u00e4s 2-osainen hyllykk\u00f6setti tyylikk\u00e4\u00e4ss\u00e4 retrotyyliss\u00e4 on todellinen katseenvangitsija! Tuotetiedot:  &#8211; Materiaali: MDF-levyt (luokka E1) Mitat:  &#8211; Malli 1: (vaakasuora) 71,5 x 13,8 x 15 (L x K x S) &#8211; Malli 2: (portaikkohylly) 50 x 50 x 15 (L x K x S) Toimitus sis\u00e4lt\u00e4\u00e4:  &#8211; 1 x sein\u00e4hyllyset (2 hylly\u00e4) &#8211; 1 x ruuvit (4 kpl) ja tulpat (4 kpl) asennusta varten &#8211; 1 x ohjeet (DE, FR, EN, IT, ES) <\/p>\n","protected":false},"excerpt":{"rendered":"<p>SONGMICS sein\u00e4hylly, 2 kpl:n sarja, kuutiohylly, kirjahylly, CD-hylly, lastenhuone, 71,5 cm, valkoinen LWS67W<\/p>\n","protected":false},"featured_media":44395,"comment_status":"open","ping_status":"closed","template":"","meta":[],"product_brand":[],"product_cat":[32],"product_tag":[],"class_list":{"0":"post-35859","1":"product","2":"type-product","3":"status-publish","4":"has-post-thumbnail","6":"product_cat-uncategorized-fi","8":"first","9":"instock","10":"shipping-taxable","11":"purchasable","12":"product-type-simple"},"_links":{"self":[{"href":"https:\/\/nordicmart.andreevmaster.com\/fi\/wp-json\/wp\/v2\/product\/35859","targetHints":{"allow":["GET"]}}],"collection":[{"href":"https:\/\/nordicmart.andreevmaster.com\/fi\/wp-json\/wp\/v2\/product"}],"about":[{"href":"https:\/\/nordicmart.andreevmaster.com\/fi\/wp-json\/wp\/v2\/types\/product"}],"replies":[{"embeddable":true,"href":"https:\/\/nordicmart.andreevmaster.com\/fi\/wp-json\/wp\/v2\/comments?post=35859"}],"wp:featuredmedia":[{"embeddable":true,"href":"https:\/\/nordicmart.andreevmaster.com\/fi\/wp-json\/wp\/v2\/media\/44395"}],"wp:attachment":[{"href":"https:\/\/nordicmart.andreevmaster.com\/fi\/wp-json\/wp\/v2\/media?parent=35859"}],"wp:term":[{"taxonomy":"product_brand","embeddable":true,"href":"https:\/\/nordicmart.andreevmaster.com\/fi\/wp-json\/wp\/v2\/product_brand?post=35859"},{"taxonomy":"product_cat","embeddable":true,"href":"https:\/\/nordicmart.andreevmaster.com\/fi\/wp-json\/wp\/v2\/product_cat?post=35859"},{"taxonomy":"product_tag","embeddable":true,"href":"https:\/\/nordicmart.andreevmaster.com\/fi\/wp-json\/wp\/v2\/product_tag?post=35859"}],"curies":[{"name":"wp","href":"https:\/\/api.w.org\/{rel}","templated":true}]}}