{"id":35857,"date":"2026-02-27T00:31:54","date_gmt":"2026-02-27T00:31:54","guid":{"rendered":"https:\/\/nordicmart.andreevmaster.com\/product\/songmics-u-muotoiset-seinahyllyt-3-kpln-sarja-harmaa\/"},"modified":"2026-02-27T09:50:12","modified_gmt":"2026-02-27T09:50:12","slug":"songmics-u-muotoiset-seinahyllyt-3-kpln-sarja-harmaa","status":"publish","type":"product","link":"https:\/\/nordicmart.andreevmaster.com\/fi\/tuote\/songmics-u-muotoiset-seinahyllyt-3-kpln-sarja-harmaa\/","title":{"rendered":"SONGMICS U-muotoiset sein\u00e4hyllyt, 3 kpl:n sarja, harmaa"},"content":{"rendered":"<p>Ovatko tyhj\u00e4t sein\u00e4t kotonasi liian tyls\u00e4t? Eik\u00f6 sinulla ole tarpeeksi s\u00e4ilytystilaa lattialla? T\u00e4ss\u00e4 tulee apuun 3 sein\u00e4hyllyn sarja! Tukevat hyllyt kaikkiin tilanteisiin Hanki n\u00e4m\u00e4 korkealaatuisesta puukuitulevyst\u00e4 valmistetut hyllyt ja hy\u00f6dynn\u00e4 tyhj\u00e4t sein\u00e4t tehokkaasti. Kaikki huoneet kotonasi tulevat tarvitsemaan n\u00e4it\u00e4 k\u00e4yt\u00e4nn\u00f6llisi\u00e4 hyllyj\u00e4, sill\u00e4 ne ovat kest\u00e4vi\u00e4 eiv\u00e4tk\u00e4 muutu muodoltaan pitk\u00e4n k\u00e4yt\u00f6n j\u00e4lkeen. Pienten kasvien sijoittamiseen olohuoneeseen, kirjojen s\u00e4ilytt\u00e4miseen makuuhuoneessa tai mausteiden s\u00e4ilytt\u00e4miseen keitti\u00f6ss\u00e4 \u2013 n\u00e4m\u00e4 hyllyt sopivat moniin eri tarkoituksiin. Yl\u00f6salaisin vai perinteisesti? Voit kiinnitt\u00e4\u00e4 n\u00e4m\u00e4 hyllyt sein\u00e4\u00e4n n\u00e4kym\u00e4tt\u00f6mill\u00e4 metallikiinnikkeill\u00e4. Kaksi hylly\u00e4 p\u00e4\u00e4llekk\u00e4in tai osa yl\u00f6salaisin ja osa perinteisesti yl\u00f6sp\u00e4in&#8230; Yhdistele n\u00e4it\u00e4 hyllyj\u00e4 yksil\u00f6llisesti luodaksesi ainutlaatuisia muotoja. Katso esimerkki-kuviamme inspiraation saamiseksi! Tuotetiedot: &#8211; V\u00e4ri: harmaa &#8211; Materiaali: E1-luokan MDF-levyt &#8211; Pienen hyllyn mitat: 30 x 15 x 10 cm (P x L x K) &#8211; Keskikokoisen hyllyn mitat: 45 x 15 x 10 cm (P x L x K) &#8211; Suuren hyllyn mitat: 60 x 15 x 10 cm (P x L x K) &#8211; Hyllyn enimm\u00e4iskuormitus: 15 kg &#8211; Kokonaispaino: 3,65 kg Toimitus sis\u00e4lt\u00e4\u00e4: &#8211; 3 x sein\u00e4hylly &#8211; 1 x lis\u00e4varustepussi &#8211; 1 x ohjeet (DE, EN, FR, IT, ES) SONGMICS Huomautukset: &#8211; Hyllyjen asennukseen tarvitaan ruuvimeisseli, vesivaaka, s\u00e4hk\u00f6porakone ja vasara. &#8211; Asenna tuote massiivisiin betoni- tai tiiliseiniin<\/p>\n","protected":false},"excerpt":{"rendered":"<p>SONGMICS sein\u00e4hylly 3 kpl:n sarja, leijuvat hyllyt, MDF-puu, syvyys 15 cm, 60\/45\/30 cm, valkoinen U-muotoinen sein\u00e4hylly LWS66W<\/p>\n","protected":false},"featured_media":44393,"comment_status":"open","ping_status":"closed","template":"","meta":[],"product_brand":[],"product_cat":[32],"product_tag":[],"class_list":{"0":"post-35857","1":"product","2":"type-product","3":"status-publish","4":"has-post-thumbnail","6":"product_cat-uncategorized-fi","8":"first","9":"instock","10":"shipping-taxable","11":"purchasable","12":"product-type-simple"},"_links":{"self":[{"href":"https:\/\/nordicmart.andreevmaster.com\/fi\/wp-json\/wp\/v2\/product\/35857","targetHints":{"allow":["GET"]}}],"collection":[{"href":"https:\/\/nordicmart.andreevmaster.com\/fi\/wp-json\/wp\/v2\/product"}],"about":[{"href":"https:\/\/nordicmart.andreevmaster.com\/fi\/wp-json\/wp\/v2\/types\/product"}],"replies":[{"embeddable":true,"href":"https:\/\/nordicmart.andreevmaster.com\/fi\/wp-json\/wp\/v2\/comments?post=35857"}],"wp:featuredmedia":[{"embeddable":true,"href":"https:\/\/nordicmart.andreevmaster.com\/fi\/wp-json\/wp\/v2\/media\/44393"}],"wp:attachment":[{"href":"https:\/\/nordicmart.andreevmaster.com\/fi\/wp-json\/wp\/v2\/media?parent=35857"}],"wp:term":[{"taxonomy":"product_brand","embeddable":true,"href":"https:\/\/nordicmart.andreevmaster.com\/fi\/wp-json\/wp\/v2\/product_brand?post=35857"},{"taxonomy":"product_cat","embeddable":true,"href":"https:\/\/nordicmart.andreevmaster.com\/fi\/wp-json\/wp\/v2\/product_cat?post=35857"},{"taxonomy":"product_tag","embeddable":true,"href":"https:\/\/nordicmart.andreevmaster.com\/fi\/wp-json\/wp\/v2\/product_tag?post=35857"}],"curies":[{"name":"wp","href":"https:\/\/api.w.org\/{rel}","templated":true}]}}